{"id":995,"date":"2025-06-03T11:40:07","date_gmt":"2025-06-03T10:40:07","guid":{"rendered":"https:\/\/aveirocityrace2023.ori-estarreja.pt\/?page_id=995"},"modified":"2025-06-03T11:40:07","modified_gmt":"2025-06-03T10:40:07","slug":"escaloes","status":"publish","type":"page","link":"https:\/\/eventos.ori-estarreja.pt\/aveirocityrace2025\/escaloes\/","title":{"rendered":"Escal\u00f5es"},"content":{"rendered":"\n<div style=\"height:40px\" aria-hidden=\"true\" class=\"wp-block-spacer\"><\/div>\n\n\n\n<p>De notar que os <strong>Escal\u00f5es de Competi\u00e7\u00e3o das etapas Sprint da Vila Nova e Sprint de Santiago s\u00e3o por Escal\u00e3o Et\u00e1rio<\/strong> (os definidos para as provas da TP Sprint)e os <strong>Escal\u00f5es de Competi\u00e7\u00e3o da etapa Aveiro Sunset City Race s\u00e3o por Categorias<\/strong> (as definidas para o circuito Portugal City Race).<\/p>\n\n\n\n<p><\/p>\n\n\n\n<p>Em todas as etapas, os Escal\u00f5es Abertos s\u00e3o o Branco (exceto no City Race), o Verde &#8211; Open Curto, Amarelo &#8211; Open M\u00e9dio e Vermelho . Open Longo.<\/p>\n\n\n\n<div style=\"height:10px\" aria-hidden=\"true\" class=\"wp-block-spacer\"><\/div>\n\n\n\n<table id=\"tablepress-23\" class=\"tablepress tablepress-id-23\">\n<thead>\n<tr class=\"row-1\">\n\t<th class=\"column-1\"><strong>SPRINT DA VILA NOVA E SPRINT DE SANTIAGO - Escal\u00e3o<\/strong><\/th><th class=\"column-2\"><strong>Idade a 31 de Dezembro de 2025<\/strong><\/th>\n<\/tr>\n<\/thead>\n<tbody class=\"row-striping row-hover\">\n<tr class=\"row-2\">\n\t<td class=\"column-1\">T10<\/td><td class=\"column-2\">Idade <= 10 anos<\/td>\n<\/tr>\n<tr class=\"row-3\">\n\t<td class=\"column-1\">D\/H12<\/td><td class=\"column-2\">Idade <= 12 anos<\/td>\n<\/tr>\n<tr class=\"row-4\">\n\t<td class=\"column-1\">D\/H14<\/td><td class=\"column-2\">Idade <= 14 anos<\/td>\n<\/tr>\n<tr class=\"row-5\">\n\t<td class=\"column-1\">D\/H16<\/td><td class=\"column-2\">Idade <= 16 anos<\/td>\n<\/tr>\n<tr class=\"row-6\">\n\t<td class=\"column-1\">D\/H18<\/td><td class=\"column-2\">Idade <= 18 anos<\/td>\n<\/tr>\n<tr class=\"row-7\">\n\t<td class=\"column-1\">D\/H20<\/td><td class=\"column-2\">Idade <= 20 anos<\/td>\n<\/tr>\n<tr class=\"row-8\">\n\t<td class=\"column-1\">D\/H21E<\/td><td class=\"column-2\">21 <= Idade<\/td>\n<\/tr>\n<tr class=\"row-9\">\n\t<td class=\"column-1\">D\/H21A<\/td><td class=\"column-2\">21 <= Idade<\/td>\n<\/tr>\n<tr class=\"row-10\">\n\t<td class=\"column-1\">D\/H21B<\/td><td class=\"column-2\">18 <= Idade<\/td>\n<\/tr>\n<tr class=\"row-11\">\n\t<td class=\"column-1\">D\/H35<\/td><td class=\"column-2\">35 <= Idade<\/td>\n<\/tr>\n<tr class=\"row-12\">\n\t<td class=\"column-1\">D\/H40<\/td><td class=\"column-2\">40 <= Idade<\/td>\n<\/tr>\n<tr class=\"row-13\">\n\t<td class=\"column-1\">D\/H45<\/td><td class=\"column-2\">45 <= Idade<\/td>\n<\/tr>\n<tr class=\"row-14\">\n\t<td class=\"column-1\">D\/H50<\/td><td class=\"column-2\">50 <= Idade<\/td>\n<\/tr>\n<tr class=\"row-15\">\n\t<td class=\"column-1\">D\/H55<\/td><td class=\"column-2\">55 <= Idade<\/td>\n<\/tr>\n<tr class=\"row-16\">\n\t<td class=\"column-1\">D\/H60<\/td><td class=\"column-2\">60 <= Idade<\/td>\n<\/tr>\n<tr class=\"row-17\">\n\t<td class=\"column-1\">D\/H65<\/td><td class=\"column-2\">65 <= Idade<\/td>\n<\/tr>\n<tr class=\"row-18\">\n\t<td class=\"column-1\">D\/H70<\/td><td class=\"column-2\">70 <= Idade<\/td>\n<\/tr>\n<tr class=\"row-19\">\n\t<td class=\"column-1\">H75<\/td><td class=\"column-2\">75 <= Idade<\/td>\n<\/tr>\n<tr class=\"row-20\">\n\t<td class=\"column-1\">H80<\/td><td class=\"column-2\">80 <= Idade<\/td>\n<\/tr>\n<\/tbody>\n<\/table>\n<!-- #tablepress-23 from cache -->\n\n\n\n<div style=\"height:10px\" aria-hidden=\"true\" class=\"wp-block-spacer\"><\/div>\n\n\n\n<p>Nas etapas Sprint da Vila Nova e Sprint de Santiago, os Escal\u00f5es T10 e D\/H10 s\u00e3o considerados de Forma\u00e7\u00e3o. Os menores de 10 anos devem ser acompanhados por um adulto, \u00e0 dist\u00e2ncia, que participa a t\u00edtulo gratuito, e ter\u00e1 um mapa extra dispon\u00edvel para a realiza\u00e7\u00e3o do percurso com a crian\u00e7a.<\/p>\n\n\n\n<table id=\"tablepress-21\" class=\"tablepress tablepress-id-21\">\n<thead>\n<tr class=\"row-1\">\n\t<th colspan=\"2\" class=\"column-1\">AVEIRO SUNSET CITY RACE - Escal\u00f5es de Competi\u00e7\u00e3o e Forma\u00e7\u00e3o (Individual)<\/th>\n<\/tr>\n<\/thead>\n<tbody class=\"row-striping row-hover\">\n<tr class=\"row-2\">\n\t<td class=\"column-1\"><strong>Escal\u00e3o<\/strong><\/td><td class=\"column-2\"><strong>Idade a 31 de Dezembro de 2025<\/strong><\/td>\n<\/tr>\n<tr class=\"row-3\">\n\t<td class=\"column-1\">Forma\u00e7\u00e3o<\/td><td class=\"column-2\">Idade <= 12 anos<\/td>\n<\/tr>\n<tr class=\"row-4\">\n\t<td class=\"column-1\">Juvenis Masc e Fem<\/td><td class=\"column-2\">Idade <= 16 anos<\/td>\n<\/tr>\n<tr class=\"row-5\">\n\t<td class=\"column-1\">Juniores Masc e Fem<\/td><td class=\"column-2\">16 < Idade <= 20 anos<\/td>\n<\/tr>\n<tr class=\"row-6\">\n\t<td class=\"column-1\">Seniores Masc e Fem<\/td><td class=\"column-2\">20 < Idade <= 39 anos<\/td>\n<\/tr>\n<tr class=\"row-7\">\n\t<td class=\"column-1\">Veteranos I Masc e Fem<\/td><td class=\"column-2\">40 <= Idade <= 54<\/td>\n<\/tr>\n<tr class=\"row-8\">\n\t<td class=\"column-1\">Veteranos II Masc e Fem<\/td><td class=\"column-2\">55 <= Idade <= 64<\/td>\n<\/tr>\n<tr class=\"row-9\">\n\t<td class=\"column-1\">Veteranos III Masc e Fem<\/td><td class=\"column-2\">65 <= Idade <= 74<\/td>\n<\/tr>\n<tr class=\"row-10\">\n\t<td class=\"column-1\">Veteranos IV Masc e Fem<\/td><td class=\"column-2\">75 <= Idade<\/td>\n<\/tr>\n<\/tbody>\n<\/table>\n<!-- #tablepress-21 from cache -->\n\n\n\n<p>O Escal\u00e3o Forma\u00e7\u00e3o \u00e9 indicado para a participa\u00e7\u00e3o de atletas at\u00e9 aos 12 anos. Os menores de 10 anos s\u00e3o acompanhados por um adulto, que participa a t\u00edtulo gratuito,  \u00e0 dist\u00e2ncia, e ter\u00e1 um mapa extra dispon\u00edvel para a realiza\u00e7\u00e3o do percurso com a crian\u00e7a.<\/p>\n\n\n\n<div style=\"height:10px\" aria-hidden=\"true\" class=\"wp-block-spacer\"><\/div>\n\n\n\n<table id=\"tablepress-22\" class=\"tablepress tablepress-id-22 tbody-has-connected-cells\">\n<thead>\n<tr class=\"row-1\">\n\t<th colspan=\"2\" class=\"column-1\">AVEIRO SUNSET CITY RACE E SPRINTS - Escal\u00f5es Abertos (Invididual ou em Grupo)<\/th>\n<\/tr>\n<\/thead>\n<tbody class=\"row-striping row-hover\">\n<tr class=\"row-2\">\n\t<td class=\"column-1\"><strong>Escal\u00e3o<\/strong><\/td><td class=\"column-2\"><strong>Idade a 31 de Dezembro de 2025<\/strong><\/td>\n<\/tr>\n<tr class=\"row-3\">\n\t<td class=\"column-1\">Branco - Curto  (Nota *)<\/td><td class=\"column-2\">Todas as idades, individual ou grupos<\/td>\n<\/tr>\n<tr class=\"row-4\">\n\t<td class=\"column-1\">Verde - Curto<\/td><td class=\"column-2\">Todas as idades, individual ou grupos<\/td>\n<\/tr>\n<tr class=\"row-5\">\n\t<td class=\"column-1\">Amarelo - M\u00e9dio<\/td><td class=\"column-2\">Todas as idades, individual ou grupos<\/td>\n<\/tr>\n<tr class=\"row-6\">\n\t<td class=\"column-1\">Vermelho - Longo<\/td><td class=\"column-2\">Todas as idades, individual ou grupos<\/td>\n<\/tr>\n<tr class=\"row-7\">\n\t<td colspan=\"2\" class=\"column-1\">Nota *: Na etapa City Race, n\u00e3o haver\u00e1 Percurso Branco.<\/td>\n<\/tr>\n<\/tbody>\n<\/table>\n<!-- #tablepress-22 from cache -->\n","protected":false},"excerpt":{"rendered":"<p>De notar que os Escal\u00f5es de Competi\u00e7\u00e3o das etapas Sprint da Vila Nova e Sprint de Santiago s\u00e3o por Escal\u00e3o Et\u00e1rio (os definidos para as provas da TP Sprint)e os Escal\u00f5es de Competi\u00e7\u00e3o da etapa Aveiro Sunset City Race s\u00e3o por Categorias (as definidas para o circuito Portugal City Race). Em todas as etapas, os&hellip;<\/p>\n","protected":false},"author":1,"featured_media":1399,"parent":0,"menu_order":0,"comment_status":"closed","ping_status":"closed","template":"","meta":{"footnotes":""},"class_list":["post-995","page","type-page","status-publish","has-post-thumbnail","hentry"],"_links":{"self":[{"href":"https:\/\/eventos.ori-estarreja.pt\/aveirocityrace2025\/wp-json\/wp\/v2\/pages\/995","targetHints":{"allow":["GET"]}}],"collection":[{"href":"https:\/\/eventos.ori-estarreja.pt\/aveirocityrace2025\/wp-json\/wp\/v2\/pages"}],"about":[{"href":"https:\/\/eventos.ori-estarreja.pt\/aveirocityrace2025\/wp-json\/wp\/v2\/types\/page"}],"author":[{"embeddable":true,"href":"https:\/\/eventos.ori-estarreja.pt\/aveirocityrace2025\/wp-json\/wp\/v2\/users\/1"}],"replies":[{"embeddable":true,"href":"https:\/\/eventos.ori-estarreja.pt\/aveirocityrace2025\/wp-json\/wp\/v2\/comments?post=995"}],"version-history":[{"count":3,"href":"https:\/\/eventos.ori-estarreja.pt\/aveirocityrace2025\/wp-json\/wp\/v2\/pages\/995\/revisions"}],"predecessor-version":[{"id":1406,"href":"https:\/\/eventos.ori-estarreja.pt\/aveirocityrace2025\/wp-json\/wp\/v2\/pages\/995\/revisions\/1406"}],"wp:featuredmedia":[{"embeddable":true,"href":"https:\/\/eventos.ori-estarreja.pt\/aveirocityrace2025\/wp-json\/wp\/v2\/media\/1399"}],"wp:attachment":[{"href":"https:\/\/eventos.ori-estarreja.pt\/aveirocityrace2025\/wp-json\/wp\/v2\/media?parent=995"}],"curies":[{"name":"wp","href":"https:\/\/api.w.org\/{rel}","templated":true}]}}