{"id":1588,"date":"2025-07-05T02:00:02","date_gmt":"2025-07-05T01:00:02","guid":{"rendered":"https:\/\/eventos.ori-estarreja.pt\/aveirocityrace2025\/?page_id=1588"},"modified":"2025-07-10T17:44:34","modified_gmt":"2025-07-10T16:44:34","slug":"live-center-by-tic-tac-timing","status":"publish","type":"page","link":"https:\/\/eventos.ori-estarreja.pt\/aveirocityrace2025\/live-center-by-tic-tac-timing\/","title":{"rendered":"Live Center by TIC TAC TIMING"},"content":{"rendered":"\n<div style=\"height:30px\" aria-hidden=\"true\" class=\"wp-block-spacer\"><\/div>\n\n\n<div class=\"wp-block-image\">\n<figure class=\"aligncenter size-full\"><img loading=\"lazy\" decoding=\"async\" width=\"249\" height=\"200\" src=\"https:\/\/eventos.ori-estarreja.pt\/aveirocityrace2025\/wp-content\/uploads\/sites\/6\/2025\/06\/Logo-ACR2025-Destaque.png\" alt=\"\" class=\"wp-image-1399\"\/><\/figure><\/div>\n\n\n<div style=\"height:30px\" aria-hidden=\"true\" class=\"wp-block-spacer\"><\/div>\n\n\n\n<h2 class=\"wp-block-heading\">Resultados<\/h2>\n\n\n\n<figure class=\"wp-block-table\"><table class=\"has-fixed-layout\"><tbody><tr><td class=\"has-text-align-center\" data-align=\"center\"><strong>Sprint da Vila Nova<\/strong><br>(S\u00e1bado, \u00e0s 14h)<\/td><td class=\"has-text-align-center\" data-align=\"center\"><strong>Aveiro Sunset City Race<\/strong><br>(S\u00e1bado, \u00e0s 20h30)<\/td><td class=\"has-text-align-center\" data-align=\"center\"><strong>Sprint de Santiago<\/strong><br>(Domingo, \u00e0s 10h00)<\/td><\/tr><tr><td class=\"has-text-align-center\" data-align=\"center\"><a href=\"https:\/\/www.tictactiming.pt\/eventos\/2025\/0706_AveiroCityRace\/ResultadosE1preliminares.html\" target=\"_blank\" rel=\"noreferrer noopener\">Resultados ao Vivo<\/a><\/td><td class=\"has-text-align-center\" data-align=\"center\"><a href=\"https:\/\/www.tictactiming.pt\/eventos\/2025\/0706_AveiroCityRace\/ResultadosE3preliminares.html\" target=\"_blank\" rel=\"noreferrer noopener\">Resultados ao Vivo<\/a><\/td><td class=\"has-text-align-center\" data-align=\"center\"><a href=\"https:\/\/www.tictactiming.pt\/eventos\/2025\/0706_AveiroCityRace\/ResultadosE2preliminares.html\" target=\"_blank\" rel=\"noreferrer noopener\"><\/a><a href=\"https:\/\/www.tictactiming.pt\/eventos\/2025\/0706_AveiroCityRace\/ResultadosE2preliminares.html\" target=\"_blank\" rel=\"noreferrer noopener\">Resultados ao Vivo<\/a><\/td><\/tr><tr><td class=\"has-text-align-center\" data-align=\"center\"><a href=\"https:\/\/www.tictactiming.pt\/eventos\/2025\/0706_AveiroCityRace\/ResultadosE1.html\" target=\"_blank\" rel=\"noreferrer noopener\">Resultados Oficiais<\/a><\/td><td class=\"has-text-align-center\" data-align=\"center\"><a href=\"https:\/\/www.tictactiming.pt\/eventos\/2025\/0706_AveiroCityRace\/ResultadosE3.html\" target=\"_blank\" rel=\"noreferrer noopener\"><\/a><a href=\"https:\/\/www.tictactiming.pt\/eventos\/2025\/0706_AveiroCityRace\/ResultadosE3.html\" target=\"_blank\" rel=\"noreferrer noopener\">Resultados Oficiais<\/a><\/td><td class=\"has-text-align-center\" data-align=\"center\"><a href=\"https:\/\/www.tictactiming.pt\/eventos\/2025\/0706_AveiroCityRace\/ResultadosE2.html\" target=\"_blank\" rel=\"noreferrer noopener\"><\/a><a href=\"https:\/\/www.tictactiming.pt\/eventos\/2025\/0706_AveiroCityRace\/ResultadosE3.html\" target=\"_blank\" rel=\"noreferrer noopener\"><\/a><a href=\"https:\/\/www.tictactiming.pt\/eventos\/2025\/0706_AveiroCityRace\/ResultadosE2.html\" target=\"_blank\" rel=\"noreferrer noopener\">Resultados Oficiais<\/a><\/td><\/tr><tr><td class=\"has-text-align-center\" data-align=\"center\"><a href=\"https:\/\/www.tictactiming.pt\/eventos\/2025\/0706_AveiroCityRace\/SplitsE1.html\" target=\"_blank\" rel=\"noreferrer noopener\">Parciais<\/a><\/td><td class=\"has-text-align-center\" data-align=\"center\"><a href=\"https:\/\/www.tictactiming.pt\/eventos\/2025\/0706_AveiroCityRace\/SplitsE3.html\" target=\"_blank\" rel=\"noreferrer noopener\">Parciais<\/a><\/td><td class=\"has-text-align-center\" data-align=\"center\"><a href=\"https:\/\/www.tictactiming.pt\/eventos\/2025\/0706_AveiroCityRace\/SplitsE2.html\" target=\"_blank\" rel=\"noreferrer noopener\">Parciais<\/a><\/td><\/tr><tr><td class=\"has-text-align-center\" data-align=\"center\"><\/td><td class=\"has-text-align-center\" data-align=\"center\"><\/td><td class=\"has-text-align-center\" data-align=\"center\"><a href=\"https:\/\/www.tictactiming.pt\/eventos\/2025\/0706_AveiroCityRace\/ResultadosGlobais.html\" target=\"_blank\" rel=\"noreferrer noopener\">Trof\u00e9u Bairros de Aveiro (Individual)<\/a><\/td><\/tr><tr><td class=\"has-text-align-center\" data-align=\"center\"><\/td><td class=\"has-text-align-center\" data-align=\"center\"><\/td><td class=\"has-text-align-center\" data-align=\"center\"><a href=\"https:\/\/www.tictactiming.pt\/eventos\/2025\/0706_AveiroCityRace\/ResultadosClubes.html\" target=\"_blank\" rel=\"noreferrer noopener\">Trof\u00e9u Bairros de Aveiro (Clubes)<\/a><\/td><\/tr><tr><td class=\"has-text-align-center\" data-align=\"center\"><\/td><td class=\"has-text-align-center\" data-align=\"center\"><\/td><td class=\"has-text-align-center\" data-align=\"center\"><a href=\"https:\/\/www.tictactiming.pt\/eventos\/2025\/0706_AveiroCityRace\/ResultadosDoClube.html\" target=\"_blank\" rel=\"noreferrer noopener\">Trof\u00e9u Bairros de Aveiro (O meu Clube)<\/a><\/td><\/tr><\/tbody><\/table><\/figure>\n\n\n\n<div style=\"height:30px\" aria-hidden=\"true\" class=\"wp-block-spacer\"><\/div>\n\n\n\n<p><\/p>\n","protected":false},"excerpt":{"rendered":"<p>Resultados Sprint da Vila Nova(S\u00e1bado, \u00e0s 14h) Aveiro Sunset City Race(S\u00e1bado, \u00e0s 20h30) Sprint de Santiago(Domingo, \u00e0s 10h00) Resultados ao Vivo Resultados ao Vivo Resultados ao Vivo Resultados Oficiais Resultados Oficiais Resultados Oficiais Parciais Parciais Parciais Trof\u00e9u Bairros de Aveiro (Individual) Trof\u00e9u Bairros de Aveiro (Clubes) Trof\u00e9u Bairros de Aveiro (O meu Clube)<\/p>\n","protected":false},"author":1,"featured_media":0,"parent":0,"menu_order":0,"comment_status":"closed","ping_status":"closed","template":"","meta":{"footnotes":""},"class_list":["post-1588","page","type-page","status-publish","hentry"],"_links":{"self":[{"href":"https:\/\/eventos.ori-estarreja.pt\/aveirocityrace2025\/wp-json\/wp\/v2\/pages\/1588","targetHints":{"allow":["GET"]}}],"collection":[{"href":"https:\/\/eventos.ori-estarreja.pt\/aveirocityrace2025\/wp-json\/wp\/v2\/pages"}],"about":[{"href":"https:\/\/eventos.ori-estarreja.pt\/aveirocityrace2025\/wp-json\/wp\/v2\/types\/page"}],"author":[{"embeddable":true,"href":"https:\/\/eventos.ori-estarreja.pt\/aveirocityrace2025\/wp-json\/wp\/v2\/users\/1"}],"replies":[{"embeddable":true,"href":"https:\/\/eventos.ori-estarreja.pt\/aveirocityrace2025\/wp-json\/wp\/v2\/comments?post=1588"}],"version-history":[{"count":6,"href":"https:\/\/eventos.ori-estarreja.pt\/aveirocityrace2025\/wp-json\/wp\/v2\/pages\/1588\/revisions"}],"predecessor-version":[{"id":1632,"href":"https:\/\/eventos.ori-estarreja.pt\/aveirocityrace2025\/wp-json\/wp\/v2\/pages\/1588\/revisions\/1632"}],"wp:attachment":[{"href":"https:\/\/eventos.ori-estarreja.pt\/aveirocityrace2025\/wp-json\/wp\/v2\/media?parent=1588"}],"curies":[{"name":"wp","href":"https:\/\/api.w.org\/{rel}","templated":true}]}}