{"id":158,"date":"2023-09-20T23:19:55","date_gmt":"2023-09-20T23:19:55","guid":{"rendered":"https:\/\/aow2021.ori-estarreja.pt\/?page_id=158"},"modified":"2025-05-30T00:57:37","modified_gmt":"2025-05-29T23:57:37","slug":"contactos","status":"publish","type":"page","link":"https:\/\/eventos.ori-estarreja.pt\/aveirocityrace2025\/contactos\/","title":{"rendered":"Contactos"},"content":{"rendered":"<div class=\"wp-block-image\">\r\n<figure class=\"aligncenter size-full is-resized\"><img loading=\"lazy\" decoding=\"async\" class=\"wp-image-17\" style=\"width: 140px; height: 140px;\" src=\"https:\/\/aveirocityrace2023.ori-estarreja.pt\/wp-content\/uploads\/2023\/09\/logol.jpg\" alt=\"\" width=\"100\" height=\"100\" srcset=\"https:\/\/eventos.ori-estarreja.pt\/aveirocityrace2025\/wp-content\/uploads\/sites\/6\/2023\/09\/logol.jpg 600w, https:\/\/eventos.ori-estarreja.pt\/aveirocityrace2025\/wp-content\/uploads\/sites\/6\/2023\/09\/logol-300x300.jpg 300w, https:\/\/eventos.ori-estarreja.pt\/aveirocityrace2025\/wp-content\/uploads\/sites\/6\/2023\/09\/logol-150x150.jpg 150w\" sizes=\"auto, (max-width: 100px) 100vw, 100px\" \/><\/figure><\/div>\r\n\r\n<h2 class=\"fonts-plugin-block \">Ori-Estarreja<br><\/h2>\r\n\r\n\r\n<ul class=\"wp-block-list\">\r\n<li><strong><em>E-mail informa\u00e7\u00f5es:<\/em><\/strong> <a href=\"mailto:info@ori-estarreja.pt\" target=\"_blank\" rel=\"noreferrer noopener\">info@ori-estarreja.pt<\/a><\/li>\r\n\r\n\r\n\r\n<li><strong><em>E-mail inscri\u00e7\u00f5es:<\/em><\/strong> <a href=\"mailto:inscrever@ori-estarreja.pt\" target=\"_blank\" rel=\"noreferrer noopener\">inscrever@ori-estarreja.pt<\/a><\/li>\r\n\r\n\r\n\r\n<li><strong><em>Facebook:<\/em><\/strong> <a href=\"http:\/\/www.facebook.com\/oriestarreja\" target=\"_blank\" rel=\"noreferrer noopener\">http:\/\/www.facebook.com\/oriestarreja<\/a><\/li>\r\n<\/ul>\r\n\r\n\r\n<div class=\"wp-block-image\">\r\n<figure class=\"aligncenter size-full is-resized\"><img loading=\"lazy\" decoding=\"async\" class=\"wp-image-16\" style=\"width: 139px; height: 139px;\" src=\"https:\/\/aveirocityrace2023.ori-estarreja.pt\/wp-content\/uploads\/2023\/09\/Logo-FPO_400px.png\" alt=\"\" width=\"118\" height=\"118\" srcset=\"https:\/\/eventos.ori-estarreja.pt\/aveirocityrace2025\/wp-content\/uploads\/sites\/6\/2023\/09\/Logo-FPO_400px.png 400w, https:\/\/eventos.ori-estarreja.pt\/aveirocityrace2025\/wp-content\/uploads\/sites\/6\/2023\/09\/Logo-FPO_400px-300x300.png 300w, https:\/\/eventos.ori-estarreja.pt\/aveirocityrace2025\/wp-content\/uploads\/sites\/6\/2023\/09\/Logo-FPO_400px-150x150.png 150w\" sizes=\"auto, (max-width: 118px) 100vw, 118px\" \/><\/figure><\/div>\r\n\r\n<h2 class=\"fonts-plugin-block \">Federa\u00e7\u00e3o Portuguesa de Orienta\u00e7\u00e3o<br><\/h2>\r\n\r\n\r\n<ul class=\"wp-block-list\">\r\n<li><strong><em>E-mail:\u00a0\u00a0<\/em><\/strong><a href=\"mailto:geral@fpo.pt\">geral@fpo.pt<\/a><\/li>\r\n\r\n\r\n\r\n<li><strong><em>Tel:\u00a0\u00a0<\/em><\/strong>(+351) 244 575 074<\/li>\r\n\r\n\r\n\r\n<li><strong><em>P\u00e1gina Web:\u00a0\u00a0<\/em><\/strong><a href=\"http:\/\/www.fpo.pt\/\">http:\/\/www.fpo.pt<\/a><\/li>\r\n\r\n\r\n\r\n<li><strong><em>Facebook:\u00a0\u00a0<\/em><\/strong><a href=\"http:\/\/www.facebook.com\/fporientacao\" target=\"_blank\" rel=\"noreferrer noopener\">http:\/\/www.facebook.com\/fporientacao<\/a><\/li>\r\n<\/ul>\r\n\r\n\r\n\r\n<p>&nbsp;<\/p>\r\n","protected":false},"excerpt":{"rendered":"<p>&nbsp;<\/p>\n","protected":false},"author":1,"featured_media":0,"parent":0,"menu_order":0,"comment_status":"closed","ping_status":"closed","template":"","meta":{"footnotes":""},"class_list":["post-158","page","type-page","status-publish","hentry"],"_links":{"self":[{"href":"https:\/\/eventos.ori-estarreja.pt\/aveirocityrace2025\/wp-json\/wp\/v2\/pages\/158","targetHints":{"allow":["GET"]}}],"collection":[{"href":"https:\/\/eventos.ori-estarreja.pt\/aveirocityrace2025\/wp-json\/wp\/v2\/pages"}],"about":[{"href":"https:\/\/eventos.ori-estarreja.pt\/aveirocityrace2025\/wp-json\/wp\/v2\/types\/page"}],"author":[{"embeddable":true,"href":"https:\/\/eventos.ori-estarreja.pt\/aveirocityrace2025\/wp-json\/wp\/v2\/users\/1"}],"replies":[{"embeddable":true,"href":"https:\/\/eventos.ori-estarreja.pt\/aveirocityrace2025\/wp-json\/wp\/v2\/comments?post=158"}],"version-history":[{"count":2,"href":"https:\/\/eventos.ori-estarreja.pt\/aveirocityrace2025\/wp-json\/wp\/v2\/pages\/158\/revisions"}],"predecessor-version":[{"id":1272,"href":"https:\/\/eventos.ori-estarreja.pt\/aveirocityrace2025\/wp-json\/wp\/v2\/pages\/158\/revisions\/1272"}],"wp:attachment":[{"href":"https:\/\/eventos.ori-estarreja.pt\/aveirocityrace2025\/wp-json\/wp\/v2\/media?parent=158"}],"curies":[{"name":"wp","href":"https:\/\/api.w.org\/{rel}","templated":true}]}}