{"id":1572,"date":"2025-07-04T00:37:37","date_gmt":"2025-07-03T23:37:37","guid":{"rendered":"https:\/\/eventos.ori-estarreja.pt\/aveirocityrace2025\/?page_id=1572"},"modified":"2025-07-04T00:45:29","modified_gmt":"2025-07-03T23:45:29","slug":"listagens-de-partidas-2","status":"publish","type":"page","link":"https:\/\/eventos.ori-estarreja.pt\/aveirocityrace2025\/listagens-de-partidas-2\/","title":{"rendered":"Listagens de Partidas"},"content":{"rendered":"\n<div style=\"height:30px\" aria-hidden=\"true\" class=\"wp-block-spacer\"><\/div>\n\n\n<div class=\"wp-block-image\">\n<figure class=\"aligncenter size-full\"><img loading=\"lazy\" decoding=\"async\" width=\"249\" height=\"200\" src=\"https:\/\/eventos.ori-estarreja.pt\/aveirocityrace2025\/wp-content\/uploads\/sites\/6\/2025\/06\/Logo-ACR2025-Destaque.png\" alt=\"\" class=\"wp-image-1399\"\/><\/figure><\/div>\n\n\n<div style=\"height:30px\" aria-hidden=\"true\" class=\"wp-block-spacer\"><\/div>\n\n\n\n<h2 class=\"wp-block-heading\">Partidas<\/h2>\n\n\n\n<figure class=\"wp-block-table\"><table class=\"has-fixed-layout\"><tbody><tr><td class=\"has-text-align-center\" data-align=\"center\"><strong>Sprint da Vila Nova<\/strong><br>(S\u00e1bado, \u00e0s 14h)<\/td><td class=\"has-text-align-center\" data-align=\"center\"><strong>Aveiro Sunset City Race<\/strong><br>(S\u00e1bado, \u00e0s 20h30)<\/td><td class=\"has-text-align-center\" data-align=\"center\"><strong>Sprint de Santiago<\/strong><br>(Domingo, \u00e0s 10h00)<\/td><\/tr><tr><td class=\"has-text-align-center\" data-align=\"center\"><a href=\"https:\/\/www.tictactiming.pt\/eventos\/2025\/0706_AveiroCityRace\/Starts_e1_Clubs.html\" target=\"_blank\" rel=\"noreferrer noopener\">Partidas por Clubes<\/a><\/td><td class=\"has-text-align-center\" data-align=\"center\"><a href=\"https:\/\/www.tictactiming.pt\/eventos\/2025\/0706_AveiroCityRace\/Starts_e3_Clubs.html\" target=\"_blank\" rel=\"noreferrer noopener\">Partidas por Clubes<\/a><\/td><td class=\"has-text-align-center\" data-align=\"center\"><a href=\"https:\/\/www.tictactiming.pt\/eventos\/2025\/0706_AveiroCityRace\/Starts_e2_Clubs.html\" target=\"_blank\" rel=\"noreferrer noopener\">Partidas por Clubes<\/a><\/td><\/tr><tr><td class=\"has-text-align-center\" data-align=\"center\"><a href=\"https:\/\/www.tictactiming.pt\/eventos\/2025\/0706_AveiroCityRace\/Starts_e1_Classes.html\" target=\"_blank\" rel=\"noreferrer noopener\">Partidas por Escal\u00f5es<\/a><\/td><td class=\"has-text-align-center\" data-align=\"center\"><a href=\"https:\/\/www.tictactiming.pt\/eventos\/2025\/0706_AveiroCityRace\/Starts_e3_Classes.html\" target=\"_blank\" rel=\"noreferrer noopener\">Partidas por Escal\u00f5es<\/a><\/td><td class=\"has-text-align-center\" data-align=\"center\"><a href=\"https:\/\/www.tictactiming.pt\/eventos\/2025\/0706_AveiroCityRace\/Starts_e2_Classes.html\" target=\"_blank\" rel=\"noreferrer noopener\">Partidas por Escal\u00f5es<\/a><\/td><\/tr><\/tbody><\/table><\/figure>\n\n\n\n<div style=\"height:30px\" aria-hidden=\"true\" class=\"wp-block-spacer\"><\/div>\n\n\n\n<p><\/p>\n\n\n\n<h2 class=\"wp-block-heading\">Quarentena para Atletas com GPS<\/h2>\n\n\n<div class=\"wp-block-image\">\n<figure class=\"aligncenter size-full is-resized\"><img loading=\"lazy\" decoding=\"async\" width=\"900\" height=\"315\" src=\"https:\/\/eventos.ori-estarreja.pt\/aveirocityrace2025\/wp-content\/uploads\/sites\/6\/2025\/07\/Loggator_Logo_900px.png\" alt=\"\" class=\"wp-image-1577\" style=\"width:229px;height:auto\" srcset=\"https:\/\/eventos.ori-estarreja.pt\/aveirocityrace2025\/wp-content\/uploads\/sites\/6\/2025\/07\/Loggator_Logo_900px.png 900w, https:\/\/eventos.ori-estarreja.pt\/aveirocityrace2025\/wp-content\/uploads\/sites\/6\/2025\/07\/Loggator_Logo_900px-300x105.png 300w, https:\/\/eventos.ori-estarreja.pt\/aveirocityrace2025\/wp-content\/uploads\/sites\/6\/2025\/07\/Loggator_Logo_900px-768x269.png 768w\" sizes=\"auto, (max-width: 900px) 100vw, 900px\" \/><\/figure><\/div>\n\n\n<div style=\"height:30px\" aria-hidden=\"true\" class=\"wp-block-spacer\"><\/div>\n\n\n\n<p>Em todas as etapas do evento, h\u00e1 atletas que v\u00e3o levar GPS, para que na Arena de prova seja poss\u00edvel acompanhar as suas op\u00e7\u00f5es.<\/p>\n\n\n\n<p>Nas etapas de Sprint (Vila Nova e Santiago), os escal\u00f5es que t\u00eam atletas com GPS s\u00e3o:<\/p>\n\n\n\n<ul class=\"wp-block-list\">\n<li> H16, H18, HElite<\/li>\n\n\n\n<li>D16, D18, DElite<\/li>\n<\/ul>\n\n\n\n<div style=\"height:30px\" aria-hidden=\"true\" class=\"wp-block-spacer\"><\/div>\n\n\n\n<p>Na Etapa do Sprint da Vila Nova, h\u00e1 uma Quarentena, junto \u00e0s partidas, para os atletas destes escal\u00f5es.<\/p>\n\n\n\n<p><strong>Os atletas devem entrar na Quarentena at\u00e9 \u00e0s 14h40<\/strong>, sem pertences, e equipados apenas com o necess\u00e1rio para realizar a prova. Podem levar uma garrafa de \u00e1gua.<\/p>\n\n\n\n<div style=\"height:30px\" aria-hidden=\"true\" class=\"wp-block-spacer\"><\/div>\n\n\n\n<p>Na Etapa do Aveiro Sunset City Race, os atletas que v\u00e3o levar GPS s\u00e3o os mesmos da Etapa 1, independentemente do escal\u00e3o em que correm.<\/p>\n\n\n\n<p>Como se trata duma etapa com Mass Start, n\u00e3o haver\u00e1 Quarentena.<\/p>\n\n\n\n<div style=\"height:30px\" aria-hidden=\"true\" class=\"wp-block-spacer\"><\/div>\n\n\n\n<p>Na Etapa do Sprint de Santiago, h\u00e1 uma Quarentena, junto \u00e0s partidas, para os atletas destes escal\u00f5es.<\/p>\n\n\n\n<p><strong>Os atletas devem entrar na Quarentena at\u00e9 \u00e0s 10h40<\/strong>, sem pertences, e equipados apenas com o necess\u00e1rio para realizar a prova. Podem levar uma garrafa de \u00e1gua.<\/p>\n\n\n\n<p><\/p>\n\n\n\n<p><\/p>\n\n\n\n<p><\/p>\n\n\n\n<p><\/p>\n","protected":false},"excerpt":{"rendered":"<p>Partidas Sprint da Vila Nova(S\u00e1bado, \u00e0s 14h) Aveiro Sunset City Race(S\u00e1bado, \u00e0s 20h30) Sprint de Santiago(Domingo, \u00e0s 10h00) Partidas por Clubes Partidas por Clubes Partidas por Clubes Partidas por Escal\u00f5es Partidas por Escal\u00f5es Partidas por Escal\u00f5es Quarentena para Atletas com GPS Em todas as etapas do evento, h\u00e1 atletas que v\u00e3o levar GPS, para que&hellip;<\/p>\n","protected":false},"author":1,"featured_media":0,"parent":0,"menu_order":0,"comment_status":"closed","ping_status":"closed","template":"","meta":{"footnotes":""},"class_list":["post-1572","page","type-page","status-publish","hentry"],"_links":{"self":[{"href":"https:\/\/eventos.ori-estarreja.pt\/aveirocityrace2025\/wp-json\/wp\/v2\/pages\/1572","targetHints":{"allow":["GET"]}}],"collection":[{"href":"https:\/\/eventos.ori-estarreja.pt\/aveirocityrace2025\/wp-json\/wp\/v2\/pages"}],"about":[{"href":"https:\/\/eventos.ori-estarreja.pt\/aveirocityrace2025\/wp-json\/wp\/v2\/types\/page"}],"author":[{"embeddable":true,"href":"https:\/\/eventos.ori-estarreja.pt\/aveirocityrace2025\/wp-json\/wp\/v2\/users\/1"}],"replies":[{"embeddable":true,"href":"https:\/\/eventos.ori-estarreja.pt\/aveirocityrace2025\/wp-json\/wp\/v2\/comments?post=1572"}],"version-history":[{"count":7,"href":"https:\/\/eventos.ori-estarreja.pt\/aveirocityrace2025\/wp-json\/wp\/v2\/pages\/1572\/revisions"}],"predecessor-version":[{"id":1586,"href":"https:\/\/eventos.ori-estarreja.pt\/aveirocityrace2025\/wp-json\/wp\/v2\/pages\/1572\/revisions\/1586"}],"wp:attachment":[{"href":"https:\/\/eventos.ori-estarreja.pt\/aveirocityrace2025\/wp-json\/wp\/v2\/media?parent=1572"}],"curies":[{"name":"wp","href":"https:\/\/api.w.org\/{rel}","templated":true}]}}