{"id":1541,"date":"2025-06-29T23:07:59","date_gmt":"2025-06-29T22:07:59","guid":{"rendered":"https:\/\/eventos.ori-estarreja.pt\/aveirocityrace2025\/?page_id=1541"},"modified":"2025-07-02T16:15:55","modified_gmt":"2025-07-02T15:15:55","slug":"informacao-tecnica-aveiro-sunset-city-race","status":"publish","type":"page","link":"https:\/\/eventos.ori-estarreja.pt\/aveirocityrace2025\/informacao-tecnica-aveiro-sunset-city-race\/","title":{"rendered":"Informa\u00e7\u00e3o T\u00e9cnica Aveiro Sunset City Race"},"content":{"rendered":"<h2 class=\"fonts-plugin-block \" style=\"text-align: center\">Final da Tarde, dia 5 de Julho<\/h2>\n\n\n<div style=\"height:26px\" aria-hidden=\"true\" class=\"wp-block-spacer\"><\/div>\n\n\n\n<p>A arena do Aveiro Sunset City Race localiza-se no Largo do Dr. Jaime Magalh\u00e3es Lima, junto \u00e0 antiga Biblioteca.<\/p>\n\n\n\n<div style=\"height:26px\" aria-hidden=\"true\" class=\"wp-block-spacer\"><\/div>\n\n\n\n<ul class=\"wp-block-list\">\n<li><\/li>\n<\/ul>\n\n\n<h3 class=\"fonts-plugin-block \">Partidas escal\u00f5es Abertos e Forma\u00e7\u00e3o<\/h3>\n\n\n<p>Os <strong>escal\u00f5es Open<\/strong> e de <strong>Forma\u00e7\u00e3o<\/strong> v\u00e3o realizar uma partida \u201cnormal\u201d, recorrendo a \u201c<strong>box start<\/strong>\u201d. Isto significa que estes <strong>participantes podem partir entre as 20h45 e as 21h15<\/strong>. As partidas destes escal\u00f5es realizam-se junto \u00e0 Arena, sendo vis\u00edveis a partir da mesma.<\/p>\n\n\n<h3 class=\"fonts-plugin-block \">Partidas escal\u00f5es de Competi\u00e7\u00e3o<\/h3>\n\n\n<p>A partida dos escal\u00f5es de competi\u00e7\u00e3o no Aveiro Sunset City Race ser\u00e1 <strong>em massa (Mass Start)<\/strong>, ainda completamente de dia.<\/p>\n\n\n\n<p>Os percursos de Competi\u00e7\u00e3o est\u00e3o tra\u00e7ados para que os vencedores gastem 30 a 35 minutos a finalizar a sua prova.<\/p>\n\n\n\n<p>O P\u00f4r do Sol ser\u00e1 \u00e0s 21h08 e haver\u00e1 luz natural at\u00e9 cerca das 21h41.<\/p>\n\n\n\n<p>A organiza\u00e7\u00e3o estima que a maioria dos participantes n\u00e3o vai precisar de frontal, at\u00e9 porque o Centro da Cidade de Aveiro \u00e9 bem iluminada.<\/p>\n\n\n\n<p>O uso de frontal ser\u00e1 facultativo e caber\u00e1 aos participantes decidir se fazem uso dele.<\/p>\n\n\n\n<p>O corredor de partida ser\u00e1 na zona de coexist\u00eancia da Avenida Dr. Louren\u00e7o Peixinho, nas faixas que normalmente permitem a circula\u00e7\u00e3o autom\u00f3vel.<\/p>\n\n\n<h3 class=\"fonts-plugin-block \">Notas importantes<\/h3>\n\n\n<p>Haver\u00e1 um corte de circula\u00e7\u00e3o autom\u00f3vel tempor\u00e1rio para que a partida em Massa tenha lugar.<\/p>\n\n\n\n<p>Respeitem na \u00edntegra o percurso compulsivo at\u00e9 ao tri\u00e2ngulo, acatem as indica\u00e7\u00f5es dos membros das autoridades e dos membros do Staff.<\/p>\n\n\n\n<p>Respeitem e observem as regras de tr\u00e2nsito e os locais de passagem, principalmente as passadeiras das vias mais movimentadas.<\/p>\n\n\n\n<p>\u00c9 responsabilidade dos participantes o cumprimento destas recomenda\u00e7\u00f5es.<\/p>\n\n\n\n<p><\/p>\n\n\n<div class=\"wp-block-image\">\n<figure class=\"aligncenter size-large is-resized\"><img loading=\"lazy\" decoding=\"async\" width=\"1024\" height=\"782\" src=\"https:\/\/eventos.ori-estarreja.pt\/aveirocityrace2025\/wp-content\/uploads\/sites\/6\/2025\/06\/2_Arena-Sunset-Cit-Race-2025-1024x782.png\" alt=\"\" class=\"wp-image-1519\" style=\"width:701px;height:auto\" srcset=\"https:\/\/eventos.ori-estarreja.pt\/aveirocityrace2025\/wp-content\/uploads\/sites\/6\/2025\/06\/2_Arena-Sunset-Cit-Race-2025-1024x782.png 1024w, https:\/\/eventos.ori-estarreja.pt\/aveirocityrace2025\/wp-content\/uploads\/sites\/6\/2025\/06\/2_Arena-Sunset-Cit-Race-2025-300x229.png 300w, https:\/\/eventos.ori-estarreja.pt\/aveirocityrace2025\/wp-content\/uploads\/sites\/6\/2025\/06\/2_Arena-Sunset-Cit-Race-2025-768x587.png 768w, https:\/\/eventos.ori-estarreja.pt\/aveirocityrace2025\/wp-content\/uploads\/sites\/6\/2025\/06\/2_Arena-Sunset-Cit-Race-2025-1536x1174.png 1536w, https:\/\/eventos.ori-estarreja.pt\/aveirocityrace2025\/wp-content\/uploads\/sites\/6\/2025\/06\/2_Arena-Sunset-Cit-Race-2025.png 2034w\" sizes=\"auto, (max-width: 1024px) 100vw, 1024px\" \/><\/figure><\/div>\n\n\n<div style=\"height:30px\" aria-hidden=\"true\" class=\"wp-block-spacer\"><\/div>\n\n\n\n<p><strong>Os atletas devem entrar para a zona de entrega de mapas entre as 20h15 e as 20h25. A partida ser\u00e1 \u00e0s 20h30.<\/strong><\/p>\n\n\n\n<ul class=\"wp-block-list\">\n<li>Procedimento para entrada na zona de entrega de mapas:<ul><li>CLEAR (limpar o chip SPORTident)<\/li><\/ul><ul><li>CHECK (confirma\u00e7\u00e3o do chip SPORTident)<\/li><\/ul>\n<ul class=\"wp-block-list\">\n<li>Pegar no mapa (\u00e9 da responsabilidade do atleta verificar que no mapa est\u00e1 impresso o n\u00famero do seu dorsal \u2013 os mapas ser\u00e3o entregues enrolados com um el\u00e1stico)<\/li>\n<\/ul>\n<\/li>\n\n\n\n<li>Procedimento de partida:<ul><li>Os atletas n\u00e3o podem olhar para o mapa at\u00e9 ao momento da partida.<\/li><\/ul><ul><li>Todos os atletas se devem concentrar na zona de entrega de mapas (na zona pedonal) at\u00e9 indica\u00e7\u00e3o para entrar na zona de coexist\u00eancia de circula\u00e7\u00e3o autom\u00f3vel.<\/li><\/ul><ul><li>A organiza\u00e7\u00e3o n\u00e3o vai ordenar os atletas \u2013 a partida ser\u00e1 semelhante a uma prova de atletismo de estrada.<\/li><\/ul><ul><li>Segundos antes da partida, o <em>Speaker<\/em> dar\u00e1 ordem aos atletas para removerem o el\u00e1stico do mapa.<\/li><\/ul>\n<ul class=\"wp-block-list\">\n<li>A partida ser\u00e1 dada pela voz do <em>Speaker<\/em>. S\u00f3 ap\u00f3s este momento \u00e9 que \u00e9 permitido olhar para o mapa.<\/li>\n\n\n\n<li>Os primeiros metros de prova s\u00e3o integralmente realizados em zona pedonal e passeios circundantes \u00e0 rotunda das Pontes<\/li>\n\n\n\n<li>\u00c9 obrigat\u00f3rio passar pela passagem inferior da Rua do Batalh\u00e3o de Ca\u00e7adores, peles escadas, at\u00e9 chegar ao tri\u00e2ngulo<\/li>\n<\/ul>\n<\/li>\n<\/ul>\n\n\n<h3 class=\"fonts-plugin-block \">Chegadas (Finish)<\/h3>\n\n\n<p>O corredor de chegadas ser\u00e1 o mesmo da etapa Sprint da Vila Nova. Ap\u00f3s a chegada, os atletas devem dirigir-se \u00e0 cronometragem para leitura do seu chip.<\/p>\n\n\n<h3 class=\"fonts-plugin-block \">Percursos<\/h3>\n\n\n<p><strong>N\u00e3o existe sinal\u00e9tica suplementar nos escal\u00f5es de competi\u00e7\u00e3o (Mass Start). Estes percursos v\u00e3o ter loops de dispers\u00e3o.<\/strong><\/p>\n\n\n\n<table id=\"tablepress-41\" class=\"tablepress tablepress-id-41 tbody-has-connected-cells\">\n<thead>\n<tr class=\"row-1\">\n\t<th class=\"column-1\"><strong>Escal\u00e3o<\/strong><\/th><th class=\"column-2\"><strong>Dist\u00e2ncia (km)<\/strong><\/th><th class=\"column-3\"><strong>Pontos<\/strong><\/th><th class=\"column-4\"><strong>Declive (m)<\/strong><\/th><th class=\"column-5\"><strong>Loops<\/strong><\/th>\n<\/tr>\n<\/thead>\n<tbody class=\"row-striping row-hover\">\n<tr class=\"row-2\">\n\t<td colspan=\"5\" class=\"column-1\"><strong>Escal\u00f5es de Competi\u00e7\u00e3o e Forma\u00e7\u00e3o <\/strong><\/td>\n<\/tr>\n<tr class=\"row-3\">\n\t<td class=\"column-1\">Forma\u00e7\u00e3o<\/td><td class=\"column-2\">1.6<\/td><td class=\"column-3\">13<\/td><td class=\"column-4\">15<\/td><td class=\"column-5\">N\u00e3o<\/td>\n<\/tr>\n<tr class=\"row-4\">\n\t<td class=\"column-1\">Juvenis Femininos<\/td><td class=\"column-2\">5.3<br \/>\n<\/td><td class=\"column-3\">22<\/td><td class=\"column-4\">45<\/td><td class=\"column-5\">Sim<\/td>\n<\/tr>\n<tr class=\"row-5\">\n\t<td class=\"column-1\">Juvenis Masculinos<\/td><td class=\"column-2\">6.3<\/td><td class=\"column-3\">29<\/td><td class=\"column-4\">55<\/td><td class=\"column-5\">Sim<\/td>\n<\/tr>\n<tr class=\"row-6\">\n\t<td class=\"column-1\">Juniores Femininos<\/td><td class=\"column-2\">5.5<\/td><td class=\"column-3\">24<\/td><td class=\"column-4\">45<\/td><td class=\"column-5\">Sim<\/td>\n<\/tr>\n<tr class=\"row-7\">\n\t<td class=\"column-1\">Juniores Masculinos<\/td><td class=\"column-2\">6.8<\/td><td class=\"column-3\">30<\/td><td class=\"column-4\">50<\/td><td class=\"column-5\">Sim<\/td>\n<\/tr>\n<tr class=\"row-8\">\n\t<td class=\"column-1\">Seniores Femininos<\/td><td class=\"column-2\">6.3<\/td><td class=\"column-3\">29<\/td><td class=\"column-4\">55<\/td><td class=\"column-5\">Sim<\/td>\n<\/tr>\n<tr class=\"row-9\">\n\t<td class=\"column-1\">Seniores Masculinos<\/td><td class=\"column-2\">8.1<\/td><td class=\"column-3\">35<\/td><td class=\"column-4\">60<\/td><td class=\"column-5\">Sim<\/td>\n<\/tr>\n<tr class=\"row-10\">\n\t<td class=\"column-1\">Veteranos Femininos I<\/td><td class=\"column-2\">5.5<\/td><td class=\"column-3\">24<\/td><td class=\"column-4\">45<\/td><td class=\"column-5\">Sim<\/td>\n<\/tr>\n<tr class=\"row-11\">\n\t<td class=\"column-1\">Veteranos Masculinos I<\/td><td class=\"column-2\">6.8<\/td><td class=\"column-3\">30<\/td><td class=\"column-4\">50<\/td><td class=\"column-5\">Sim<\/td>\n<\/tr>\n<tr class=\"row-12\">\n\t<td class=\"column-1\">Veteranos Femininos II<\/td><td class=\"column-2\">5.3<br \/>\n<\/td><td class=\"column-3\">22<\/td><td class=\"column-4\">45<\/td><td class=\"column-5\">Sim<\/td>\n<\/tr>\n<tr class=\"row-13\">\n\t<td class=\"column-1\">Veteranos Masculinos II<\/td><td class=\"column-2\">6.3<\/td><td class=\"column-3\">29<\/td><td class=\"column-4\">55<\/td><td class=\"column-5\">Sim<\/td>\n<\/tr>\n<tr class=\"row-14\">\n\t<td class=\"column-1\">Veteranos Femininos III<\/td><td class=\"column-2\">3.5<\/td><td class=\"column-3\">15<\/td><td class=\"column-4\">30<\/td><td class=\"column-5\">Sim<\/td>\n<\/tr>\n<tr class=\"row-15\">\n\t<td class=\"column-1\">Veteranos Masculinos III<\/td><td class=\"column-2\">5.3<br \/>\n<\/td><td class=\"column-3\">22<\/td><td class=\"column-4\">45<\/td><td class=\"column-5\">Sim<\/td>\n<\/tr>\n<tr class=\"row-16\">\n\t<td class=\"column-1\">Veteranos Femininos IV<\/td><td class=\"column-2\">3.5<\/td><td class=\"column-3\">15<\/td><td class=\"column-4\">30<\/td><td class=\"column-5\">Sim<\/td>\n<\/tr>\n<tr class=\"row-17\">\n\t<td class=\"column-1\">Veteranos Masculinos IV<\/td><td class=\"column-2\">3.5<\/td><td class=\"column-3\">15<\/td><td class=\"column-4\">30<\/td><td class=\"column-5\">Sim<\/td>\n<\/tr>\n<tr class=\"row-18\">\n\t<td colspan=\"2\" class=\"column-1\"><strong>Escal\u00f5es Abertos<\/strong><\/td><td class=\"column-3\"><\/td><td class=\"column-4\"><\/td><td class=\"column-5\"><\/td>\n<\/tr>\n<tr class=\"row-19\">\n\t<td class=\"column-1\">Verde - Curto<\/td><td class=\"column-2\">3.0<\/td><td class=\"column-3\">21<\/td><td class=\"column-4\">25<\/td><td class=\"column-5\">N\u00e3o<\/td>\n<\/tr>\n<tr class=\"row-20\">\n\t<td class=\"column-1\">Amarelo - M\u00e9dio<\/td><td class=\"column-2\">4.4<\/td><td class=\"column-3\">22<\/td><td class=\"column-4\">35<\/td><td class=\"column-5\">N\u00e3o<\/td>\n<\/tr>\n<tr class=\"row-21\">\n\t<td class=\"column-1\">Vermelho - Longo<\/td><td class=\"column-2\">5.6<\/td><td class=\"column-3\">23<\/td><td class=\"column-4\">40<\/td><td class=\"column-5\">N\u00e3o<\/td>\n<\/tr>\n<\/tbody>\n<\/table>\n<!-- #tablepress-41 from cache -->\n\n\n\n<p><strong>Tra\u00e7ador de Percursos: Andr\u00e9 Pedrosa<\/strong><\/p>\n\n\n\n<p><strong>Tra\u00e7ador Assistente: Daniel Silva<\/strong><\/p>\n\n\n\n<p><strong>Impress\u00e3o de mapas:<\/strong>&nbsp;Mapas impressos pela empresa RGB-Image, em folha resistente \u00e0 \u00e1gua, com tamanho A3+ e na horizontal.<\/p>\n\n\n\n<p><\/p>\n","protected":false},"excerpt":{"rendered":"<p>A arena do Aveiro Sunset City Race localiza-se no Largo do Dr. Jaime Magalh\u00e3es Lima, junto \u00e0 antiga Biblioteca. Os escal\u00f5es Open e de Forma\u00e7\u00e3o v\u00e3o realizar uma partida \u201cnormal\u201d, recorrendo a \u201cbox start\u201d. Isto significa que estes participantes podem partir entre as 20h45 e as 21h15. As partidas destes escal\u00f5es realizam-se junto \u00e0 Arena,&hellip;<\/p>\n","protected":false},"author":1,"featured_media":1399,"parent":0,"menu_order":0,"comment_status":"closed","ping_status":"closed","template":"","meta":{"footnotes":""},"class_list":["post-1541","page","type-page","status-publish","has-post-thumbnail","hentry"],"_links":{"self":[{"href":"https:\/\/eventos.ori-estarreja.pt\/aveirocityrace2025\/wp-json\/wp\/v2\/pages\/1541","targetHints":{"allow":["GET"]}}],"collection":[{"href":"https:\/\/eventos.ori-estarreja.pt\/aveirocityrace2025\/wp-json\/wp\/v2\/pages"}],"about":[{"href":"https:\/\/eventos.ori-estarreja.pt\/aveirocityrace2025\/wp-json\/wp\/v2\/types\/page"}],"author":[{"embeddable":true,"href":"https:\/\/eventos.ori-estarreja.pt\/aveirocityrace2025\/wp-json\/wp\/v2\/users\/1"}],"replies":[{"embeddable":true,"href":"https:\/\/eventos.ori-estarreja.pt\/aveirocityrace2025\/wp-json\/wp\/v2\/comments?post=1541"}],"version-history":[{"count":6,"href":"https:\/\/eventos.ori-estarreja.pt\/aveirocityrace2025\/wp-json\/wp\/v2\/pages\/1541\/revisions"}],"predecessor-version":[{"id":1567,"href":"https:\/\/eventos.ori-estarreja.pt\/aveirocityrace2025\/wp-json\/wp\/v2\/pages\/1541\/revisions\/1567"}],"wp:featuredmedia":[{"embeddable":true,"href":"https:\/\/eventos.ori-estarreja.pt\/aveirocityrace2025\/wp-json\/wp\/v2\/media\/1399"}],"wp:attachment":[{"href":"https:\/\/eventos.ori-estarreja.pt\/aveirocityrace2025\/wp-json\/wp\/v2\/media?parent=1541"}],"curies":[{"name":"wp","href":"https:\/\/api.w.org\/{rel}","templated":true}]}}