{"id":1514,"date":"2025-06-18T23:22:27","date_gmt":"2025-06-18T22:22:27","guid":{"rendered":"https:\/\/eventos.ori-estarreja.pt\/aveirocityrace2025\/?page_id=1514"},"modified":"2025-06-18T23:34:45","modified_gmt":"2025-06-18T22:34:45","slug":"informacao-tecnica-sprint-de-santiago","status":"publish","type":"page","link":"https:\/\/eventos.ori-estarreja.pt\/aveirocityrace2025\/informacao-tecnica-sprint-de-santiago\/","title":{"rendered":"Informa\u00e7\u00e3o T\u00e9cnica Sprint de Santiago"},"content":{"rendered":"<h2 class=\"fonts-plugin-block \" style=\"text-align: center\">Manh\u00e3, dia 6 de julho<\/h2>\n\n\n<div style=\"height:20px\" aria-hidden=\"true\" class=\"wp-block-spacer\"><\/div>\n\n\n\n<p>A arena do Sprint de Santiago localiza-se junto \u00e0 Casa da Comunidade Sustent\u00e1vel, no largo ao lado da Igreja de Santiago.<\/p>\n\n\n<div class=\"wp-block-image\">\n<figure class=\"aligncenter size-large is-resized\"><img loading=\"lazy\" decoding=\"async\" width=\"1024\" height=\"815\" src=\"https:\/\/eventos.ori-estarreja.pt\/aveirocityrace2025\/wp-content\/uploads\/sites\/6\/2025\/06\/3_Arena-Sprint-de-Santiago-2025-1024x815.png\" alt=\"\" class=\"wp-image-1520\" style=\"width:612px;height:auto\" srcset=\"https:\/\/eventos.ori-estarreja.pt\/aveirocityrace2025\/wp-content\/uploads\/sites\/6\/2025\/06\/3_Arena-Sprint-de-Santiago-2025-1024x815.png 1024w, https:\/\/eventos.ori-estarreja.pt\/aveirocityrace2025\/wp-content\/uploads\/sites\/6\/2025\/06\/3_Arena-Sprint-de-Santiago-2025-300x239.png 300w, https:\/\/eventos.ori-estarreja.pt\/aveirocityrace2025\/wp-content\/uploads\/sites\/6\/2025\/06\/3_Arena-Sprint-de-Santiago-2025-768x611.png 768w, https:\/\/eventos.ori-estarreja.pt\/aveirocityrace2025\/wp-content\/uploads\/sites\/6\/2025\/06\/3_Arena-Sprint-de-Santiago-2025-1536x1222.png 1536w, https:\/\/eventos.ori-estarreja.pt\/aveirocityrace2025\/wp-content\/uploads\/sites\/6\/2025\/06\/3_Arena-Sprint-de-Santiago-2025-2048x1630.png 2048w\" sizes=\"auto, (max-width: 1024px) 100vw, 1024px\" \/><\/figure><\/div>\n\n\n<div style=\"height:20px\" aria-hidden=\"true\" class=\"wp-block-spacer\"><\/div>\n\n\n<h3 class=\"fonts-plugin-block \">Trajeto para as Partidas<\/h3>\n\n\n<p>A <strong>dist\u00e2ncia entre a Arena  e as Partidas \u00e9 de 600 metros<\/strong>.<\/p>\n\n\n\n<p>O trajecto estar\u00e1 devidamente assinalado com setas e fitas vermelhas e brancas, sendo obrigat\u00f3rio utilizar o mesmo para ir da Arena \u00e0s Partidas.<\/p>\n\n\n\n<p>O tempo estimado para chegar do Event Center \u00e0s Partidas a caminhar \u00e9 de <strong>8 a 10 minutos.<\/strong><\/p>\n\n\n\n<div style=\"height:20px\" aria-hidden=\"true\" class=\"wp-block-spacer\"><\/div>\n\n\n\n<p><\/p>\n\n\n<h3 class=\"fonts-plugin-block \">Partidas escal\u00f5es Abertos e Forma\u00e7\u00e3o<\/h3>\n\n\n<p>Os participantes nos escal\u00f5es Abertos e de Forma\u00e7\u00e3o n\u00e3o t\u00eam uma hora de partida pr\u00e9-definida. Estes participantes podem <strong>iniciar as suas provas entre as 10h15 e as 10h45<\/strong>.<\/p>\n\n\n\n<div style=\"height:20px\" aria-hidden=\"true\" class=\"wp-block-spacer\"><\/div>\n\n\n<h3 class=\"fonts-plugin-block \">Partidas escal\u00f5es de Competi\u00e7\u00e3o<\/h3>\n\n\n<p>Nesta etapa as partidas ser\u00e3o &#8220;normais&#8221;, o que quer dizer que os participantes t\u00eam de apresentar na partida 3 minutos antes da sua hora de in\u00edcio.<\/p>\n\n\n\n<div style=\"height:20px\" aria-hidden=\"true\" class=\"wp-block-spacer\"><\/div>\n\n\n<h3 class=\"fonts-plugin-block \">Indica\u00e7\u00f5es Gerais<\/h3>\n\n\n<p>O Bairro de Santiago \u00e9 uma \u00e1rea com pouco tr\u00e2nsito. No entanto, e tendo em conta que n\u00e3o haver\u00e1 cortes de tr\u00e2nsito, os atletas dever\u00e3o ter cuidado na progress\u00e3o e atravessamento das vias p\u00fablicas.<\/p>\n\n\n\n<div style=\"height:20px\" aria-hidden=\"true\" class=\"wp-block-spacer\"><\/div>\n\n\n\n<p><\/p>\n\n\n<h3 class=\"fonts-plugin-block \">Chegadas<\/h3>\n\n\n<p>Ap\u00f3s a chegada, os atletas devem dirigir-se \u00e0 cronometragem para leitura do seu chip.<\/p>\n\n\n\n<div style=\"height:20px\" aria-hidden=\"true\" class=\"wp-block-spacer\"><\/div>\n\n\n<h3 class=\"fonts-plugin-block \">Percursos<\/h3>\n\n\n<div style=\"height:20px\" aria-hidden=\"true\" class=\"wp-block-spacer\"><\/div>\n\n\n\n<table id=\"tablepress-38\" class=\"tablepress tablepress-id-38 tbody-has-connected-cells\">\n<thead>\n<tr class=\"row-1\">\n\t<th class=\"column-1\"><strong>Escal\u00e3o<\/strong><\/th><th class=\"column-2\"><strong>Dist\u00e2ncia (km)<\/strong><\/th><th class=\"column-3\"><strong>Pontos<\/strong><\/th><th class=\"column-4\"><strong>Declive (m)<\/strong><\/th>\n<\/tr>\n<\/thead>\n<tbody class=\"row-striping row-hover\">\n<tr class=\"row-2\">\n\t<td colspan=\"4\" class=\"column-1\"><strong>Escal\u00f5es de Competi\u00e7\u00e3o <\/strong><\/td>\n<\/tr>\n<tr class=\"row-3\">\n\t<td class=\"column-1\">D14<\/td><td class=\"column-2\">2.2<\/td><td class=\"column-3\">15<\/td><td class=\"column-4\">35<\/td>\n<\/tr>\n<tr class=\"row-4\">\n\t<td class=\"column-1\">D16<\/td><td class=\"column-2\">2.5<\/td><td class=\"column-3\">20<\/td><td class=\"column-4\">35<\/td>\n<\/tr>\n<tr class=\"row-5\">\n\t<td class=\"column-1\">D18<\/td><td class=\"column-2\">2.6<\/td><td class=\"column-3\">19<\/td><td class=\"column-4\">35<\/td>\n<\/tr>\n<tr class=\"row-6\">\n\t<td class=\"column-1\">D20<\/td><td class=\"column-2\">2.8<\/td><td class=\"column-3\">22<\/td><td class=\"column-4\">35<\/td>\n<\/tr>\n<tr class=\"row-7\">\n\t<td class=\"column-1\">DE<\/td><td class=\"column-2\">2.8<\/td><td class=\"column-3\">22<\/td><td class=\"column-4\">35<\/td>\n<\/tr>\n<tr class=\"row-8\">\n\t<td class=\"column-1\">D21A<\/td><td class=\"column-2\">2.5<\/td><td class=\"column-3\">20<\/td><td class=\"column-4\">35<\/td>\n<\/tr>\n<tr class=\"row-9\">\n\t<td class=\"column-1\">DB<\/td><td class=\"column-2\">2.0<\/td><td class=\"column-3\">14<\/td><td class=\"column-4\">30<\/td>\n<\/tr>\n<tr class=\"row-10\">\n\t<td class=\"column-1\">D35<\/td><td class=\"column-2\">2.6<\/td><td class=\"column-3\">19<\/td><td class=\"column-4\">35<\/td>\n<\/tr>\n<tr class=\"row-11\">\n\t<td class=\"column-1\">D40<\/td><td class=\"column-2\">2.6<\/td><td class=\"column-3\">19<\/td><td class=\"column-4\">35<\/td>\n<\/tr>\n<tr class=\"row-12\">\n\t<td class=\"column-1\">D45<\/td><td class=\"column-2\">2.6<\/td><td class=\"column-3\">19<\/td><td class=\"column-4\">35<\/td>\n<\/tr>\n<tr class=\"row-13\">\n\t<td class=\"column-1\">D50<\/td><td class=\"column-2\">2.0<\/td><td class=\"column-3\">14<\/td><td class=\"column-4\">30<\/td>\n<\/tr>\n<tr class=\"row-14\">\n\t<td class=\"column-1\">D55<\/td><td class=\"column-2\">2.0<\/td><td class=\"column-3\">14<\/td><td class=\"column-4\">30<\/td>\n<\/tr>\n<tr class=\"row-15\">\n\t<td class=\"column-1\">D60<\/td><td class=\"column-2\">2.0<\/td><td class=\"column-3\">14<\/td><td class=\"column-4\">30<\/td>\n<\/tr>\n<tr class=\"row-16\">\n\t<td class=\"column-1\">D65<\/td><td class=\"column-2\">1.9<\/td><td class=\"column-3\">14<\/td><td class=\"column-4\">25<\/td>\n<\/tr>\n<tr class=\"row-17\">\n\t<td class=\"column-1\">D70<\/td><td class=\"column-2\">1.9<\/td><td class=\"column-3\">14<\/td><td class=\"column-4\">25<\/td>\n<\/tr>\n<tr class=\"row-18\">\n\t<td class=\"column-1\">H14<\/td><td class=\"column-2\">2.2<\/td><td class=\"column-3\">15<\/td><td class=\"column-4\">35<\/td>\n<\/tr>\n<tr class=\"row-19\">\n\t<td class=\"column-1\">H16<\/td><td class=\"column-2\">2.8<\/td><td class=\"column-3\">20<\/td><td class=\"column-4\">35<\/td>\n<\/tr>\n<tr class=\"row-20\">\n\t<td class=\"column-1\">H18<\/td><td class=\"column-2\">2.9<\/td><td class=\"column-3\">24<\/td><td class=\"column-4\">35<\/td>\n<\/tr>\n<tr class=\"row-21\">\n\t<td class=\"column-1\">H20<\/td><td class=\"column-2\">3.7<\/td><td class=\"column-3\">26<\/td><td class=\"column-4\">40<\/td>\n<\/tr>\n<tr class=\"row-22\">\n\t<td class=\"column-1\">HE<\/td><td class=\"column-2\">3.7<\/td><td class=\"column-3\">26<\/td><td class=\"column-4\">40<\/td>\n<\/tr>\n<tr class=\"row-23\">\n\t<td class=\"column-1\">H21A<\/td><td class=\"column-2\">2.8<\/td><td class=\"column-3\">20<\/td><td class=\"column-4\">35<\/td>\n<\/tr>\n<tr class=\"row-24\">\n\t<td class=\"column-1\">HB<\/td><td class=\"column-2\">2.2<\/td><td class=\"column-3\">15<\/td><td class=\"column-4\">35<\/td>\n<\/tr>\n<tr class=\"row-25\">\n\t<td class=\"column-1\">H35<\/td><td class=\"column-2\">2.9<\/td><td class=\"column-3\">24<\/td><td class=\"column-4\">35<\/td>\n<\/tr>\n<tr class=\"row-26\">\n\t<td class=\"column-1\">H40<\/td><td class=\"column-2\">2.9<\/td><td class=\"column-3\">24<\/td><td class=\"column-4\">35<\/td>\n<\/tr>\n<tr class=\"row-27\">\n\t<td class=\"column-1\">H45<\/td><td class=\"column-2\">2.8<\/td><td class=\"column-3\">20<\/td><td class=\"column-4\">35<\/td>\n<\/tr>\n<tr class=\"row-28\">\n\t<td class=\"column-1\">H50<\/td><td class=\"column-2\">2.7<\/td><td class=\"column-3\">20<\/td><td class=\"column-4\">35<\/td>\n<\/tr>\n<tr class=\"row-29\">\n\t<td class=\"column-1\">H55<\/td><td class=\"column-2\">2.7<\/td><td class=\"column-3\">20<\/td><td class=\"column-4\">35<\/td>\n<\/tr>\n<tr class=\"row-30\">\n\t<td class=\"column-1\">H60<\/td><td class=\"column-2\">2.7<\/td><td class=\"column-3\">20<\/td><td class=\"column-4\">35<\/td>\n<\/tr>\n<tr class=\"row-31\">\n\t<td class=\"column-1\">H65<\/td><td class=\"column-2\">2.5<\/td><td class=\"column-3\">20<\/td><td class=\"column-4\">35<\/td>\n<\/tr>\n<tr class=\"row-32\">\n\t<td class=\"column-1\">H70<\/td><td class=\"column-2\">2.5<\/td><td class=\"column-3\">20<\/td><td class=\"column-4\">35<\/td>\n<\/tr>\n<tr class=\"row-33\">\n\t<td class=\"column-1\">H75<\/td><td class=\"column-2\">1.9<\/td><td class=\"column-3\">14<\/td><td class=\"column-4\">25<\/td>\n<\/tr>\n<tr class=\"row-34\">\n\t<td class=\"column-1\">H80<\/td><td class=\"column-2\">1.9<\/td><td class=\"column-3\">14<\/td><td class=\"column-4\">25<\/td>\n<\/tr>\n<tr class=\"row-35\">\n\t<td colspan=\"4\" class=\"column-1\"><strong>Escal\u00f5es de Forma\u00e7\u00e3o<\/strong><\/td>\n<\/tr>\n<tr class=\"row-36\">\n\t<td class=\"column-1\">T10<\/td><td class=\"column-2\">1.2<\/td><td class=\"column-3\">15<\/td><td class=\"column-4\">20<\/td>\n<\/tr>\n<tr class=\"row-37\">\n\t<td class=\"column-1\">D12<\/td><td class=\"column-2\">1.8<\/td><td class=\"column-3\">20<\/td><td class=\"column-4\">20<\/td>\n<\/tr>\n<tr class=\"row-38\">\n\t<td class=\"column-1\">H12<\/td><td class=\"column-2\">1.8<\/td><td class=\"column-3\">20<\/td><td class=\"column-4\">20<\/td>\n<\/tr>\n<tr class=\"row-39\">\n\t<td colspan=\"4\" class=\"column-1\"><strong>Escal\u00f5es Abertos<\/strong><\/td>\n<\/tr>\n<tr class=\"row-40\">\n\t<td class=\"column-1\">Branco<\/td><td class=\"column-2\">1.2<\/td><td class=\"column-3\">15<\/td><td class=\"column-4\">20<\/td>\n<\/tr>\n<tr class=\"row-41\">\n\t<td class=\"column-1\">Verde<\/td><td class=\"column-2\">2.0<\/td><td class=\"column-3\">19<\/td><td class=\"column-4\">25<\/td>\n<\/tr>\n<tr class=\"row-42\">\n\t<td class=\"column-1\">Amarelo<\/td><td class=\"column-2\">2.6<\/td><td class=\"column-3\">17<\/td><td class=\"column-4\">30<\/td>\n<\/tr>\n<tr class=\"row-43\">\n\t<td class=\"column-1\">Vermelho<\/td><td class=\"column-2\">3.4<\/td><td class=\"column-3\">25<\/td><td class=\"column-4\">35<\/td>\n<\/tr>\n<\/tbody>\n<\/table>\n\n\n\n\n<div style=\"height:20px\" aria-hidden=\"true\" class=\"wp-block-spacer\"><\/div>\n\n\n\n<p><strong>Tra\u00e7ador de Percursos: Rafael Miguel<\/strong><\/p>\n\n\n\n<p id=\"block-af2c0277-6338-4425-a262-50532544a99c\"><strong>Tra\u00e7adores Assistentes: Daniel Silva e Andr\u00e9 Pedrosa<\/strong><\/p>\n\n\n\n<div style=\"height:20px\" aria-hidden=\"true\" class=\"wp-block-spacer\"><\/div>\n\n\n\n<p><strong>Impress\u00e3o de mapas:<\/strong> Mapas impressos pela empresa RGB-Image, em folha resistente \u00e0 \u00e1gua, com tamanho A4+.<\/p>\n\n\n\n<div style=\"height:20px\" aria-hidden=\"true\" class=\"wp-block-spacer\"><\/div>\n\n\n\n<p><strong>Ponto de espectadores:<\/strong> Os escal\u00f5es D20, H20, DElite e HElite t\u00eam ponto de espectadores na arena. Ap\u00f3s a picagem desse ponto, os atletas t\u00eam de seguir um percurso balizado\/obrigat\u00f3rio de 25 metros.<\/p>\n","protected":false},"excerpt":{"rendered":"<p>A arena do Sprint de Santiago localiza-se junto \u00e0 Casa da Comunidade Sustent\u00e1vel, no largo ao lado da Igreja de Santiago. A dist\u00e2ncia entre a Arena e as Partidas \u00e9 de 600 metros. O trajecto estar\u00e1 devidamente assinalado com setas e fitas vermelhas e brancas, sendo obrigat\u00f3rio utilizar o mesmo para ir da Arena \u00e0s&hellip;<\/p>\n","protected":false},"author":1,"featured_media":1399,"parent":0,"menu_order":0,"comment_status":"closed","ping_status":"closed","template":"","meta":{"footnotes":""},"class_list":["post-1514","page","type-page","status-publish","has-post-thumbnail","hentry"],"_links":{"self":[{"href":"https:\/\/eventos.ori-estarreja.pt\/aveirocityrace2025\/wp-json\/wp\/v2\/pages\/1514","targetHints":{"allow":["GET"]}}],"collection":[{"href":"https:\/\/eventos.ori-estarreja.pt\/aveirocityrace2025\/wp-json\/wp\/v2\/pages"}],"about":[{"href":"https:\/\/eventos.ori-estarreja.pt\/aveirocityrace2025\/wp-json\/wp\/v2\/types\/page"}],"author":[{"embeddable":true,"href":"https:\/\/eventos.ori-estarreja.pt\/aveirocityrace2025\/wp-json\/wp\/v2\/users\/1"}],"replies":[{"embeddable":true,"href":"https:\/\/eventos.ori-estarreja.pt\/aveirocityrace2025\/wp-json\/wp\/v2\/comments?post=1514"}],"version-history":[{"count":5,"href":"https:\/\/eventos.ori-estarreja.pt\/aveirocityrace2025\/wp-json\/wp\/v2\/pages\/1514\/revisions"}],"predecessor-version":[{"id":1537,"href":"https:\/\/eventos.ori-estarreja.pt\/aveirocityrace2025\/wp-json\/wp\/v2\/pages\/1514\/revisions\/1537"}],"wp:featuredmedia":[{"embeddable":true,"href":"https:\/\/eventos.ori-estarreja.pt\/aveirocityrace2025\/wp-json\/wp\/v2\/media\/1399"}],"wp:attachment":[{"href":"https:\/\/eventos.ori-estarreja.pt\/aveirocityrace2025\/wp-json\/wp\/v2\/media?parent=1514"}],"curies":[{"name":"wp","href":"https:\/\/api.w.org\/{rel}","templated":true}]}}