{"id":1378,"date":"2025-06-03T09:46:33","date_gmt":"2025-06-03T08:46:33","guid":{"rendered":"https:\/\/eventos.ori-estarreja.pt\/aveirocityrace2025\/?page_id=1378"},"modified":"2025-06-03T10:57:25","modified_gmt":"2025-06-03T09:57:25","slug":"inscricoes-acr-2025","status":"publish","type":"page","link":"https:\/\/eventos.ori-estarreja.pt\/aveirocityrace2025\/inscricoes-acr-2025\/","title":{"rendered":"Inscri\u00e7\u00f5es ACR 2025"},"content":{"rendered":"<p class=\"fonts-plugin-block \"><\/p>\n\n<h3 class=\"fonts-plugin-block \">Prazo de Inscri\u00e7\u00f5es<\/h3>\n\n\n<div style=\"height:19px\" aria-hidden=\"true\" class=\"wp-block-spacer\"><\/div>\n\n\n<h4 class=\"fonts-plugin-block \">30 de junho, 23h59 (segunda-feira)<\/h4>\n\n\n<ul class=\"wp-block-list\">\n<li>Fecho de inscri\u00e7\u00f5es no OriOasis (online)<\/li>\n<\/ul>\n\n\n<h4 class=\"fonts-plugin-block \">1 de julho, 23h59 (ter\u00e7a-feira)<\/h4>\n\n\n<ul class=\"wp-block-list\">\n<li>Fecho de inscri\u00e7\u00f5es por E-Mail (apenas para escal\u00f5es abertos)<\/li>\n<\/ul>\n\n\n<h4 class=\"fonts-plugin-block \">3 de julho, 12h00 (quinta-feira)<\/h4>\n\n\n<ul class=\"wp-block-list\">\n<li>Data limite para pagamento de inscri\u00e7\u00f5es<\/li>\n<\/ul>\n\n\n\n<p>Nota: S\u00f3 \u00e9 poss\u00edvel participar se o pagamento da(s) inscri\u00e7\u00f5es estiver regularizado\/confirmado at\u00e9 \u00e0s 12h00 de dia 3 de julho<\/p>\n\n\n<h3 class=\"fonts-plugin-block \"><br>Inscri\u00e7\u00f5es<\/h3>\n\n\n<p>As inscri\u00e7\u00f5es de todos os participantes devem ser realizadas via sistema online Orioasis, no link \u00a0<a href=\"https:\/\/www.orioasis.pt\/oasis\/events.php?action=event_view_info&amp;eventid=2789\" target=\"_blank\" rel=\"noreferrer noopener\">Orioasis &#8211; Inscri\u00e7\u00f5es Aveiro City Race<\/a>.<\/p>\n\n\n\n<p>O link acima acede diretamente \u00e0 plataforma de inscri\u00e7\u00f5es no Orioasis.<\/p>\n\n\n\n<p>Caso tenha dificuldades ou alguma d\u00favida por favor enviar e-mail para:&nbsp;<a href=\"mailto:inscrever@ori-estarreja.pt\" target=\"_blank\" rel=\"noreferrer noopener\">inscrever@ori-estarreja.pt<\/a><\/p>\n\n\n\n<p><\/p>\n\n\n\n<hr class=\"wp-block-separator has-css-opacity\"\/>\n\n\n\n<h4 class=\"wp-block-heading\"><strong>Dados necess\u00e1rios para efetivar uma inscri\u00e7\u00e3o por e-mail<\/strong><\/h4>\n\n\n\n<ul class=\"wp-block-list\">\n<li>Nome(s) do(s) participante(s);<\/li>\n\n\n\n<li>Data(s) de nascimento;<\/li>\n\n\n\n<li>Nome do Clube;<\/li>\n\n\n\n<li>N\u00ba de filiado na FPO (caso n\u00e3o seja filiado na FPO n\u00ba de CC ou Bilhete de Identidade);<\/li>\n\n\n\n<li>N\u00ba do SI Card, caso tenha um. Na aus\u00eancia deste, ser-lhe-\u00e1 emprestado um.\n<ul class=\"wp-block-list\">\n<li>A perda ou n\u00e3o devolu\u00e7\u00e3o do SI Card emprestado  implica o pagamento de at\u00e9 50\u20ac , consoante o modelo.<\/li>\n<\/ul>\n<\/li>\n\n\n\n<li>Escal\u00e3o de participa\u00e7\u00e3o;<\/li>\n\n\n\n<li>Etapas a participar (na eventualidade de n\u00e3o participar em todas as etapas, mencionar qual ou quais)<\/li>\n<\/ul>\n\n\n\n<p>Nos dias do evento, s\u00f3 \u00e9 poss\u00edvel fazer inscri\u00e7\u00f5es em escal\u00f5es abertos. Ficam condicionadas \u00e0 disponibilidade de mapas.<\/p>\n\n\n\n<p><strong>Nota:<\/strong>&nbsp;Os atletas que pretenderem participar em grupo, devem efectuar apenas uma \u00fanica inscri\u00e7\u00e3o mencionando os dados obrigat\u00f3rios de todos os participantes que o constituem.<\/p>\n\n\n\n<p><\/p>\n\n\n\n<hr class=\"wp-block-separator has-css-opacity\"\/>\n\n\n\n<h3 class=\"wp-block-heading\">Taxas de inscri\u00e7\u00e3o (por Etapa)<\/h3>\n\n\n\n<p>As taxas de inscri\u00e7\u00e3o s\u00e3o aplic\u00e1veis por etapa e por pessoa, mesmo que a inscri\u00e7\u00e3o seja de um grupo.<\/p>\n\n\n\n<p>As etapas 1 e 3, respeitantes ao Trof\u00e9u dos Bairros (e que contam para o ranking da TP Sprint)  t\u00eam pre\u00e7os de inscri\u00e7\u00e3o diferentes da etapa Aveiro Sunset City Race (que conta para o ranking do circuito Portugal City Race).<\/p>\n\n\n\n<h3 class=\"wp-block-heading\">Taxas de Inscri\u00e7\u00e3o Etapa 1 &#8211; Sprint da Vila Nova e Etapa 3 &#8211; Sprint de Santiago (TP Sprint)<\/h3>\n\n\n\n<h3 class=\"wp-block-heading\">Escal\u00f5es de Competi\u00e7\u00e3o<\/h3>\n\n\n\n<table id=\"tablepress-31\" class=\"tablepress tablepress-id-31 tbody-has-connected-cells\">\n<thead>\n<tr class=\"row-1\">\n\t<th colspan=\"2\" class=\"column-1\"><span style=\"color:#FFFFFF\"><strong>Data Limite<\/strong><\/th><th class=\"column-3\"><span style=\"color:#FFFFFF\"><strong>30 de junho<\/strong><\/span><\/th><th class=\"column-4\"><span style=\"color:#FFFFFF\">Durante o evento<\/span><\/th>\n<\/tr>\n<\/thead>\n<tbody class=\"row-striping row-hover\">\n<tr class=\"row-2\">\n\t<td class=\"column-1\"><\/td><td class=\"column-2\"><\/td><td class=\"column-3\">(pre\u00e7o por etapa)<\/td><td class=\"column-4\">(pre\u00e7o por etapa)<br \/>\n(Apenas dispon\u00edvel para escal\u00f5es ABERTOS e FORMA\u00c7\u00c3O - sujeito \u00e0 disponibilidade de mapas)<\/td>\n<\/tr>\n<tr class=\"row-3\">\n\t<td rowspan=\"2\" class=\"column-1\"><strong>Federados na FPO (Portugal) ou na FEDO (Espanha)*<\/strong><\/td><td class=\"column-2\"><strong>Nascidos em 2005 or depois<\/strong><\/td><td class=\"column-3\">4.50 \u20ac<\/td><td class=\"column-4\">N\u00e3o dispon\u00edvel<\/td>\n<\/tr>\n<tr class=\"row-4\">\n\t<td class=\"column-2\"><strong>Nascidos at\u00e9  2004<\/strong><\/td><td class=\"column-3\">8.00 \u20ac<\/td><td class=\"column-4\">N\u00e3o dispon\u00edvel<\/td>\n<\/tr>\n<tr class=\"row-5\">\n\t<td rowspan=\"2\" class=\"column-1\"><strong>Todos os outros Participantes **<\/strong><\/td><td class=\"column-2\"><strong>Nascidos em 2005 or depois<\/strong><\/td><td class=\"column-3\">11.00 \u20ac<\/td><td class=\"column-4\">N\u00e3o dispon\u00edvel<\/td>\n<\/tr>\n<tr class=\"row-6\">\n\t<td class=\"column-2\"><strong>Nascidos at\u00e9  2004<\/strong><\/td><td class=\"column-3\">16.00 \u20ac<\/td><td class=\"column-4\">N\u00e3o dispon\u00edvel<\/td>\n<\/tr>\n<tr class=\"row-7\">\n\t<td colspan=\"4\" class=\"column-1\">* 0,50\u20ac revertem a favor da Federa\u00e7\u00e3o Portuguesa de Orienta\u00e7\u00e3o (FPO)<br \/>\n** 0,50\u20ac revertem a favor da FPO e 2,00\u20ac para o seguro desportivo<br \/>\nSeguro desportivo inclu\u00eddo para todos os participantes<\/td>\n<\/tr>\n<\/tbody>\n<\/table>\n<!-- #tablepress-31 from cache -->\n\n\n\n<h3 class=\"wp-block-heading\">Escal\u00f5es de Forma\u00e7\u00e3o e Abertos<\/h3>\n\n\n\n<table id=\"tablepress-35\" class=\"tablepress tablepress-id-35 tbody-has-connected-cells\">\n<thead>\n<tr class=\"row-1\">\n\t<th colspan=\"2\" class=\"column-1\"><span style=\"color:#FFFFFF\"><strong>Data Limite<\/strong><\/th><th class=\"column-3\"><span style=\"color:#FFFFFF\"><strong>30 de junho<\/strong><\/span><\/th><th class=\"column-4\"><span style=\"color:#FFFFFF\">Durante o evento<\/span><\/th>\n<\/tr>\n<\/thead>\n<tbody class=\"row-striping row-hover\">\n<tr class=\"row-2\">\n\t<td class=\"column-1\"><\/td><td class=\"column-2\"><\/td><td class=\"column-3\">(pre\u00e7o por etapa)<\/td><td class=\"column-4\">(pre\u00e7o por etapa)<br \/>\n(Sujeito \u00e0 disponibilidade de mapas)<\/td>\n<\/tr>\n<tr class=\"row-3\">\n\t<td rowspan=\"2\" class=\"column-1\"><strong>Federados na FPO (Portugal) ou na FEDO (Espanha)*<\/strong><\/td><td class=\"column-2\"><strong>Nascidos em 2005 or depois<\/strong><\/td><td class=\"column-3\">4.50 \u20ac<\/td><td class=\"column-4\">4.50 \u20ac<\/td>\n<\/tr>\n<tr class=\"row-4\">\n\t<td class=\"column-2\"><strong>Nascidos at\u00e9  2004<\/strong><\/td><td class=\"column-3\">8.00 \u20ac<\/td><td class=\"column-4\">8.00 \u20ac<\/td>\n<\/tr>\n<tr class=\"row-5\">\n\t<td rowspan=\"2\" class=\"column-1\"><strong>Todos os outros Participantes *<\/strong><\/td><td class=\"column-2\"><strong>Nascidos em 2005 or depois<\/strong><\/td><td class=\"column-3\">5.00 \u20ac<\/td><td class=\"column-4\">5.00 \u20ac<\/td>\n<\/tr>\n<tr class=\"row-6\">\n\t<td class=\"column-2\"><strong>Nascidos at\u00e9  2004<\/strong><\/td><td class=\"column-3\">9.00 \u20ac<\/td><td class=\"column-4\">9.00 \u20ac<\/td>\n<\/tr>\n<tr class=\"row-7\">\n\t<td colspan=\"4\" class=\"column-1\">* 0,50\u20ac revertem a favor da Federa\u00e7\u00e3o Portuguesa de Orienta\u00e7\u00e3o (FPO)<br \/>\nSeguro desportivo inclu\u00eddo para todos os participantes<\/td>\n<\/tr>\n<\/tbody>\n<\/table>\n<!-- #tablepress-35 from cache -->\n\n\n\n<h3 class=\"wp-block-heading\">Taxas de Inscri\u00e7\u00e3o Etapa 2 &#8211; Aveiro Sunset City Race (City Race)<\/h3>\n\n\n\n<h3 class=\"wp-block-heading\">Escal\u00f5es de Competi\u00e7\u00e3o, Forma\u00e7\u00e3o e Abertos<\/h3>\n\n\n\n<table id=\"tablepress-36\" class=\"tablepress tablepress-id-36 tbody-has-connected-cells\">\n<thead>\n<tr class=\"row-1\">\n\t<th colspan=\"2\" class=\"column-1\"><span style=\"color:#FFFFFF\"><strong>Data Limite<\/strong><\/th><th class=\"column-3\"><span style=\"color:#FFFFFF\"><strong>30 de junho<\/strong><\/span><\/th><th class=\"column-4\"><span style=\"color:#FFFFFF\">Durante o evento<\/span><\/th>\n<\/tr>\n<\/thead>\n<tbody class=\"row-striping row-hover\">\n<tr class=\"row-2\">\n\t<td class=\"column-1\"><\/td><td class=\"column-2\"><\/td><td class=\"column-3\">(pre\u00e7o por etapa)<\/td><td class=\"column-4\">(pre\u00e7o por etapa)<br \/>\n(Sujeito \u00e0 disponibilidade de mapas)<\/td>\n<\/tr>\n<tr class=\"row-3\">\n\t<td rowspan=\"2\" class=\"column-1\"><strong>Federados na FPO (Portugal) ou na FEDO (Espanha)*<\/strong><\/td><td class=\"column-2\"><strong>Nascidos em 2005 or depois<\/strong><\/td><td class=\"column-3\">4.50 \u20ac<\/td><td class=\"column-4\">4.50 \u20ac<\/td>\n<\/tr>\n<tr class=\"row-4\">\n\t<td class=\"column-2\"><strong>Nascidos at\u00e9  2004<\/strong><\/td><td class=\"column-3\">7.00 \u20ac<\/td><td class=\"column-4\">7.00 \u20ac<\/td>\n<\/tr>\n<tr class=\"row-5\">\n\t<td rowspan=\"2\" class=\"column-1\"><strong>Todos os outros Participantes **<\/strong><\/td><td class=\"column-2\"><strong>Nascidos em 2005 or depois<\/strong><\/td><td class=\"column-3\">6.50 \u20ac<\/td><td class=\"column-4\">6.50 \u20ac<\/td>\n<\/tr>\n<tr class=\"row-6\">\n\t<td class=\"column-2\"><strong>Nascidos at\u00e9  2004<\/strong><\/td><td class=\"column-3\">9.00 \u20ac<\/td><td class=\"column-4\">9.00 \u20ac<\/td>\n<\/tr>\n<tr class=\"row-7\">\n\t<td colspan=\"4\" class=\"column-1\">* 0,50\u20ac revertem a favor da Federa\u00e7\u00e3o Portuguesa de Orienta\u00e7\u00e3o (FPO)<br \/>\n** 0,50\u20ac revertem a favor da FPO e 2,00\u20ac para o seguro desportivo<br \/>\nSeguro desportivo inclu\u00eddo para todos os participantes<\/td>\n<\/tr>\n<\/tbody>\n<\/table>\n<!-- #tablepress-36 from cache -->\n\n\n\n<hr class=\"wp-block-separator has-css-opacity\"\/>\n\n\n<h3 class=\"fonts-plugin-block \"><br>Pagamentos<\/h3>\n\n\n<p>O pagamento das inscri\u00e7\u00f5es devem ser realizados preferencialmente por Refer\u00eancia Multibanco ou por MBWay.<\/p>\n\n\n\n<p>Os m\u00e9todos de pagamento dispon\u00edveis s\u00e3o:<\/p>\n\n\n\n<ul class=\"wp-block-list\">\n<li>Cart\u00e3o Visa e PayPal \u2013 dispon\u00edvel para todos<\/li>\n\n\n\n<li>MB Way ou refer\u00eancia Multibanco \u2013 dispon\u00edvel apenas para portugueses<\/li>\n<\/ul>\n\n\n\n<p><strong><em>S\u00f3 \u00e9 poss\u00edvel participar se o pagamento da(s) inscri\u00e7\u00f5es estiver regularizado\/confirmado at\u00e9 \u00e0s 12h00 do dia 3 de julho.<\/em><\/strong><\/p>\n\n\n\n<p><\/p>\n\n\n\n<hr class=\"wp-block-separator has-css-opacity\"\/>\n\n\n\n<p>Nas inscri\u00e7\u00f5es Express do OASIS, colocar o Express Code no descritivo da confirma\u00e7\u00e3o;<\/p>\n\n\n\n<ul class=\"wp-block-list\">\n<li>Para pagamentos de clubes, indique sempre o nome clube no descritivo.\n<ul class=\"wp-block-list\">\n<li>Para pagamentos totais de clubes, nada mais h\u00e1 a acrescentar.<\/li>\n\n\n\n<li>Para pagamentos parciais, indique nos coment\u00e1rios a lista de atletas, ou envie um mail \u00e0 organiza\u00e7\u00e3o com a lista e o comprovativo em anexo.<\/li>\n<\/ul>\n<\/li>\n<\/ul>\n\n\n\n<p>Use o endere\u00e7o&nbsp;<a href=\"mailto:inscrever@ori-estarreja.pt\">inscrever@ori-estarreja.pt<\/a>&nbsp;para todos os mails relacionados com inscri\u00e7\u00f5es.<\/p>\n\n\n\n<p>As inscri\u00e7\u00f5es no dia da prova s\u00e3o pagas no Secretariado em numer\u00e1rio ou MBWay.<\/p>\n\n\n\n<hr class=\"wp-block-separator has-css-opacity\"\/>\n\n\n\n<h4 class=\"wp-block-heading\"><strong>Pagamento por MBWay<\/strong><\/h4>\n\n\n\n<p>O pagamento por MBWay \u00e9 recente e pr\u00e1tico, j\u00e1 que n\u00e3o implica envio de comprovativos, sendo o mais adequado para os participantes individuais e de escal\u00f5es Abertos.<\/p>\n\n\n\n<p>Ap\u00f3s a inscri\u00e7\u00e3o em Oasis, \u00e9 possivel escolher o m\u00e9todo de pagamento.<\/p>\n\n\n\n<p>Ao seleccionar MBWay, \u00e9 pedido o n\u00famero de telem\u00f3vel que vai receber a ordem de pagamento, com o respetivo valor a pagar, na app MBWay. <\/p>\n\n\n\n<p>Tem alguns minutos para efectuar o pagamento. Apenas \u00e9 preciso confirmar o valor e realizar a opera\u00e7\u00e3o.<\/p>\n","protected":false},"excerpt":{"rendered":"<p>Nota: S\u00f3 \u00e9 poss\u00edvel participar se o pagamento da(s) inscri\u00e7\u00f5es estiver regularizado\/confirmado at\u00e9 \u00e0s 12h00 de dia 3 de julho<\/p>\n","protected":false},"author":1,"featured_media":1399,"parent":0,"menu_order":0,"comment_status":"closed","ping_status":"closed","template":"","meta":{"footnotes":""},"class_list":["post-1378","page","type-page","status-publish","has-post-thumbnail","hentry"],"_links":{"self":[{"href":"https:\/\/eventos.ori-estarreja.pt\/aveirocityrace2025\/wp-json\/wp\/v2\/pages\/1378","targetHints":{"allow":["GET"]}}],"collection":[{"href":"https:\/\/eventos.ori-estarreja.pt\/aveirocityrace2025\/wp-json\/wp\/v2\/pages"}],"about":[{"href":"https:\/\/eventos.ori-estarreja.pt\/aveirocityrace2025\/wp-json\/wp\/v2\/types\/page"}],"author":[{"embeddable":true,"href":"https:\/\/eventos.ori-estarreja.pt\/aveirocityrace2025\/wp-json\/wp\/v2\/users\/1"}],"replies":[{"embeddable":true,"href":"https:\/\/eventos.ori-estarreja.pt\/aveirocityrace2025\/wp-json\/wp\/v2\/comments?post=1378"}],"version-history":[{"count":1,"href":"https:\/\/eventos.ori-estarreja.pt\/aveirocityrace2025\/wp-json\/wp\/v2\/pages\/1378\/revisions"}],"predecessor-version":[{"id":1380,"href":"https:\/\/eventos.ori-estarreja.pt\/aveirocityrace2025\/wp-json\/wp\/v2\/pages\/1378\/revisions\/1380"}],"wp:featuredmedia":[{"embeddable":true,"href":"https:\/\/eventos.ori-estarreja.pt\/aveirocityrace2025\/wp-json\/wp\/v2\/media\/1399"}],"wp:attachment":[{"href":"https:\/\/eventos.ori-estarreja.pt\/aveirocityrace2025\/wp-json\/wp\/v2\/media?parent=1378"}],"curies":[{"name":"wp","href":"https:\/\/api.w.org\/{rel}","templated":true}]}}