{"id":1300,"date":"2025-05-31T00:06:19","date_gmt":"2025-05-30T23:06:19","guid":{"rendered":"https:\/\/eventos.ori-estarreja.pt\/aveirocityrace2025\/?page_id=1300"},"modified":"2025-06-03T18:20:20","modified_gmt":"2025-06-03T17:20:20","slug":"informacoes-gerais-acr-2025","status":"publish","type":"page","link":"https:\/\/eventos.ori-estarreja.pt\/aveirocityrace2025\/informacoes-gerais-acr-2025\/","title":{"rendered":"Informa\u00e7\u00f5es Gerais ACR 2025"},"content":{"rendered":"<p class=\"fonts-plugin-block \"><\/p>\n\n<h3 class=\"fonts-plugin-block \">Diretor de Prova<\/h3>\n\n\n<ul class=\"wp-block-list\">\n<li>Nuno Pires<\/li>\n<\/ul>\n\n\n\n<div style=\"height:10px\" aria-hidden=\"true\" class=\"wp-block-spacer\"><\/div>\n\n\n<h3 class=\"fonts-plugin-block \">Supervisor FPO (TP Sprint)<\/h3>\n\n\n<ul class=\"wp-block-list\">\n<li>Carlos Ferreira<\/li>\n<\/ul>\n\n\n\n<div style=\"height:10px\" aria-hidden=\"true\" class=\"wp-block-spacer\"><\/div>\n\n\n<h3 class=\"fonts-plugin-block \">Centro do Evento e Secretariado<\/h3>\n\n\n<p>No S\u00e1bado, dia 5 de julho, o secretariado est\u00e1 localizado no <strong><strong>Largo do Dr. Jaime Magalh\u00e3es Lima, na Antiga Biblioteca<\/strong><\/strong>.<\/p>\n\n\n\n<p>No \u00b4Domingo, dia 6 de julho, o secretariado est\u00e1 localizado na <strong><strong>Casa da Comunidade Sustent\u00e1vel<\/strong><\/strong>.<\/p>\n\n\n\n<p>Consulte o <a href=\"https:\/\/eventos.ori-estarreja.pt\/aveirocityrace2025\/programa-aveiro-city-race-2025\/\" data-type=\"page\" data-id=\"1274\">Programa<\/a> para horas de abertura e fecho e Localiza\u00e7\u00f5es para indica\u00e7\u00f5es geogr\u00e1ficas.<\/p>\n\n\n\n<div style=\"height:10px\" aria-hidden=\"true\" class=\"wp-block-spacer\"><\/div>\n\n\n<h3 class=\"fonts-plugin-block \">Regras e Regulamentos<\/h3>\n\n\n<p>O evento Aveiro City Race 2025 segue no seu todo o definido no <a href=\"https:\/\/eventos.ori-estarreja.pt\/aveirocityrace2025\/wp-content\/uploads\/sites\/6\/2025\/05\/02_Regulamento-Competicoes-Pedestre.pdf\" target=\"_blank\" rel=\"noreferrer noopener\">Regulamento de Competi\u00e7\u00f5es de Orienta\u00e7\u00e3o Pedestre<\/a> e no <a href=\"https:\/\/eventos.ori-estarreja.pt\/aveirocityrace2025\/wp-content\/uploads\/sites\/6\/2025\/05\/Regulamento-Geral-de-Competicoes.pdf\" data-type=\"link\" data-id=\"https:\/\/eventos.ori-estarreja.pt\/aveirocityrace2025\/wp-content\/uploads\/sites\/6\/2025\/05\/Regulamento-Geral-de-Competicoes.pdf\" target=\"_blank\" rel=\"noreferrer noopener\">Regulamento Geral de Competi\u00e7\u00f5es<\/a>.<\/p>\n\n\n\n<p>A etapa <em>Aveiro Sunset City Race<\/em> \u00e9 regulamentada em espec\u00edfico pelo descrito no <a href=\"https:\/\/eventos.ori-estarreja.pt\/aveirocityrace2025\/wp-content\/uploads\/sites\/6\/2025\/05\/07_Regulamento-Portugal-City-Race.pdf\" target=\"_blank\" rel=\"noreferrer noopener\">Regulamento do Portugal City Race<\/a>.<\/p>\n\n\n\n<div style=\"height:10px\" aria-hidden=\"true\" class=\"wp-block-spacer\"><\/div>\n\n\n<h3 class=\"fonts-plugin-block \">Seguro Desportivo<\/h3>\n\n\n<p>De acordo com a legisla\u00e7\u00e3o em vigor, todos os participantes devem possuir seguro desportivo. Assim, todos estar\u00e3o cobertos pela ap\u00f3lice de seguro da Federa\u00e7\u00e3o Portuguesa de Orienta\u00e7\u00e3o (FPO), nos seguintes termos:<\/p>\n\n\n\n<ul class=\"wp-block-list\">\n<li>Atletas federados na FPO: Cobertura pelo seguro desportivo da FPO.<\/li>\n\n\n\n<li>Restantes participantes:\n<ul class=\"wp-block-list\">\n<li>Escal\u00f5es Open e de Forma\u00e7\u00e3o: seguro gratuito<\/li>\n\n\n\n<li>Escal\u00f5es de Competi\u00e7\u00e3o&nbsp; \u2013 2\u20ac por etapa (inclu\u00eddo na taxa de inscri\u00e7\u00e3o)\n<ul class=\"wp-block-list\">\n<li>Os participantes dever\u00e3o fornecer o seu n\u00famero de passaporte (preferencialmente) ou n\u00famero de identifica\u00e7\u00e3o nacional no processo de inscri\u00e7\u00e3o na plataforma&nbsp;&nbsp;<a href=\"https:\/\/www.orioasis.pt\/oasis\/events.php?action=event_view_info&amp;eventid=3003\" target=\"_blank\" rel=\"noreferrer noopener\">OriOasis<\/a>. Os cidad\u00e3os portugueses devem fornecer tamb\u00e9m o n\u00famero de NIF.<\/li>\n<\/ul>\n<\/li>\n<\/ul>\n<\/li>\n\n\n\n<li>O seguro da FPO e as condi\u00e7\u00f5es da ap\u00f3lice est\u00e3o fora do \u00e2mbito de responsabilidade dos organizadores do ACR 2025. Para informa\u00e7\u00f5es detalhadas sobre as condi\u00e7\u00f5es do seguro, entre em contacto com a FPO ou consulte a respetiva documenta\u00e7\u00e3o.<\/li>\n<\/ul>\n\n\n\n<p>Os Atletas federados na FEDO t\u00eam cobertura pelo seguro desportivo da FEDO.<\/p>\n\n\n\n<div style=\"height:10px\" aria-hidden=\"true\" class=\"wp-block-spacer\"><\/div>\n\n\n\n<ul class=\"wp-block-list\"><\/ul>\n\n\n<h3 class=\"fonts-plugin-block \">Peitorais ACR 2025<\/h3>\n\n\n<p>Os atletas <strong>N\u00e3o Federados e dos Escal\u00f5es Abertos<\/strong> usam <strong>peitorais fornecidos pela organiza\u00e7\u00e3o<\/strong>, a levantar no Secretariado.<\/p>\n\n\n\n<p>Os atletas federados usam os peitorais FPO. <\/p>\n\n\n\n<div style=\"height:10px\" aria-hidden=\"true\" class=\"wp-block-spacer\"><\/div>\n\n\n<h3 class=\"fonts-plugin-block \">Sistema de Marca\u00e7\u00e3o Electr\u00f3nica com SI Card e SIAC<\/h3>\n\n\n<p>As esta\u00e7\u00f5es do <strong>ACR 2025 t\u00eam o modo Air ativado<\/strong>, para utiliza\u00e7\u00e3o de SIAC em marca\u00e7\u00e3o de proximidade. A organiza\u00e7\u00e3o <strong>n\u00e3o disponibiliza SIAC&#8217;s para alugar ou emprestar<\/strong>.<\/p>\n\n\n\n<p>A organiza\u00e7\u00e3o <strong>atribui SI Card<\/strong> por defeito a quem n\u00e3o tiver, sendo a atribui\u00e7\u00e3o para uma ou todas as etapas que participar, <strong>por empr\u00e9stimo, de forma gratuita<\/strong>.<\/p>\n\n\n\n<p>Todos os SI Cards atribu\u00eddos aos participantes no ACR2025 devem ser devolvidos no final da \u00faltima etapa em que participarem.<\/p>\n\n\n\n<p><strong>A n\u00e3o devolu\u00e7\u00e3o ou perda de um cart\u00e3o SI emprestado implicar\u00e1 o pagamento de uma taxa de 50\u20ac.<\/strong><\/p>\n\n\n\n<div style=\"height:10px\" aria-hidden=\"true\" class=\"wp-block-spacer\"><\/div>\n\n\n<h3 class=\"fonts-plugin-block \">Partidas<\/h3>\n\n\n<p>As <strong>listagens de partida<\/strong> s\u00e3o publicadas <strong>dois dias antes do evento<\/strong>.<\/p>\n\n\n\n<p>A partida de todos os participantes dos <strong>escal\u00f5es Abertos e de Forma\u00e7\u00e3o<\/strong> ser\u00e1 com recurso a <strong>Box Start<\/strong>.<\/p>\n\n\n\n<p>Salvaguarda-se naturalmente que as partidas dos mais pequenos (Forma\u00e7\u00e3o) sejam ajustadas em fun\u00e7\u00e3o da participa\u00e7\u00e3o dos pais e\/ou acompanhantes.<\/p>\n\n\n\n<p>Podem solicitar via Oasis (no campo de Observa\u00e7\u00e3o \u00e0 Organiza\u00e7\u00e3o) horas de partidas que permitam a gest\u00e3o da participa\u00e7\u00e3o de agregados familiares.<\/p>\n\n\n\n<div style=\"height:10px\" aria-hidden=\"true\" class=\"wp-block-spacer\"><\/div>\n\n\n<h3 class=\"fonts-plugin-block \">Pr\u00e9mios e Lembran\u00e7as<\/h3>\n\n\n<div style=\"height:10px\" aria-hidden=\"true\" class=\"wp-block-spacer\"><\/div>\n\n\n<h4 class=\"fonts-plugin-block \">Etapa Aveiro Sunset City Race<\/h4>\n\n\n<ul class=\"wp-block-list\">\n<li>Medalhas Aveiro City Race 2025 para os tr\u00eas primeiros classificados dos Escal\u00f5es de Competi\u00e7\u00e3o e Open<\/li>\n\n\n\n<li>Lembran\u00e7as da C\u00e2mara Municipal de Aveiro para os tr\u00eas primeiros classificados dos Escal\u00f5es de Competi\u00e7\u00e3o e Open<\/li>\n\n\n\n<li>Lembran\u00e7a Aveiro City Race 2025 para os participantes no Escal\u00e3o de Forma\u00e7\u00e3o<\/li>\n<\/ul>\n\n\n\n<div style=\"height:10px\" aria-hidden=\"true\" class=\"wp-block-spacer\"><\/div>\n\n\n<h4 class=\"fonts-plugin-block \">Trof\u00e9u Bairros de Aveiro (Somat\u00f3rio de Tempos das Etapas Sprint da Vila Nova e Sprint de Santiago)<\/h4>\n\n\n<ul class=\"wp-block-list\">\n<li>Medalhas Trof\u00e9u Bairros de Aveiro para os tr\u00eas primeiros classificados dos Escal\u00f5es de Competi\u00e7\u00e3o (cinco primeiros na Elite) e Open<\/li>\n\n\n\n<li>Lembran\u00e7as Trof\u00e9u Bairros de Aveiro para os participantes, nos Escal\u00f5es de Forma\u00e7\u00e3o (H\/D10 e H\/D12)<\/li>\n\n\n\n<li>Trof\u00e9u Bairros de Aveiro para os tr\u00eas primeiros classificados, em Clubes<\/li>\n<\/ul>\n\n\n\n<div style=\"height:10px\" aria-hidden=\"true\" class=\"wp-block-spacer\"><\/div>\n\n\n<h3 class=\"fonts-plugin-block \">WC&#8217;s<\/h3>\n\n\n<p>(a indicar)<\/p>\n\n\n\n<div style=\"height:10px\" aria-hidden=\"true\" class=\"wp-block-spacer\"><\/div>\n\n\n<h3 class=\"fonts-plugin-block \">Solo Duro e Banhos<\/h3>\n\n\n<p>A organiza\u00e7\u00e3o disponibiliza um Solo Duro (espa\u00e7o para dormida sem custos) na noite de 5 para 6 de julho, no pavilh\u00e3o da Escola B\u00e1sica Jo\u00e3o Afonso de Aveiro.<\/p>\n\n\n\n<p>O mesmo espa\u00e7o servir\u00e1 para Banhos.<\/p>\n\n\n\n<p>Caso seja necess\u00e1rio providenciar um espa\u00e7o de pernoita adicional, na noite anterior ou posterior ao evento, por favor contacte a organiza\u00e7\u00e3o pelo mail <a href=\"mailto:inscrever@ori-estarreja.pt\" target=\"_blank\" rel=\"noreferrer noopener\">inscrever@ori-estarreja.pt<\/a>.<\/p>\n\n\n\n<div style=\"height:10px\" aria-hidden=\"true\" class=\"wp-block-spacer\"><\/div>\n\n\n\n<div style=\"height:10px\" aria-hidden=\"true\" class=\"wp-block-spacer\"><\/div>\n\n\n<h3 class=\"fonts-plugin-block \">Babysitting e Servi\u00e7o de Bar<\/h3>\n\n\n<p>Haver\u00e1 um espa\u00e7o de babysitting junto ao Secretariado, em ambos os dias do evento.<\/p>\n\n\n\n<p><mark style=\"background-color:rgba(0, 0, 0, 0)\" class=\"has-inline-color has-vivid-red-color\">N\u00e3o haver\u00e1 servi\u00e7o de Bar.<\/mark><\/p>\n\n\n\n<p><\/p>\n","protected":false},"excerpt":{"rendered":"<p>No S\u00e1bado, dia 5 de julho, o secretariado est\u00e1 localizado no Largo do Dr. Jaime Magalh\u00e3es Lima, na Antiga Biblioteca. No \u00b4Domingo, dia 6 de julho, o secretariado est\u00e1 localizado na Casa da Comunidade Sustent\u00e1vel. Consulte o Programa para horas de abertura e fecho e Localiza\u00e7\u00f5es para indica\u00e7\u00f5es geogr\u00e1ficas. O evento Aveiro City Race 2025&hellip;<\/p>\n","protected":false},"author":1,"featured_media":1399,"parent":0,"menu_order":0,"comment_status":"closed","ping_status":"closed","template":"","meta":{"footnotes":""},"class_list":["post-1300","page","type-page","status-publish","has-post-thumbnail","hentry"],"_links":{"self":[{"href":"https:\/\/eventos.ori-estarreja.pt\/aveirocityrace2025\/wp-json\/wp\/v2\/pages\/1300","targetHints":{"allow":["GET"]}}],"collection":[{"href":"https:\/\/eventos.ori-estarreja.pt\/aveirocityrace2025\/wp-json\/wp\/v2\/pages"}],"about":[{"href":"https:\/\/eventos.ori-estarreja.pt\/aveirocityrace2025\/wp-json\/wp\/v2\/types\/page"}],"author":[{"embeddable":true,"href":"https:\/\/eventos.ori-estarreja.pt\/aveirocityrace2025\/wp-json\/wp\/v2\/users\/1"}],"replies":[{"embeddable":true,"href":"https:\/\/eventos.ori-estarreja.pt\/aveirocityrace2025\/wp-json\/wp\/v2\/comments?post=1300"}],"version-history":[{"count":17,"href":"https:\/\/eventos.ori-estarreja.pt\/aveirocityrace2025\/wp-json\/wp\/v2\/pages\/1300\/revisions"}],"predecessor-version":[{"id":1466,"href":"https:\/\/eventos.ori-estarreja.pt\/aveirocityrace2025\/wp-json\/wp\/v2\/pages\/1300\/revisions\/1466"}],"wp:featuredmedia":[{"embeddable":true,"href":"https:\/\/eventos.ori-estarreja.pt\/aveirocityrace2025\/wp-json\/wp\/v2\/media\/1399"}],"wp:attachment":[{"href":"https:\/\/eventos.ori-estarreja.pt\/aveirocityrace2025\/wp-json\/wp\/v2\/media?parent=1300"}],"curies":[{"name":"wp","href":"https:\/\/api.w.org\/{rel}","templated":true}]}}