{"id":1274,"date":"2025-05-30T10:13:24","date_gmt":"2025-05-30T09:13:24","guid":{"rendered":"https:\/\/eventos.ori-estarreja.pt\/aveirocityrace2025\/?page_id=1274"},"modified":"2025-06-03T10:58:00","modified_gmt":"2025-06-03T09:58:00","slug":"programa-aveiro-city-race-2025","status":"publish","type":"page","link":"https:\/\/eventos.ori-estarreja.pt\/aveirocityrace2025\/programa-aveiro-city-race-2025\/","title":{"rendered":"Programa Aveiro City Race 2025"},"content":{"rendered":"<h3 class=\"fonts-plugin-block \">30 de junho (segunda-feira)<\/h3>\n\n\n<ul class=\"wp-block-list\">\n<li>Fecho de inscri\u00e7\u00f5es no OriOasis (online)<\/li>\n<\/ul>\n\n\n<h3 class=\"fonts-plugin-block \">1 de julho (ter\u00e7a-feira)<\/h3>\n\n\n<ul class=\"wp-block-list\">\n<li>Fecho de inscri\u00e7\u00f5es por E-Mail (apenas para escal\u00f5es abertos)<\/li>\n<\/ul>\n\n\n<h3 class=\"fonts-plugin-block \">3 de julho(quinta-feira)<\/h3>\n\n\n<ul class=\"wp-block-list\">\n<li>Data limite para pagamento de inscri\u00e7\u00f5es<\/li>\n\n\n\n<li>Publica\u00e7\u00e3o das listagens de partidas<\/li>\n<\/ul>\n\n\n\n<p>Nota: S\u00f3 \u00e9 poss\u00edvel participar se o pagamento da(s) inscri\u00e7\u00f5es estiver regularizado\/confirmado at\u00e9 \u00e0s 12h00 de dia 3 de julho<\/p>\n\n\n<h3 class=\"fonts-plugin-block \">5 de julho (s\u00e1bado)<\/h3>\n\n\n<ul class=\"wp-block-list\">\n<li><strong>12h30<\/strong> &#8211; Abertura do Secretariado (<strong>Largo do Dr. Jaime Magalh\u00e3es Lima &#8211; Antiga Biblioteca<\/strong>)<\/li>\n\n\n\n<li><strong>14h00<\/strong> &#8211; Inicio das Partidas da etapa <strong>Sprint da Vila Nova <strong>(Escal\u00f5es de Competi\u00e7\u00e3o)<\/strong><\/strong><\/li>\n\n\n\n<li><strong>14h15<\/strong> &#8211; Inicio das Partidas da etapa <strong>Sprint da Vila Nova <strong><strong>(Escal\u00f5es Abertos e de Forma\u00e7\u00e3o)<\/strong><\/strong><\/strong><\/li>\n\n\n\n<li><strong>15h00<\/strong> &#8211; Fecho das Partidas <strong>(Escal\u00f5es Abertos e de Forma\u00e7\u00e3o)<\/strong><\/li>\n\n\n\n<li><strong>15h30<\/strong> &#8211; Fecho do Secretariado<\/li>\n<\/ul>\n\n\n\n<ul class=\"wp-block-list\">\n<li><strong>19h30<\/strong> &#8211; Abertura do Secretariado (<strong>Largo do Dr. Jaime Magalh\u00e3es Lima &#8211; Antiga Biblioteca<\/strong>)<\/li>\n\n\n\n<li><strong>20h30<\/strong> &#8211; Inicio das Partidas da etapa <strong>Aveiro Sunset City Race <strong>(Escal\u00f5es de Competi\u00e7\u00e3o)<\/strong><\/strong><\/li>\n\n\n\n<li><strong>20h45<\/strong> &#8211; Inicio das Partidas da etapa <strong><strong>Aveiro Sunset City Race<\/strong> <strong><strong>(Escal\u00f5es Abertos e de Forma\u00e7\u00e3o)<\/strong><\/strong><\/strong><\/li>\n\n\n\n<li><strong>21h15<\/strong> &#8211; Fecho das Partidas <strong>(Escal\u00f5es Abertos e de Forma\u00e7\u00e3o)<\/strong><\/li>\n\n\n\n<li><strong>21h30<\/strong> &#8211; Fecho do Secretariado<\/li>\n\n\n\n<li><strong>21h45<\/strong> &#8211; Cerim\u00f3nia de Entrega de pr\u00e9mios <strong>Aveiro City Race<\/strong> (<em>hora estimada<\/em>)<\/li>\n<\/ul>\n\n\n\n<p><\/p>\n\n\n<h3 class=\"fonts-plugin-block \">6 de julho (domingo)<\/h3>\n\n\n<ul class=\"wp-block-list\">\n<li><strong>09h00<\/strong> &#8211; Abertura do Secretariado (<strong>Casa da Comunidade Sustent\u00e1vel<\/strong>)<\/li>\n\n\n\n<li><strong>10h00<\/strong> &#8211; Inicio das Partidas da etapa <strong>Sprint de Santiago (Escal\u00f5es de Competi\u00e7\u00e3o)<\/strong><\/li>\n\n\n\n<li><strong>10h15<\/strong> &#8211; Inicio das Partidas da etapa <strong><strong>Sprint de Santiago<\/strong> (Escal\u00f5es Abertos e de Forma\u00e7\u00e3o)<\/strong><\/li>\n\n\n\n<li><strong>10h45<\/strong> &#8211; Fecho das Partidas <strong>(Escal\u00f5es Abertos e de Forma\u00e7\u00e3o)<\/strong><\/li>\n\n\n\n<li><strong>12h00<\/strong> &#8211; Cerim\u00f3nia de Entrega de pr\u00e9mios <strong>Trof\u00e9u Bairros de Aveiro<\/strong> (<em>hora estimada<\/em>)<\/li>\n<\/ul>\n\n\n\n<p>&nbsp;<\/p>\n\n\n\n<p><\/p>\n","protected":false},"excerpt":{"rendered":"<p>Nota: S\u00f3 \u00e9 poss\u00edvel participar se o pagamento da(s) inscri\u00e7\u00f5es estiver regularizado\/confirmado at\u00e9 \u00e0s 12h00 de dia 3 de julho &nbsp;<\/p>\n","protected":false},"author":1,"featured_media":1399,"parent":0,"menu_order":0,"comment_status":"closed","ping_status":"closed","template":"","meta":{"footnotes":""},"class_list":["post-1274","page","type-page","status-publish","has-post-thumbnail","hentry"],"_links":{"self":[{"href":"https:\/\/eventos.ori-estarreja.pt\/aveirocityrace2025\/wp-json\/wp\/v2\/pages\/1274","targetHints":{"allow":["GET"]}}],"collection":[{"href":"https:\/\/eventos.ori-estarreja.pt\/aveirocityrace2025\/wp-json\/wp\/v2\/pages"}],"about":[{"href":"https:\/\/eventos.ori-estarreja.pt\/aveirocityrace2025\/wp-json\/wp\/v2\/types\/page"}],"author":[{"embeddable":true,"href":"https:\/\/eventos.ori-estarreja.pt\/aveirocityrace2025\/wp-json\/wp\/v2\/users\/1"}],"replies":[{"embeddable":true,"href":"https:\/\/eventos.ori-estarreja.pt\/aveirocityrace2025\/wp-json\/wp\/v2\/comments?post=1274"}],"version-history":[{"count":5,"href":"https:\/\/eventos.ori-estarreja.pt\/aveirocityrace2025\/wp-json\/wp\/v2\/pages\/1274\/revisions"}],"predecessor-version":[{"id":1288,"href":"https:\/\/eventos.ori-estarreja.pt\/aveirocityrace2025\/wp-json\/wp\/v2\/pages\/1274\/revisions\/1288"}],"wp:featuredmedia":[{"embeddable":true,"href":"https:\/\/eventos.ori-estarreja.pt\/aveirocityrace2025\/wp-json\/wp\/v2\/media\/1399"}],"wp:attachment":[{"href":"https:\/\/eventos.ori-estarreja.pt\/aveirocityrace2025\/wp-json\/wp\/v2\/media?parent=1274"}],"curies":[{"name":"wp","href":"https:\/\/api.w.org\/{rel}","templated":true}]}}