{"id":577,"date":"2024-06-06T22:36:54","date_gmt":"2024-06-06T21:36:54","guid":{"rendered":"https:\/\/eventos.ori-estarreja.pt\/abom2025\/?page_id=577"},"modified":"2025-02-08T22:07:11","modified_gmt":"2025-02-08T21:07:11","slug":"programa","status":"publish","type":"page","link":"https:\/\/eventos.ori-estarreja.pt\/abom2025\/programa\/","title":{"rendered":"Programa"},"content":{"rendered":"<div id=\"pl-gb577-69e1b78de26de\"  class=\"panel-layout\" ><div id=\"pg-gb577-69e1b78de26de-0\"  class=\"panel-grid panel-has-style\" ><div class=\"panel-row-style panel-row-style-for-gb577-69e1b78de26de-0\" ><div id=\"pgc-gb577-69e1b78de26de-0-0\"  class=\"panel-grid-cell\" ><div id=\"panel-gb577-69e1b78de26de-0-0-0\" class=\"so-panel widget widget_sow-editor panel-first-child panel-last-child\" data-index=\"0\" ><div\n\t\t\t\n\t\t\tclass=\"so-widget-sow-editor so-widget-sow-editor-base\"\n\t\t\t\n\t\t>\n<div class=\"siteorigin-widget-tinymce textwidget\">\n\t\n<table id=\"tablepress-4\" class=\"tablepress tablepress-id-4 tbody-has-connected-cells\">\n<thead>\n<tr class=\"row-1\">\n\t<th class=\"column-1\"><span style=\"color:#FFFFFF\"><strong>Data<\/strong><\/span><\/th><th class=\"column-2\"><span style=\"color:#FFFFFF\"><strong>Hora<\/strong><\/span><\/th><th class=\"column-3\"><span style=\"color:#FFFFFF\"><strong>Evento<\/strong><\/span><\/th><th class=\"column-4\"><span style=\"color:#FFFFFF\"><strong>Local<\/strong><\/span><\/th>\n<\/tr>\n<\/thead>\n<tbody class=\"row-hover\">\n<tr class=\"row-2\">\n\t<td rowspan=\"2\" class=\"column-1\"><strong>Sexta<br \/>\n17<strong><\/strong><strong> Janeiro<\/strong><\/strong><\/td><td rowspan=\"2\" class=\"column-2\">23h59<\/td><td rowspan=\"2\" class=\"column-3\">Final das inscri\u00e7\u00f5es a pre\u00e7os reduzidos<\/td><td rowspan=\"2\" class=\"column-4\"><a href=\"https:\/\/www.orioasis.pt\/oasis\/events.php?action=event_view_info&amp;eventid=2926\" rel=\"noopener\" target=\"_blank\">Portal OriOasis<\/a><\/td>\n<\/tr>\n<tr class=\"row-3\">\n\t\n<\/tr>\n<tr class=\"row-4\">\n\t<td rowspan=\"2\" class=\"column-1\"><strong>Sexta<br \/>\n14<strong><\/strong><strong> Fevereiro<\/strong><\/strong><\/td><td rowspan=\"2\" class=\"column-2\">23h59<\/td><td rowspan=\"2\" class=\"column-3\">Final das inscri\u00e7\u00f5es<\/td><td rowspan=\"2\" class=\"column-4\"><a href=\"https:\/\/www.orioasis.pt\/oasis\/events.php?action=event_view_info&amp;eventid=2926\" rel=\"noopener\" target=\"_blank\">Portal OriOasis<\/a><\/td>\n<\/tr>\n<tr class=\"row-5\">\n\t\n<\/tr>\n<tr class=\"row-6\">\n\t<td rowspan=\"4\" class=\"column-1\"><strong>Sexta<br \/>\n21<strong><\/strong><strong> Fevereiro<\/strong><\/strong><\/td><td class=\"column-2\"><strong>9h00<\/strong> \u00e0s 18h00<\/td><td class=\"column-3\">Abertura do secretariado<\/td><td class=\"column-4\">ABOM 2025 Arena<\/td>\n<\/tr>\n<tr class=\"row-7\">\n\t<td class=\"column-2\"><strong>Todo o dia<\/strong><\/td><td class=\"column-3\"><strong>Model Event (Evento Modelo)<\/strong><\/td><td class=\"column-4\"><strong>Quinta da Estrada<\/strong><\/td>\n<\/tr>\n<tr class=\"row-8\">\n\t<td class=\"column-2\"><span style=\"color:#FF0000\"><strong>14h00<\/strong><\/span><\/td><td class=\"column-3\"><span style=\"color:#FF0000\"><strong>Pr\u00f3logo<\/strong><\/span><\/td><td class=\"column-4\"><span style=\"color:#FF0000\"><strong>Quinta das Lameiras<\/strong><\/span><\/td>\n<\/tr>\n<tr class=\"row-9\">\n\t<td class=\"column-2\">19h00 (estimativa)<\/td><td class=\"column-3\">Abertura do Solo Duro<\/td><td class=\"column-4\">Pavilh\u00e3o Municipal Aguiar da Beira<\/td>\n<\/tr>\n<tr class=\"row-10\">\n\t<td rowspan=\"7\" class=\"column-1\"><strong>S\u00e1bado<br \/>\n22<strong><\/strong><strong> Fevereiro<\/strong><\/strong><\/td><td class=\"column-2\">8h30 \u00e0s 17h00<\/td><td class=\"column-3\">Abertura do secretariado<\/td><td class=\"column-4\">ABOM 2025 Arena<\/td>\n<\/tr>\n<tr class=\"row-11\">\n\t<td class=\"column-2\"><span style=\"color:#FF0000\"><strong>10h00<\/strong><\/span><\/td><td class=\"column-3\"><span style=\"color:#FF0000\"><strong>Dist\u00e2ncia Longa WRE<\/strong><\/span><\/td><td class=\"column-4\"><span style=\"color:#FF0000\"><strong>Quinta das Lameiras<\/strong><\/span><\/td>\n<\/tr>\n<tr class=\"row-12\">\n\t<td class=\"column-2\">10h15 \u00e0s 12h00<\/td><td class=\"column-3\">Janela de partida para escal\u00f5es Open e Forma\u00e7\u00e3o<\/td><td class=\"column-4\">Quinta das Lameiras<\/td>\n<\/tr>\n<tr class=\"row-13\">\n\t<td class=\"column-2\"><strong>15h30 (estimativa)<\/strong><\/td><td class=\"column-3\"><strong>Entrega de pr\u00e9mios Longa WRE<\/strong><\/td><td class=\"column-4\"><strong>ABOM 2025 Arena<\/strong><\/td>\n<\/tr>\n<tr class=\"row-14\">\n\t<td class=\"column-2\">16h30 (estimativa)<\/td><td class=\"column-3\">Fecho da meta<\/td><td class=\"column-4\">ABOM 2025 Arena<\/td>\n<\/tr>\n<tr class=\"row-15\">\n\t<td class=\"column-2\"><span style=\"color:#FF0000\"><strong>15h-16h<\/strong><\/span><\/td><td class=\"column-3\"><span style=\"color:#FF0000\"><strong>PreO<\/strong><\/span><\/td><td class=\"column-4\"><span style=\"color:#FF0000\"><strong>Quinta das Lameiras<\/strong><\/span><\/td>\n<\/tr>\n<tr class=\"row-16\">\n\t<td class=\"column-2\"><strong>17h00 (estimativa)<\/strong><\/td><td class=\"column-3\"><strong>Entrega de pr\u00e9mios PreO<\/strong><\/td><td class=\"column-4\"><strong>ABOM 2025 Arena<\/strong><\/td>\n<\/tr>\n<tr class=\"row-17\">\n\t<td rowspan=\"7\" class=\"column-1\"><strong>Domingo<br \/>\n23<strong><\/strong><strong> Fevereiro<\/strong><\/strong><\/td><td class=\"column-2\">8h00 \u00e0s 14h00<\/td><td class=\"column-3\">Abertura do secretariado<\/td><td class=\"column-4\">ABOM 2025 Arena<\/td>\n<\/tr>\n<tr class=\"row-18\">\n\t<td class=\"column-2\"><span style=\"color:#FF0000\"><strong>9h00<\/strong><\/span><\/td><td class=\"column-3\"><span style=\"color:#FF0000\"><strong>Dist\u00e2ncia M\u00e9dia WRE escal\u00f5es Elite<\/strong><\/span><\/td><td class=\"column-4\"><span style=\"color:#FF0000\"><strong>Quinta das Lameiras<\/strong><\/span><\/td>\n<\/tr>\n<tr class=\"row-19\">\n\t<td class=\"column-2\"><span style=\"color:#FF0000\"><strong>9h30<\/strong><\/span><\/td><td class=\"column-3\"><span style=\"color:#FF0000\"><strong>Dist\u00e2ncia M\u00e9dia restantes escal\u00f5es<\/strong><\/span><\/td><td class=\"column-4\"><span style=\"color:#FF0000\"><strong>Quinta das Lameiras<\/strong><\/span><\/td>\n<\/tr>\n<tr class=\"row-20\">\n\t<td class=\"column-2\">9h45 \u00e0s 11h30<\/td><td class=\"column-3\">Janela de partida para escal\u00f5es Open e Forma\u00e7\u00e3o<\/td><td class=\"column-4\">Quinta das Lameiras<\/td>\n<\/tr>\n<tr class=\"row-21\">\n\t<td class=\"column-2\"><strong>13h30 (estimativa)<\/strong><\/td><td class=\"column-3\"><strong>Entrega de pr\u00e9mios<\/strong><\/td><td class=\"column-4\"><strong>ABOM 2025 Arena<\/strong><\/td>\n<\/tr>\n<tr class=\"row-22\">\n\t<td class=\"column-2\">14h30 (estimativa)<\/td><td class=\"column-3\">Fecho da meta<\/td><td class=\"column-4\">ABOM 2025 Arena<\/td>\n<\/tr>\n<tr class=\"row-23\">\n\t<td class=\"column-2\">15h00<\/td><td class=\"column-3\">Fecho do Solo Duro<\/td><td class=\"column-4\">Pavilh\u00e3o Municipal Aguiar da Beira<\/td>\n<\/tr>\n<tr class=\"row-24\">\n\t<td class=\"column-1\"><\/td><td class=\"column-2\"><\/td><td class=\"column-3\"><\/td><td class=\"column-4\"><\/td>\n<\/tr>\n<\/tbody>\n<\/table>\n\n<p>&nbsp;<\/p>\n<\/div>\n<\/div><\/div><\/div><\/div><\/div><\/div>","protected":false},"excerpt":{"rendered":"<p>&nbsp;<\/p>\n","protected":false},"author":1,"featured_media":0,"parent":0,"menu_order":0,"comment_status":"closed","ping_status":"closed","template":"","meta":{"footnotes":""},"class_list":["post-577","page","type-page","status-publish","hentry","post"],"_links":{"self":[{"href":"https:\/\/eventos.ori-estarreja.pt\/abom2025\/wp-json\/wp\/v2\/pages\/577","targetHints":{"allow":["GET"]}}],"collection":[{"href":"https:\/\/eventos.ori-estarreja.pt\/abom2025\/wp-json\/wp\/v2\/pages"}],"about":[{"href":"https:\/\/eventos.ori-estarreja.pt\/abom2025\/wp-json\/wp\/v2\/types\/page"}],"author":[{"embeddable":true,"href":"https:\/\/eventos.ori-estarreja.pt\/abom2025\/wp-json\/wp\/v2\/users\/1"}],"replies":[{"embeddable":true,"href":"https:\/\/eventos.ori-estarreja.pt\/abom2025\/wp-json\/wp\/v2\/comments?post=577"}],"version-history":[{"count":5,"href":"https:\/\/eventos.ori-estarreja.pt\/abom2025\/wp-json\/wp\/v2\/pages\/577\/revisions"}],"predecessor-version":[{"id":1510,"href":"https:\/\/eventos.ori-estarreja.pt\/abom2025\/wp-json\/wp\/v2\/pages\/577\/revisions\/1510"}],"wp:attachment":[{"href":"https:\/\/eventos.ori-estarreja.pt\/abom2025\/wp-json\/wp\/v2\/media?parent=577"}],"curies":[{"name":"wp","href":"https:\/\/api.w.org\/{rel}","templated":true}]}}