{"id":472,"date":"2024-06-05T00:56:48","date_gmt":"2024-06-04T23:56:48","guid":{"rendered":"https:\/\/eventos.ori-estarreja.pt\/abom2025\/?page_id=472"},"modified":"2024-06-05T11:34:29","modified_gmt":"2024-06-05T10:34:29","slug":"apresentacao","status":"publish","type":"page","link":"https:\/\/eventos.ori-estarreja.pt\/abom2025\/apresentacao\/","title":{"rendered":"Apresenta\u00e7\u00e3o"},"content":{"rendered":"<div id=\"pl-gb472-69e61b9618ed5\"  class=\"panel-layout\" ><div id=\"pg-gb472-69e61b9618ed5-0\"  class=\"panel-grid panel-has-style\" ><div class=\"panel-row-style panel-row-style-for-gb472-69e61b9618ed5-0\" ><div id=\"pgc-gb472-69e61b9618ed5-0-0\"  class=\"panel-grid-cell\" ><div id=\"panel-gb472-69e61b9618ed5-0-0-0\" class=\"so-panel widget widget_sow-editor panel-first-child panel-last-child\" data-index=\"0\" ><div class=\"panel-widget-style panel-widget-style-for-gb472-69e61b9618ed5-0-0-0\" ><div\n\t\t\t\n\t\t\tclass=\"so-widget-sow-editor so-widget-sow-editor-base\"\n\t\t\t\n\t\t>\n<div class=\"siteorigin-widget-tinymce textwidget\">\n\t<p><span class=\"so-premium-web-font\" style=\"font-family: Poppins;\" data-web-font-module=\"google\" data-font-info=\"{&quot;font&quot;:&quot;Poppins&quot;,&quot;webfont&quot;:true,&quot;variant&quot;:&quot;regular&quot;,&quot;module&quot;:&quot;google&quot;}\">Bem-vindos a Aguiar da Beira &#8211; Portugal. Bem-vindos \u00e0 quarta edi\u00e7\u00e3o do Aguiar da Beira &#8216;O&#8217; Meeting!<\/span><\/p>\n<p><span class=\"so-premium-web-font\" style=\"font-family: Poppins;\" data-web-font-module=\"google\" data-font-info=\"{&quot;font&quot;:&quot;Poppins&quot;,&quot;webfont&quot;:true,&quot;variant&quot;:&quot;regular&quot;,&quot;module&quot;:&quot;google&quot;}\">O ABOM finalmente regressa \u00e0s suas origens &#8211; um World Ranking Event (WRE) no Inverno &#8211; e este ser\u00e1 o evento perfeito para preparar a temporada de 2025.<\/span><\/p>\n<p><span class=\"so-premium-web-font\" style=\"font-family: Poppins;\" data-web-font-module=\"google\" data-font-info=\"{&quot;font&quot;:&quot;Poppins&quot;,&quot;webfont&quot;:true,&quot;variant&quot;:&quot;regular&quot;,&quot;module&quot;:&quot;google&quot;}\">Acreditamos que Aguiar da Beira e o ABOM oferecem a melhor oportunidade para um Atleta de Sele\u00e7\u00e3o se preparar para o WOC 2025 em Kuopio, Finl\u00e2ndia.<\/span><\/p>\n<p><span class=\"so-premium-web-font\" style=\"font-family: Poppins;\" data-web-font-module=\"google\" data-font-info=\"{&quot;font&quot;:&quot;Poppins&quot;,&quot;webfont&quot;:true,&quot;variant&quot;:&quot;regular&quot;,&quot;module&quot;:&quot;google&quot;}\">Temos terrenos altamente t\u00e9cnicos, com deslumbrantes florestas de pinheiros, extensos afloramentos rochosos\u00a0 e numerosos detalhes de pedras. No entanto, partilhamos ainda mais semelhan\u00e7as com Kuopio 2025!<\/span><\/p>\n<p><span class=\"so-premium-web-font\" style=\"font-family: Poppins;\" data-web-font-module=\"google\" data-font-info=\"{&quot;font&quot;:&quot;Poppins&quot;,&quot;webfont&quot;:true,&quot;variant&quot;:&quot;regular&quot;,&quot;module&quot;:&quot;google&quot;}\">Os cart\u00f3grafos do ABOM 2025 s\u00e3o Janne Weckman e Timo Joensuu, os mesmos de Kuopio!<\/span><\/p>\n<\/div>\n<\/div><\/div><\/div><\/div><\/div><\/div><div id=\"pg-gb472-69e61b9618ed5-1\"  class=\"panel-grid panel-has-style\" ><div class=\"panel-row-style panel-row-style-for-gb472-69e61b9618ed5-1\" ><div id=\"pgc-gb472-69e61b9618ed5-1-0\"  class=\"panel-grid-cell panel-grid-cell-empty\" ><\/div><div id=\"pgc-gb472-69e61b9618ed5-1-1\"  class=\"panel-grid-cell panel-grid-cell-mobile-last\" ><div id=\"panel-gb472-69e61b9618ed5-1-1-0\" class=\"so-panel widget widget_sow-image panel-first-child panel-last-child\" data-index=\"1\" ><div\n\t\t\t\n\t\t\tclass=\"so-widget-sow-image so-widget-sow-image-default-a258e6bfa2d8-472\"\n\t\t\t\n\t\t>\n<div class=\"sow-image-container\">\n\t\t<img \n\tsrc=\"https:\/\/eventos.ori-estarreja.pt\/abom2025\/wp-content\/uploads\/sites\/5\/2024\/06\/LOGO_ABOM2025-Com-Data.png\" width=\"3461\" height=\"926\" srcset=\"https:\/\/eventos.ori-estarreja.pt\/abom2025\/wp-content\/uploads\/sites\/5\/2024\/06\/LOGO_ABOM2025-Com-Data.png 3461w, https:\/\/eventos.ori-estarreja.pt\/abom2025\/wp-content\/uploads\/sites\/5\/2024\/06\/LOGO_ABOM2025-Com-Data-300x80.png 300w, https:\/\/eventos.ori-estarreja.pt\/abom2025\/wp-content\/uploads\/sites\/5\/2024\/06\/LOGO_ABOM2025-Com-Data-1024x274.png 1024w, https:\/\/eventos.ori-estarreja.pt\/abom2025\/wp-content\/uploads\/sites\/5\/2024\/06\/LOGO_ABOM2025-Com-Data-768x205.png 768w, https:\/\/eventos.ori-estarreja.pt\/abom2025\/wp-content\/uploads\/sites\/5\/2024\/06\/LOGO_ABOM2025-Com-Data-1536x411.png 1536w, https:\/\/eventos.ori-estarreja.pt\/abom2025\/wp-content\/uploads\/sites\/5\/2024\/06\/LOGO_ABOM2025-Com-Data-2048x548.png 2048w\" sizes=\"(max-width: 3461px) 100vw, 3461px\" title=\"LOGO_ABOM2025 Com Data\" alt=\"\" \t\tclass=\"so-widget-image\"\/>\n\t<\/div>\n\n<\/div><\/div><\/div><div id=\"pgc-gb472-69e61b9618ed5-1-2\"  class=\"panel-grid-cell panel-grid-cell-empty\" ><\/div><\/div><\/div><div id=\"pg-gb472-69e61b9618ed5-2\"  class=\"panel-grid panel-has-style\" ><div class=\"panel-row-style panel-row-style-for-gb472-69e61b9618ed5-2\" ><div id=\"pgc-gb472-69e61b9618ed5-2-0\"  class=\"panel-grid-cell\" ><div id=\"panel-gb472-69e61b9618ed5-2-0-0\" class=\"so-panel widget widget_sow-editor panel-first-child panel-last-child\" data-index=\"2\" ><div class=\"panel-widget-style panel-widget-style-for-gb472-69e61b9618ed5-2-0-0\" ><div\n\t\t\t\n\t\t\tclass=\"so-widget-sow-editor so-widget-sow-editor-base\"\n\t\t\t\n\t\t>\n<div class=\"siteorigin-widget-tinymce textwidget\">\n\t<p><span class=\"so-premium-web-font\" style=\"font-family: Poppins;\" data-web-font-module=\"google\" data-font-info=\"{&quot;font&quot;:&quot;Poppins&quot;,&quot;webfont&quot;:true,&quot;variant&quot;:&quot;regular&quot;,&quot;module&quot;:&quot;google&quot;}\">Temos condi\u00e7\u00f5es climat\u00e9ricas favor\u00e1veis para o treino de inverno. A probabilidade de queda de neve aqui \u00e9 muito baixa e, quando acontece, geralmente derrete em algumas horas.<\/span><\/p>\n<p><span class=\"so-premium-web-font\" style=\"font-family: Poppins;\" data-web-font-module=\"google\" data-font-info=\"{&quot;font&quot;:&quot;Poppins&quot;,&quot;webfont&quot;:true,&quot;variant&quot;:&quot;regular&quot;,&quot;module&quot;:&quot;google&quot;}\">Al\u00e9m disso, as competi\u00e7\u00f5es do ABOM 2025 ter\u00e3o lugar no mesmo mapa usado para os eventos do JWOC 2022 de diat\u00e2ncia M\u00e9dia e das Estafetas.<\/span><\/p>\n<p><span class=\"so-premium-web-font\" style=\"font-family: Poppins;\" data-web-font-module=\"google\" data-font-info=\"{&quot;font&quot;:&quot;Poppins&quot;,&quot;webfont&quot;:true,&quot;variant&quot;:&quot;regular&quot;,&quot;module&quot;:&quot;google&quot;}\">Ap\u00f3s o sucesso dessas competi\u00e7\u00f5es realizadas em novembro de 2022, aguardamos ansiosamente para ver atletas de classe mundial aqui novamente em competi\u00e7\u00e3o.<\/span><\/p>\n<p><span class=\"so-premium-web-font\" style=\"font-family: Poppins;\" data-web-font-module=\"google\" data-font-info=\"{&quot;font&quot;:&quot;Poppins&quot;,&quot;webfont&quot;:true,&quot;variant&quot;:&quot;regular&quot;,&quot;module&quot;:&quot;google&quot;}\">O ABOM 2025 contar\u00e1 com quatro provas, incluindo duas etapas WRE e uma competi\u00e7\u00e3o de PreO. Al\u00e9m disso, o ABOM 2025 faz parte do calend\u00e1rio portugu\u00eas do Ranking da Ta\u00e7a de Portugal de Floresta Pedestre e do Ranking de TrailO.<\/span><\/p>\n<\/div>\n<\/div><\/div><\/div><\/div><div id=\"pgc-gb472-69e61b9618ed5-2-1\"  class=\"panel-grid-cell\" ><div id=\"panel-gb472-69e61b9618ed5-2-1-0\" class=\"so-panel widget widget_sow-image panel-first-child panel-last-child\" data-index=\"3\" ><div\n\t\t\t\n\t\t\tclass=\"so-widget-sow-image so-widget-sow-image-default-334eeca80698-472\"\n\t\t\t\n\t\t>\n<div class=\"sow-image-container\">\n\t\t\t<a href=\"https:\/\/eventos.ori-estarreja.pt\/abom2025\/wp-content\/uploads\/sites\/5\/2024\/06\/MIDDLE_Men-PURPLE.png\"\n\t\t\tdata-lightbox=\"1498000115665ef6b245c89847273849\" data-lightbox-options=\"{&quot;alwaysShowNavOnTouchDevices&quot;:false,&quot;disabledOnTablet&quot;:false,&quot;disabledOnMobile&quot;:false,&quot;disableScrolling&quot;:false,&quot;overlayColor&quot;:&quot;#000&quot;,&quot;overlayOpacity&quot;:0.8,&quot;fadeDuration&quot;:600,&quot;fitImagesInViewport&quot;:true,&quot;imageFadeDuration&quot;:600,&quot;maxHeight&quot;:&quot;&quot;,&quot;maxWidth&quot;:&quot;&quot;,&quot;positionFromTop&quot;:50,&quot;resizeDuration&quot;:700,&quot;showImageNumberLabel&quot;:true,&quot;disableCaption&quot;:&quot;&quot;,&quot;wrapAround&quot;:true,&quot;albumLabel&quot;:&quot; %1 of %2&quot;}\" \t\t>\n\t\t\t<img \n\tsrc=\"https:\/\/eventos.ori-estarreja.pt\/abom2025\/wp-content\/uploads\/sites\/5\/2024\/06\/MIDDLE_Men-PURPLE.png\" width=\"3612\" height=\"2492\" srcset=\"https:\/\/eventos.ori-estarreja.pt\/abom2025\/wp-content\/uploads\/sites\/5\/2024\/06\/MIDDLE_Men-PURPLE.png 3612w, https:\/\/eventos.ori-estarreja.pt\/abom2025\/wp-content\/uploads\/sites\/5\/2024\/06\/MIDDLE_Men-PURPLE-300x207.png 300w, https:\/\/eventos.ori-estarreja.pt\/abom2025\/wp-content\/uploads\/sites\/5\/2024\/06\/MIDDLE_Men-PURPLE-1024x706.png 1024w, https:\/\/eventos.ori-estarreja.pt\/abom2025\/wp-content\/uploads\/sites\/5\/2024\/06\/MIDDLE_Men-PURPLE-768x530.png 768w, https:\/\/eventos.ori-estarreja.pt\/abom2025\/wp-content\/uploads\/sites\/5\/2024\/06\/MIDDLE_Men-PURPLE-1536x1060.png 1536w, https:\/\/eventos.ori-estarreja.pt\/abom2025\/wp-content\/uploads\/sites\/5\/2024\/06\/MIDDLE_Men-PURPLE-2048x1413.png 2048w\" sizes=\"(max-width: 3612px) 100vw, 3612px\" title=\"Mapa JWOC 2022 - Dist\u00e2ncia M\u00e9dia\" alt=\"\" \t\tclass=\"so-widget-image\"\/>\n\t\t\t<\/a><\/div>\n\n<h3 class=\"widget-title\">Mapa JWOC 2022 &#8211; Dist\u00e2ncia M\u00e9dia<\/h3><\/div><\/div><\/div><\/div><\/div><div id=\"pg-gb472-69e61b9618ed5-3\"  class=\"panel-grid panel-has-style\" ><div class=\"panel-row-style panel-row-style-for-gb472-69e61b9618ed5-3\" ><div id=\"pgc-gb472-69e61b9618ed5-3-0\"  class=\"panel-grid-cell\" ><div id=\"panel-gb472-69e61b9618ed5-3-0-0\" class=\"so-panel widget widget_sow-editor panel-first-child panel-last-child\" data-index=\"4\" ><div class=\"panel-widget-style panel-widget-style-for-gb472-69e61b9618ed5-3-0-0\" ><div\n\t\t\t\n\t\t\tclass=\"so-widget-sow-editor so-widget-sow-editor-base\"\n\t\t\t\n\t\t>\n<div class=\"siteorigin-widget-tinymce textwidget\">\n\t<p><span class=\"so-premium-web-font\" style=\"font-family: Poppins;\" data-web-font-module=\"google\" data-font-info=\"{&quot;font&quot;:&quot;Poppins&quot;,&quot;webfont&quot;:true,&quot;variant&quot;:&quot;regular&quot;,&quot;module&quot;:&quot;google&quot;}\">O Munic\u00edpio de Aguiar da Beira, o Ori-Estarreja e o Oriented Aguiar s\u00e3o os principais organizadores do ABOM 2025, com a colabora\u00e7\u00e3o da Federa\u00e7\u00e3o Portuguesa de Orienta\u00e7\u00e3o e da Federa\u00e7\u00e3o Internacional de Orienta\u00e7\u00e3o.<\/span><\/p>\n<p><span class=\"so-premium-web-font\" style=\"font-family: Poppins;\" data-web-font-module=\"google\" data-font-info=\"{&quot;font&quot;:&quot;Poppins&quot;,&quot;webfont&quot;:true,&quot;variant&quot;:&quot;regular&quot;,&quot;module&quot;:&quot;google&quot;}\">Espere um clima favor\u00e1vel, terrenos deslumbrantes, uma gastronomia deliciosa e competi\u00e7\u00f5es com terrenos relevantes para o WOC 2025 em Aguiar da Beira!<\/span><\/p>\n<\/div>\n<\/div><\/div><\/div><\/div><\/div><\/div><\/div>","protected":false},"excerpt":{"rendered":"<p>Bem-vindos a Aguiar da Beira &#8211; Portugal. Bem-vindos \u00e0 quarta edi\u00e7\u00e3o do Aguiar da Beira &#8216;O&#8217; Meeting! O ABOM finalmente regressa \u00e0s suas origens &#8211; um World Ranking Event (WRE) no Inverno &#8211; e este ser\u00e1 o evento perfeito para preparar a temporada de 2025. Acreditamos que Aguiar da Beira e o ABOM oferecem a [&hellip;]<\/p>\n","protected":false},"author":1,"featured_media":0,"parent":0,"menu_order":0,"comment_status":"closed","ping_status":"closed","template":"","meta":{"footnotes":""},"class_list":["post-472","page","type-page","status-publish","hentry","post"],"_links":{"self":[{"href":"https:\/\/eventos.ori-estarreja.pt\/abom2025\/wp-json\/wp\/v2\/pages\/472","targetHints":{"allow":["GET"]}}],"collection":[{"href":"https:\/\/eventos.ori-estarreja.pt\/abom2025\/wp-json\/wp\/v2\/pages"}],"about":[{"href":"https:\/\/eventos.ori-estarreja.pt\/abom2025\/wp-json\/wp\/v2\/types\/page"}],"author":[{"embeddable":true,"href":"https:\/\/eventos.ori-estarreja.pt\/abom2025\/wp-json\/wp\/v2\/users\/1"}],"replies":[{"embeddable":true,"href":"https:\/\/eventos.ori-estarreja.pt\/abom2025\/wp-json\/wp\/v2\/comments?post=472"}],"version-history":[{"count":11,"href":"https:\/\/eventos.ori-estarreja.pt\/abom2025\/wp-json\/wp\/v2\/pages\/472\/revisions"}],"predecessor-version":[{"id":518,"href":"https:\/\/eventos.ori-estarreja.pt\/abom2025\/wp-json\/wp\/v2\/pages\/472\/revisions\/518"}],"wp:attachment":[{"href":"https:\/\/eventos.ori-estarreja.pt\/abom2025\/wp-json\/wp\/v2\/media?parent=472"}],"curies":[{"name":"wp","href":"https:\/\/api.w.org\/{rel}","templated":true}]}}