{"id":2107,"date":"2025-02-22T00:00:53","date_gmt":"2025-02-22T00:00:53","guid":{"rendered":"https:\/\/eventos.ori-estarreja.pt\/abom2025\/?page_id=2107"},"modified":"2025-02-22T21:45:35","modified_gmt":"2025-02-22T21:45:35","slug":"live-center-preo-sprint","status":"publish","type":"page","link":"https:\/\/eventos.ori-estarreja.pt\/abom2025\/live-center-preo-sprint\/","title":{"rendered":"Live Center &#8211; PreO Sprint"},"content":{"rendered":"<div id=\"pl-gb2107-69e6224187940\"  class=\"panel-layout\" ><div id=\"pg-gb2107-69e6224187940-0\"  class=\"panel-grid panel-no-style\" ><div id=\"pgc-gb2107-69e6224187940-0-0\"  class=\"panel-grid-cell\" ><div id=\"panel-gb2107-69e6224187940-0-0-0\" class=\"so-panel widget widget_sow-image panel-first-child panel-last-child\" data-index=\"0\" ><div\n\t\t\t\n\t\t\tclass=\"so-widget-sow-image so-widget-sow-image-default-113ccd71f3e6-2107\"\n\t\t\t\n\t\t>\n<div class=\"sow-image-container\">\n\t\t<img \n\tsrc=\"https:\/\/eventos.ori-estarreja.pt\/abom2025\/wp-content\/uploads\/sites\/5\/2025\/02\/LIVE-CENTER.png\" width=\"100\" height=\"100\" sizes=\"(max-width: 100px) 100vw, 100px\" title=\"Start Lists\" alt=\"\" \t\tclass=\"so-widget-image\"\/>\n\t<\/div>\n\n<\/div><\/div><\/div><div id=\"pgc-gb2107-69e6224187940-0-1\"  class=\"panel-grid-cell\" ><div id=\"panel-gb2107-69e6224187940-0-1-0\" class=\"so-panel widget widget_sow-headline panel-first-child panel-last-child\" data-index=\"1\" ><div\n\t\t\t\n\t\t\tclass=\"so-widget-sow-headline so-widget-sow-headline-default-1b02555450a0-2107\"\n\t\t\t\n\t\t><div class=\"sow-headline-container \">\n\t\t\t\t\t\t\t<p class=\"sow-headline\">\n\t\t\t\t\t\tLIVE CENTER\t\t\t\t\t\t<\/p>\n\t\t\t\t\t\t\t\t\t\t\t<div class=\"decoration\">\n\t\t\t\t\t\t<div class=\"decoration-inside\"><\/div>\n\t\t\t\t\t<\/div>\n\t\t\t\t\t\t\t\t\t\t\t<p class=\"sow-sub-headline\">\n\t\t\t\t\t\tPreO Sprint\t\t\t\t\t\t<\/p>\n\t\t\t\t\t\t<\/div>\n<\/div><\/div><\/div><\/div><div id=\"pg-gb2107-69e6224187940-1\"  class=\"panel-grid panel-has-style\" ><div class=\"panel-row-style panel-row-style-for-gb2107-69e6224187940-1\" ><div id=\"pgc-gb2107-69e6224187940-1-0\"  class=\"panel-grid-cell\" ><div id=\"panel-gb2107-69e6224187940-1-0-0\" class=\"so-panel widget widget_sow-editor panel-first-child panel-last-child\" data-index=\"2\" ><div\n\t\t\t\n\t\t\tclass=\"so-widget-sow-editor so-widget-sow-editor-base\"\n\t\t\t\n\t\t><h3 class=\"widget-title\">Programa do Dia<\/h3>\n<div class=\"siteorigin-widget-tinymce textwidget\">\n\t\n<table id=\"tablepress-35\" class=\"tablepress tablepress-id-35 tbody-has-connected-cells\">\n<thead>\n<tr class=\"row-1\">\n\t<th class=\"column-1\"><span style=\"color:#FFFFFF\"><strong>Data<\/strong><\/span><\/th><th class=\"column-2\"><span style=\"color:#FFFFFF\"><strong>Hora<\/strong><\/span><\/th><th class=\"column-3\"><span style=\"color:#FFFFFF\"><strong>Evento<\/strong><\/span><\/th><th class=\"column-4\"><span style=\"color:#FFFFFF\"><strong>Local<\/strong><\/span><\/th>\n<\/tr>\n<\/thead>\n<tbody class=\"row-hover\">\n<tr class=\"row-2\">\n\t<td rowspan=\"7\" class=\"column-1\"><strong>S\u00e1bado<br \/>\n22<strong><\/strong><strong> Fevereiro<\/strong><\/strong><\/td><td class=\"column-2\">8h30 \u00e0s 17h00<\/td><td class=\"column-3\">Abertura do secretariado<\/td><td class=\"column-4\">ABOM 2025 Arena<\/td>\n<\/tr>\n<tr class=\"row-3\">\n\t<td class=\"column-2\"><span style=\"color:#FF0000\"><strong>10h00<\/strong><\/span><\/td><td class=\"column-3\"><span style=\"color:#FF0000\"><strong>Dist\u00e2ncia Longa WRE<\/strong><\/span><\/td><td class=\"column-4\"><span style=\"color:#FF0000\"><strong>Quinta das Lameiras<\/strong><\/span><\/td>\n<\/tr>\n<tr class=\"row-4\">\n\t<td class=\"column-2\">10h15 \u00e0s 12h00<\/td><td class=\"column-3\">Janela de partida para escal\u00f5es Open e Forma\u00e7\u00e3o<\/td><td class=\"column-4\">Quinta das Lameiras<\/td>\n<\/tr>\n<tr class=\"row-5\">\n\t<td class=\"column-2\"><strong>15h30<\/strong><\/td><td class=\"column-3\"><strong>Entrega de pr\u00e9mios Longa WRE<\/strong><\/td><td class=\"column-4\"><strong>ABOM 2025 Arena<\/strong><\/td>\n<\/tr>\n<tr class=\"row-6\">\n\t<td class=\"column-2\">16h30<\/td><td class=\"column-3\">Fecho da meta<\/td><td class=\"column-4\">ABOM 2025 Arena<\/td>\n<\/tr>\n<tr class=\"row-7\">\n\t<td class=\"column-2\"><span style=\"color:#FF0000\"><strong>15h-16h<\/strong><\/span><\/td><td class=\"column-3\"><span style=\"color:#FF0000\"><strong>PreO<\/strong><\/span><\/td><td class=\"column-4\"><span style=\"color:#FF0000\"><strong>Quinta das Lameiras<\/strong><\/span><\/td>\n<\/tr>\n<tr class=\"row-8\">\n\t<td class=\"column-2\"><strong>17h00<\/strong><\/td><td class=\"column-3\"><strong>Entrega de pr\u00e9mios PreO<\/strong><\/td><td class=\"column-4\"><strong>ABOM 2025 Arena<\/strong><\/td>\n<\/tr>\n<\/tbody>\n<\/table>\n\n<\/div>\n<\/div><\/div><\/div><\/div><\/div><div id=\"pg-gb2107-69e6224187940-2\"  class=\"panel-grid panel-has-style\" ><div class=\"panel-row-style panel-row-style-for-gb2107-69e6224187940-2\" ><div id=\"pgc-gb2107-69e6224187940-2-0\"  class=\"panel-grid-cell\" ><div id=\"panel-gb2107-69e6224187940-2-0-0\" class=\"so-panel widget widget_sow-image panel-first-child\" data-index=\"3\" ><div class=\"panel-widget-style panel-widget-style-for-gb2107-69e6224187940-2-0-0\" ><div\n\t\t\t\n\t\t\tclass=\"so-widget-sow-image so-widget-sow-image-default-113ccd71f3e6-2107\"\n\t\t\t\n\t\t><h3 class=\"widget-title\">Partidas<\/h3>\n<div class=\"sow-image-container\">\n\t\t<img \n\tsrc=\"https:\/\/eventos.ori-estarreja.pt\/abom2025\/wp-content\/uploads\/sites\/5\/2025\/02\/HORARIO-PARTIDAS.png\" width=\"100\" height=\"100\" sizes=\"(max-width: 100px) 100vw, 100px\" title=\"Partidas\" alt=\"\" \t\tclass=\"so-widget-image\"\/>\n\t<\/div>\n\n<\/div><\/div><\/div><div id=\"panel-gb2107-69e6224187940-2-0-1\" class=\"so-panel widget widget_sow-editor panel-last-child\" data-index=\"4\" ><div class=\"panel-widget-style panel-widget-style-for-gb2107-69e6224187940-2-0-1\" ><div\n\t\t\t\n\t\t\tclass=\"so-widget-sow-editor so-widget-sow-editor-base\"\n\t\t\t\n\t\t>\n<div class=\"siteorigin-widget-tinymce textwidget\">\n\t<p style=\"text-align: center;\"><a href=\"https:\/\/eventos.ori-estarreja.pt\/abom2025\/wp-content\/uploads\/sites\/5\/2024\/05\/BannerABOM25_1920pxw.png\"><span class=\"so-premium-web-font\" style=\"font-family: Poppins;\" data-web-font-module=\"google\" data-font-info=\"{&quot;font&quot;:&quot;Poppins&quot;,&quot;webfont&quot;:true,&quot;variant&quot;:&quot;regular&quot;,&quot;module&quot;:&quot;google&quot;}\">Classe Open<\/span><\/a><\/p>\n<\/div>\n<\/div><\/div><\/div><\/div><div id=\"pgc-gb2107-69e6224187940-2-1\"  class=\"panel-grid-cell\" ><div id=\"panel-gb2107-69e6224187940-2-1-0\" class=\"so-panel widget widget_sow-image panel-first-child\" data-index=\"5\" ><div class=\"panel-widget-style panel-widget-style-for-gb2107-69e6224187940-2-1-0\" ><div\n\t\t\t\n\t\t\tclass=\"so-widget-sow-image so-widget-sow-image-default-113ccd71f3e6-2107\"\n\t\t\t\n\t\t><h3 class=\"widget-title\">Resultados ao Vivo<\/h3>\n<div class=\"sow-image-container\">\n\t\t<img \n\tsrc=\"https:\/\/eventos.ori-estarreja.pt\/abom2025\/wp-content\/uploads\/sites\/5\/2025\/02\/LIVE-RESULTS.png\" width=\"100\" height=\"100\" sizes=\"(max-width: 100px) 100vw, 100px\" title=\"Resultados ao Vivo\" alt=\"\" \t\tclass=\"so-widget-image\"\/>\n\t<\/div>\n\n<\/div><\/div><\/div><div id=\"panel-gb2107-69e6224187940-2-1-1\" class=\"so-panel widget widget_sow-editor panel-last-child\" data-index=\"6\" ><div class=\"panel-widget-style panel-widget-style-for-gb2107-69e6224187940-2-1-1\" ><div\n\t\t\t\n\t\t\tclass=\"so-widget-sow-editor so-widget-sow-editor-base\"\n\t\t\t\n\t\t>\n<div class=\"siteorigin-widget-tinymce textwidget\">\n\t<p style=\"text-align: center;\"><a href=\"https:\/\/eventos.ori-estarreja.pt\/eventfiles\/ABOMOpenLiveCpt.html\" target=\"_blank\" rel=\"noopener\"><span class=\"so-premium-web-font\" style=\"font-family: Poppins;\" data-web-font-module=\"google\" data-font-info=\"{&quot;font&quot;:&quot;Poppins&quot;,&quot;webfont&quot;:true,&quot;variant&quot;:&quot;regular&quot;,&quot;module&quot;:&quot;google&quot;}\">Modo Compacto<\/span><\/a><\/p>\n<\/div>\n<\/div><\/div><\/div><\/div><div id=\"pgc-gb2107-69e6224187940-2-2\"  class=\"panel-grid-cell\" ><div id=\"panel-gb2107-69e6224187940-2-2-0\" class=\"so-panel widget widget_sow-image panel-first-child\" data-index=\"7\" ><div class=\"panel-widget-style panel-widget-style-for-gb2107-69e6224187940-2-2-0\" ><div\n\t\t\t\n\t\t\tclass=\"so-widget-sow-image so-widget-sow-image-default-113ccd71f3e6-2107\"\n\t\t\t\n\t\t><h3 class=\"widget-title\">Resultados Finais<\/h3>\n<div class=\"sow-image-container\">\n\t\t<img \n\tsrc=\"https:\/\/eventos.ori-estarreja.pt\/abom2025\/wp-content\/uploads\/sites\/5\/2025\/02\/RESULTADOS.png\" width=\"100\" height=\"100\" sizes=\"(max-width: 100px) 100vw, 100px\" title=\"Resultados Finais\" alt=\"\" \t\tclass=\"so-widget-image\"\/>\n\t<\/div>\n\n<\/div><\/div><\/div><div id=\"panel-gb2107-69e6224187940-2-2-1\" class=\"so-panel widget widget_sow-editor panel-last-child\" data-index=\"8\" ><div class=\"panel-widget-style panel-widget-style-for-gb2107-69e6224187940-2-2-1\" ><div\n\t\t\t\n\t\t\tclass=\"so-widget-sow-editor so-widget-sow-editor-base\"\n\t\t\t\n\t\t>\n<div class=\"siteorigin-widget-tinymce textwidget\">\n\t<p style=\"text-align: center;\"><a href=\"https:\/\/eventos.ori-estarreja.pt\/eventfiles\/ABOMOpenFinalDet.html\"><span class=\"so-premium-web-font\" style=\"font-family: Poppins;\" data-web-font-module=\"google\" data-font-info=\"{&quot;font&quot;:&quot;Poppins&quot;,&quot;webfont&quot;:true,&quot;variant&quot;:&quot;regular&quot;,&quot;module&quot;:&quot;google&quot;}\">Com Respostas<\/span><\/a><\/p>\n<\/div>\n<\/div><\/div><\/div><\/div><\/div><\/div><\/div>\n\n<div id=\"pl-gb2107-69e62241962ef\"  class=\"panel-layout\" ><div id=\"pg-gb2107-69e62241962ef-0\"  class=\"panel-grid panel-has-style\" ><div class=\"panel-row-style panel-row-style-for-gb2107-69e62241962ef-0\" ><div id=\"pgc-gb2107-69e62241962ef-0-0\"  class=\"panel-grid-cell\" ><div id=\"panel-gb2107-69e62241962ef-0-0-0\" class=\"so-panel widget widget_sow-image panel-first-child panel-last-child\" data-index=\"0\" ><div class=\"panel-widget-style panel-widget-style-for-gb2107-69e62241962ef-0-0-0\" ><div\n\t\t\t\n\t\t\tclass=\"so-widget-sow-image so-widget-sow-image-default-113ccd71f3e6-2107\"\n\t\t\t\n\t\t><h3 class=\"widget-title\">Mapa de Prova<\/h3>\n<div class=\"sow-image-container\">\n\t\t<img \n\tsrc=\"https:\/\/eventos.ori-estarreja.pt\/abom2025\/wp-content\/uploads\/sites\/5\/2025\/02\/MAP.png\" width=\"100\" height=\"100\" sizes=\"(max-width: 100px) 100vw, 100px\" title=\"Mapa de Prova\" alt=\"\" \t\tclass=\"so-widget-image\"\/>\n\t<\/div>\n\n<\/div><\/div><\/div><\/div><\/div><\/div><div id=\"pg-gb2107-69e62241962ef-1\"  class=\"panel-grid panel-has-style\" ><div class=\"panel-row-style panel-row-style-for-gb2107-69e62241962ef-1\" ><div id=\"pgc-gb2107-69e62241962ef-1-0\"  class=\"panel-grid-cell\" ><div id=\"panel-gb2107-69e62241962ef-1-0-0\" class=\"so-panel widget widget_sow-image panel-first-child panel-last-child\" data-index=\"1\" ><div class=\"panel-widget-style panel-widget-style-for-gb2107-69e62241962ef-1-0-0\" ><div\n\t\t\t\n\t\t\tclass=\"so-widget-sow-image so-widget-sow-image-default-113ccd71f3e6-2107\"\n\t\t\t\n\t\t>\n<div class=\"sow-image-container\">\n\t\t<img \n\tsrc=\"https:\/\/eventos.ori-estarreja.pt\/abom2025\/wp-content\/uploads\/sites\/5\/2025\/02\/Pre-O-ABOM-2025_Final-Print.png\" width=\"3602\" height=\"2480\" srcset=\"https:\/\/eventos.ori-estarreja.pt\/abom2025\/wp-content\/uploads\/sites\/5\/2025\/02\/Pre-O-ABOM-2025_Final-Print.png 3602w, https:\/\/eventos.ori-estarreja.pt\/abom2025\/wp-content\/uploads\/sites\/5\/2025\/02\/Pre-O-ABOM-2025_Final-Print-300x207.png 300w, https:\/\/eventos.ori-estarreja.pt\/abom2025\/wp-content\/uploads\/sites\/5\/2025\/02\/Pre-O-ABOM-2025_Final-Print-1024x705.png 1024w, https:\/\/eventos.ori-estarreja.pt\/abom2025\/wp-content\/uploads\/sites\/5\/2025\/02\/Pre-O-ABOM-2025_Final-Print-768x529.png 768w, https:\/\/eventos.ori-estarreja.pt\/abom2025\/wp-content\/uploads\/sites\/5\/2025\/02\/Pre-O-ABOM-2025_Final-Print-1536x1058.png 1536w, https:\/\/eventos.ori-estarreja.pt\/abom2025\/wp-content\/uploads\/sites\/5\/2025\/02\/Pre-O-ABOM-2025_Final-Print-2048x1410.png 2048w\" sizes=\"(max-width: 3602px) 100vw, 3602px\" title=\"Pre-O ABOM 2025_Final Print\" alt=\"\" \t\tclass=\"so-widget-image\"\/>\n\t<\/div>\n\n<\/div><\/div><\/div><\/div><\/div><\/div><div id=\"pg-gb2107-69e62241962ef-2\"  class=\"panel-grid panel-has-style\" ><div class=\"panel-row-style panel-row-style-for-gb2107-69e62241962ef-2\" ><div id=\"pgc-gb2107-69e62241962ef-2-0\"  class=\"panel-grid-cell\" ><div id=\"panel-gb2107-69e62241962ef-2-0-0\" class=\"so-panel widget widget_sow-image panel-first-child panel-last-child\" data-index=\"2\" ><div class=\"panel-widget-style panel-widget-style-for-gb2107-69e62241962ef-2-0-0\" ><div\n\t\t\t\n\t\t\tclass=\"so-widget-sow-image so-widget-sow-image-default-113ccd71f3e6-2107\"\n\t\t\t\n\t\t><h3 class=\"widget-title\">Mapa de Solu\u00e7\u00f5es<\/h3>\n<div class=\"sow-image-container\">\n\t\t<img \n\tsrc=\"https:\/\/eventos.ori-estarreja.pt\/abom2025\/wp-content\/uploads\/sites\/5\/2025\/02\/MAP.png\" width=\"100\" height=\"100\" sizes=\"(max-width: 100px) 100vw, 100px\" title=\"Mapa de Solu\u00e7\u00f5es\" alt=\"\" \t\tclass=\"so-widget-image\"\/>\n\t<\/div>\n\n<\/div><\/div><\/div><\/div><\/div><\/div><div id=\"pg-gb2107-69e62241962ef-3\"  class=\"panel-grid panel-has-style\" ><div class=\"panel-row-style panel-row-style-for-gb2107-69e62241962ef-3\" ><div id=\"pgc-gb2107-69e62241962ef-3-0\"  class=\"panel-grid-cell\" ><div id=\"panel-gb2107-69e62241962ef-3-0-0\" class=\"so-panel widget widget_sow-image panel-first-child panel-last-child\" data-index=\"3\" ><div class=\"panel-widget-style panel-widget-style-for-gb2107-69e62241962ef-3-0-0\" ><div\n\t\t\t\n\t\t\tclass=\"so-widget-sow-image so-widget-sow-image-default-113ccd71f3e6-2107\"\n\t\t\t\n\t\t>\n<div class=\"sow-image-container\">\n\t\t<img \n\tsrc=\"https:\/\/eventos.ori-estarreja.pt\/abom2025\/wp-content\/uploads\/sites\/5\/2025\/02\/Solucoes-Pre-O-ABOM-2025_Final-Print.png\" width=\"3681\" height=\"2463\" srcset=\"https:\/\/eventos.ori-estarreja.pt\/abom2025\/wp-content\/uploads\/sites\/5\/2025\/02\/Solucoes-Pre-O-ABOM-2025_Final-Print.png 3681w, https:\/\/eventos.ori-estarreja.pt\/abom2025\/wp-content\/uploads\/sites\/5\/2025\/02\/Solucoes-Pre-O-ABOM-2025_Final-Print-300x201.png 300w, https:\/\/eventos.ori-estarreja.pt\/abom2025\/wp-content\/uploads\/sites\/5\/2025\/02\/Solucoes-Pre-O-ABOM-2025_Final-Print-1024x685.png 1024w, https:\/\/eventos.ori-estarreja.pt\/abom2025\/wp-content\/uploads\/sites\/5\/2025\/02\/Solucoes-Pre-O-ABOM-2025_Final-Print-768x514.png 768w, https:\/\/eventos.ori-estarreja.pt\/abom2025\/wp-content\/uploads\/sites\/5\/2025\/02\/Solucoes-Pre-O-ABOM-2025_Final-Print-1536x1028.png 1536w, https:\/\/eventos.ori-estarreja.pt\/abom2025\/wp-content\/uploads\/sites\/5\/2025\/02\/Solucoes-Pre-O-ABOM-2025_Final-Print-2048x1370.png 2048w, https:\/\/eventos.ori-estarreja.pt\/abom2025\/wp-content\/uploads\/sites\/5\/2025\/02\/Solucoes-Pre-O-ABOM-2025_Final-Print-272x182.png 272w\" sizes=\"(max-width: 3681px) 100vw, 3681px\" title=\"Solu\u00e7\u00f5es Pre-O ABOM 2025_Final Print\" alt=\"\" \t\tclass=\"so-widget-image\"\/>\n\t<\/div>\n\n<\/div><\/div><\/div><\/div><\/div><\/div><\/div>","protected":false},"excerpt":{"rendered":"","protected":false},"author":1,"featured_media":0,"parent":0,"menu_order":0,"comment_status":"closed","ping_status":"closed","template":"","meta":{"footnotes":""},"class_list":["post-2107","page","type-page","status-publish","hentry","post"],"_links":{"self":[{"href":"https:\/\/eventos.ori-estarreja.pt\/abom2025\/wp-json\/wp\/v2\/pages\/2107","targetHints":{"allow":["GET"]}}],"collection":[{"href":"https:\/\/eventos.ori-estarreja.pt\/abom2025\/wp-json\/wp\/v2\/pages"}],"about":[{"href":"https:\/\/eventos.ori-estarreja.pt\/abom2025\/wp-json\/wp\/v2\/types\/page"}],"author":[{"embeddable":true,"href":"https:\/\/eventos.ori-estarreja.pt\/abom2025\/wp-json\/wp\/v2\/users\/1"}],"replies":[{"embeddable":true,"href":"https:\/\/eventos.ori-estarreja.pt\/abom2025\/wp-json\/wp\/v2\/comments?post=2107"}],"version-history":[{"count":13,"href":"https:\/\/eventos.ori-estarreja.pt\/abom2025\/wp-json\/wp\/v2\/pages\/2107\/revisions"}],"predecessor-version":[{"id":2342,"href":"https:\/\/eventos.ori-estarreja.pt\/abom2025\/wp-json\/wp\/v2\/pages\/2107\/revisions\/2342"}],"wp:attachment":[{"href":"https:\/\/eventos.ori-estarreja.pt\/abom2025\/wp-json\/wp\/v2\/media?parent=2107"}],"curies":[{"name":"wp","href":"https:\/\/api.w.org\/{rel}","templated":true}]}}