{"id":1879,"date":"2025-02-20T15:14:34","date_gmt":"2025-02-20T15:14:34","guid":{"rendered":"https:\/\/eventos.ori-estarreja.pt\/abom2025\/?page_id=1879"},"modified":"2025-02-20T15:14:34","modified_gmt":"2025-02-20T15:14:34","slug":"partidas-preo-sprint","status":"publish","type":"page","link":"https:\/\/eventos.ori-estarreja.pt\/abom2025\/partidas-preo-sprint\/","title":{"rendered":"Partidas PreO Sprint"},"content":{"rendered":"<div id=\"pl-gb1879-69e05a4099219\"  class=\"panel-layout\" ><div id=\"pg-gb1879-69e05a4099219-0\"  class=\"panel-grid panel-has-style\" ><div class=\"panel-row-style panel-row-style-for-gb1879-69e05a4099219-0\" ><div id=\"pgc-gb1879-69e05a4099219-0-0\"  class=\"panel-grid-cell\" ><div id=\"panel-gb1879-69e05a4099219-0-0-0\" class=\"so-panel widget widget_sow-editor panel-first-child\" data-index=\"0\" ><div\n\t\t\t\n\t\t\tclass=\"so-widget-sow-editor so-widget-sow-editor-base\"\n\t\t\t\n\t\t>\n<div class=\"siteorigin-widget-tinymce textwidget\">\n\t\n<table id=\"tablepress-31\" class=\"tablepress tablepress-id-31\">\n<thead>\n<tr class=\"row-1\">\n\t<th class=\"column-1\"><span style=\"color:#FFFFFF\"><strong>Virtual Bib<\/strong><\/span><\/th><th class=\"column-2\"><span style=\"color:#FFFFFF\"><strong>SI Card<\/strong><\/span><\/th><th class=\"column-3\"><span style=\"color:#FFFFFF\"><strong>Nome<\/strong><\/span><\/th><th class=\"column-4\"><span style=\"color:#FFFFFF\"><strong>Clube<\/strong><\/span><\/th><th class=\"column-5\"><span style=\"color:#FFFFFF\"><strong>Pa\u00eds<\/strong><\/span><\/th><th class=\"column-6\"><span style=\"color:#FFFFFF\"><strong>Partida<\/strong><\/span><\/th>\n<\/tr>\n<\/thead>\n<tbody class=\"row-striping row-hover\">\n<tr class=\"row-2\">\n\t<td class=\"column-1\">1557<\/td><td class=\"column-2\">8269019<\/td><td class=\"column-3\">Ac\u00e1cio Porta Nova<\/td><td class=\"column-4\">CPOC<\/td><td class=\"column-5\">POR<\/td><td class=\"column-6\">15:00<\/td>\n<\/tr>\n<tr class=\"row-3\">\n\t<td class=\"column-1\">2243<\/td><td class=\"column-2\">2653300<\/td><td class=\"column-3\">Maria Jo\u00e3o Borges<\/td><td class=\"column-4\">ATV<\/td><td class=\"column-5\">POR<\/td><td class=\"column-6\">15:01<\/td>\n<\/tr>\n<tr class=\"row-4\">\n\t<td class=\"column-1\">5549<\/td><td class=\"column-2\">8301283<\/td><td class=\"column-3\">Ana Ferreira<\/td><td class=\"column-4\">ADM Ori-Mondego<\/td><td class=\"column-5\">POR<\/td><td class=\"column-6\">15:02<\/td>\n<\/tr>\n<tr class=\"row-5\">\n\t<td class=\"column-1\">6479<\/td><td class=\"column-2\">8005378<\/td><td class=\"column-3\">F\u00e1tima Emauz<\/td><td class=\"column-4\">Palmela Desporto<\/td><td class=\"column-5\">POR<\/td><td class=\"column-6\">15:03<\/td>\n<\/tr>\n<tr class=\"row-6\">\n\t<td class=\"column-1\">6298<\/td><td class=\"column-2\">1425363<\/td><td class=\"column-3\">Jos\u00e9 Barros Maia<\/td><td class=\"column-4\"><\/td><td class=\"column-5\">POR<\/td><td class=\"column-6\">15:04<\/td>\n<\/tr>\n<tr class=\"row-7\">\n\t<td class=\"column-1\">1937<\/td><td class=\"column-2\">8681433<\/td><td class=\"column-3\">T\u00f3-Z\u00e9 Silva<\/td><td class=\"column-4\">COC<\/td><td class=\"column-5\">POR<\/td><td class=\"column-6\">15:05<\/td>\n<\/tr>\n<tr class=\"row-8\">\n\t<td class=\"column-1\">1556<\/td><td class=\"column-2\">8681401<\/td><td class=\"column-3\">Ana Carreira<\/td><td class=\"column-4\">CPOC<\/td><td class=\"column-5\">POR<\/td><td class=\"column-6\">15:06<\/td>\n<\/tr>\n<tr class=\"row-9\">\n\t<td class=\"column-1\">7289<\/td><td class=\"column-2\">8034198<\/td><td class=\"column-3\">Leonor Alves<\/td><td class=\"column-4\">CAOS<\/td><td class=\"column-5\">POR<\/td><td class=\"column-6\">15:07<\/td>\n<\/tr>\n<tr class=\"row-10\">\n\t<td class=\"column-1\">6044<\/td><td class=\"column-2\">2106730<\/td><td class=\"column-3\">Dora Ferreira<\/td><td class=\"column-4\">ADM Ori-Mondego<\/td><td class=\"column-5\">POR<\/td><td class=\"column-6\">15:08<\/td>\n<\/tr>\n<tr class=\"row-11\">\n\t<td class=\"column-1\">1873<\/td><td class=\"column-2\">8024714<\/td><td class=\"column-3\">Ant\u00f3nio Aires<\/td><td class=\"column-4\">NatourTrail<\/td><td class=\"column-5\">POR<\/td><td class=\"column-6\">15:09<\/td>\n<\/tr>\n<tr class=\"row-12\">\n\t<td class=\"column-1\">6506<\/td><td class=\"column-2\">8509144<\/td><td class=\"column-3\">Jo\u00e3o Maia<\/td><td class=\"column-4\">A Montanha<\/td><td class=\"column-5\">POR<\/td><td class=\"column-6\">15:10<\/td>\n<\/tr>\n<tr class=\"row-13\">\n\t<td class=\"column-1\">3131<\/td><td class=\"column-2\">8501920<\/td><td class=\"column-3\">Jose Oliveira<\/td><td class=\"column-4\">COA<\/td><td class=\"column-5\">POR<\/td><td class=\"column-6\">15:11<\/td>\n<\/tr>\n<tr class=\"row-14\">\n\t<td class=\"column-1\">4059<\/td><td class=\"column-2\">1304006<\/td><td class=\"column-3\">Miguel S\u00e1<\/td><td class=\"column-4\">Montepio Geral<\/td><td class=\"column-5\">POR<\/td><td class=\"column-6\">15:12<\/td>\n<\/tr>\n<tr class=\"row-15\">\n\t<td class=\"column-1\">6502<\/td><td class=\"column-2\">8058714<\/td><td class=\"column-3\">Rodrigo Doppler<\/td><td class=\"column-4\">ADM Ori-Mondego<\/td><td class=\"column-5\">POR<\/td><td class=\"column-6\">15:13<\/td>\n<\/tr>\n<tr class=\"row-16\">\n\t<td class=\"column-1\">7452<\/td><td class=\"column-2\">1403863<\/td><td class=\"column-3\">Ekaterina Stepanchenko<\/td><td class=\"column-4\">GD4C<\/td><td class=\"column-5\">POR<\/td><td class=\"column-6\">15:14<\/td>\n<\/tr>\n<tr class=\"row-17\">\n\t<td class=\"column-1\">2375<\/td><td class=\"column-2\">1304162<\/td><td class=\"column-3\">Tiago Lopes<\/td><td class=\"column-4\">CAOS<\/td><td class=\"column-5\">POR<\/td><td class=\"column-6\">15:15<\/td>\n<\/tr>\n<tr class=\"row-18\">\n\t<td class=\"column-1\">6348<\/td><td class=\"column-2\">8084664<\/td><td class=\"column-3\">Gerhard Doppler<\/td><td class=\"column-4\">ADM Ori-Mondego<\/td><td class=\"column-5\">POR<\/td><td class=\"column-6\">15:16<\/td>\n<\/tr>\n<tr class=\"row-19\">\n\t<td class=\"column-1\">3581<\/td><td class=\"column-2\">8408786<\/td><td class=\"column-3\">Tiago Baltazar<\/td><td class=\"column-4\">ADN Sesimbra<\/td><td class=\"column-5\">POR<\/td><td class=\"column-6\">15:17<\/td>\n<\/tr>\n<tr class=\"row-20\">\n\t<td class=\"column-1\">4656<\/td><td class=\"column-2\">8210562<\/td><td class=\"column-3\">Jos\u00e9 Bolr\u00e3o<\/td><td class=\"column-4\">COC<\/td><td class=\"column-5\">POR<\/td><td class=\"column-6\">15:18<\/td>\n<\/tr>\n<tr class=\"row-21\">\n\t<td class=\"column-1\">1554<\/td><td class=\"column-2\">8015282<\/td><td class=\"column-3\">Ana Porta Nova<\/td><td class=\"column-4\">CPOC<\/td><td class=\"column-5\">POR<\/td><td class=\"column-6\">15:19<\/td>\n<\/tr>\n<tr class=\"row-22\">\n\t<td class=\"column-1\">3887<\/td><td class=\"column-2\">8100652<\/td><td class=\"column-3\">Pedro Rama<\/td><td class=\"column-4\">ADM Ori-Mondego<\/td><td class=\"column-5\">POR<\/td><td class=\"column-6\">15:20<\/td>\n<\/tr>\n<tr class=\"row-23\">\n\t<td class=\"column-1\">5783<\/td><td class=\"column-2\">8182098<\/td><td class=\"column-3\">Catarina F\u00e9lix<\/td><td class=\"column-4\">ADN Sesimbra<\/td><td class=\"column-5\">POR<\/td><td class=\"column-6\">15:21<\/td>\n<\/tr>\n<tr class=\"row-24\">\n\t<td class=\"column-1\">2871<\/td><td class=\"column-2\">308363<\/td><td class=\"column-3\">Paulo Faustino<\/td><td class=\"column-4\">CPOC<\/td><td class=\"column-5\">POR<\/td><td class=\"column-6\">15:22<\/td>\n<\/tr>\n<tr class=\"row-25\">\n\t<td class=\"column-1\">6508<\/td><td class=\"column-2\">8006711<\/td><td class=\"column-3\">Sofia Meireles<\/td><td class=\"column-4\">ADM Ori-Mondego<\/td><td class=\"column-5\">POR<\/td><td class=\"column-6\">15:23<\/td>\n<\/tr>\n<tr class=\"row-26\">\n\t<td class=\"column-1\">1093<\/td><td class=\"column-2\">8101093<\/td><td class=\"column-3\">Jorge Baltazar<\/td><td class=\"column-4\">ADN Sesimbra<\/td><td class=\"column-5\">POR<\/td><td class=\"column-6\">15:24<\/td>\n<\/tr>\n<tr class=\"row-27\">\n\t<td class=\"column-1\">6503<\/td><td class=\"column-2\">8024692<\/td><td class=\"column-3\">Dinis Santo<\/td><td class=\"column-4\">COC<\/td><td class=\"column-5\">POR<\/td><td class=\"column-6\">15:25<\/td>\n<\/tr>\n<tr class=\"row-28\">\n\t<td class=\"column-1\">2044<\/td><td class=\"column-2\">8650858<\/td><td class=\"column-3\">JP Valente<\/td><td class=\"column-4\">CPOC<\/td><td class=\"column-5\">POR<\/td><td class=\"column-6\">15:26<\/td>\n<\/tr>\n<tr class=\"row-29\">\n\t<td class=\"column-1\">1325<\/td><td class=\"column-2\">790504<\/td><td class=\"column-3\">Nuno Rebelo<\/td><td class=\"column-4\">Palmela Desporto<\/td><td class=\"column-5\">POR<\/td><td class=\"column-6\">15:27<\/td>\n<\/tr>\n<tr class=\"row-30\">\n\t<td class=\"column-1\">2244<\/td><td class=\"column-2\">8182077<\/td><td class=\"column-3\">Cl\u00e1udio Tereso<\/td><td class=\"column-4\">ATV<\/td><td class=\"column-5\">POR<\/td><td class=\"column-6\">15:28<\/td>\n<\/tr>\n<tr class=\"row-31\">\n\t<td class=\"column-1\">2635<\/td><td class=\"column-2\">214074<\/td><td class=\"column-3\">Edgar Domingues<\/td><td class=\"column-4\">COC<\/td><td class=\"column-5\">POR<\/td><td class=\"column-6\">15:29<\/td>\n<\/tr>\n<tr class=\"row-32\">\n\t<td class=\"column-1\">4241<\/td><td class=\"column-2\">8013494<\/td><td class=\"column-3\">Lu\u00eds Gon\u00e7alves<\/td><td class=\"column-4\">CPOC<\/td><td class=\"column-5\">POR<\/td><td class=\"column-6\">15:30<\/td>\n<\/tr>\n<tr class=\"row-33\">\n\t<td class=\"column-1\">1721<\/td><td class=\"column-2\">8005170<\/td><td class=\"column-3\">Bruno Naz\u00e1rio<\/td><td class=\"column-4\">Ori-Estarreja<\/td><td class=\"column-5\">POR<\/td><td class=\"column-6\">15:31<\/td>\n<\/tr>\n<tr class=\"row-34\">\n\t<td class=\"column-1\">18299<\/td><td class=\"column-2\">9200268<\/td><td class=\"column-3\">H\u00e9ctor Lorenzo<\/td><td class=\"column-4\">El Imperdible<\/td><td class=\"column-5\">ESP<\/td><td class=\"column-6\">15:32<\/td>\n<\/tr>\n<tr class=\"row-35\">\n\t<td class=\"column-1\">15922<\/td><td class=\"column-2\">8527292<\/td><td class=\"column-3\">Akseli Penttil\u00e4<\/td><td class=\"column-4\">Koovee<\/td><td class=\"column-5\">FIN<\/td><td class=\"column-6\">15:33<\/td>\n<\/tr>\n<tr class=\"row-36\">\n\t<td class=\"column-1\">18442<\/td><td class=\"column-2\">8041205<\/td><td class=\"column-3\">\u00c1ngel \u00c1lvarez Serto<\/td><td class=\"column-4\">AROMON<\/td><td class=\"column-5\">ESP<\/td><td class=\"column-6\">15:34<\/td>\n<\/tr>\n<tr class=\"row-37\">\n\t<td class=\"column-1\">18444<\/td><td class=\"column-2\">2082751<\/td><td class=\"column-3\">Jorge Victorero<\/td><td class=\"column-4\">ADC ARNELA<\/td><td class=\"column-5\">ESP<\/td><td class=\"column-6\">15:35<\/td>\n<\/tr>\n<tr class=\"row-38\">\n\t<td class=\"column-1\">16390<\/td><td class=\"column-2\">8670262<\/td><td class=\"column-3\">Carmen Elvira Torres<\/td><td class=\"column-4\">Altair<\/td><td class=\"column-5\">ESP<\/td><td class=\"column-6\">15:36<\/td>\n<\/tr>\n<tr class=\"row-39\">\n\t<td class=\"column-1\">16151<\/td><td class=\"column-2\">8315333<\/td><td class=\"column-3\">Michal Koziak<\/td><td class=\"column-4\">KOS BnO<\/td><td class=\"column-5\">POL<\/td><td class=\"column-6\">15:37<\/td>\n<\/tr>\n<tr class=\"row-40\">\n\t<td class=\"column-1\">15926<\/td><td class=\"column-2\">8511936<\/td><td class=\"column-3\">Joona Vuorenma<\/td><td class=\"column-4\">Koovee<\/td><td class=\"column-5\">FIN<\/td><td class=\"column-6\">15:38<\/td>\n<\/tr>\n<tr class=\"row-41\">\n\t<td class=\"column-1\">16325<\/td><td class=\"column-2\">8450000<\/td><td class=\"column-3\">Jos\u00e9 Antonio Ricoy<\/td><td class=\"column-4\">AROMON<\/td><td class=\"column-5\">ESP<\/td><td class=\"column-6\">15:39<\/td>\n<\/tr>\n<tr class=\"row-42\">\n\t<td class=\"column-1\">19000<\/td><td class=\"column-2\">8501476<\/td><td class=\"column-3\">Julio Lagos<\/td><td class=\"column-4\">ADC ARNELA<\/td><td class=\"column-5\">ESP<\/td><td class=\"column-6\">15:40<\/td>\n<\/tr>\n<tr class=\"row-43\">\n\t<td class=\"column-1\">19204<\/td><td class=\"column-2\">8515574<\/td><td class=\"column-3\">Sergio Garc\u00eda<\/td><td class=\"column-4\">Orca<\/td><td class=\"column-5\">ESP<\/td><td class=\"column-6\">15:41<\/td>\n<\/tr>\n<tr class=\"row-44\">\n\t<td class=\"column-1\">16149<\/td><td class=\"column-2\">8260715<\/td><td class=\"column-3\">Kacper Mazan<\/td><td class=\"column-4\">KOS BnO<\/td><td class=\"column-5\">POL<\/td><td class=\"column-6\">15:42<\/td>\n<\/tr>\n<tr class=\"row-45\">\n\t<td class=\"column-1\">15923<\/td><td class=\"column-2\">9039025<\/td><td class=\"column-3\">Mette Varjola<\/td><td class=\"column-4\">Koovee<\/td><td class=\"column-5\">FIN<\/td><td class=\"column-6\">15:43<\/td>\n<\/tr>\n<tr class=\"row-46\">\n\t<td class=\"column-1\">12527<\/td><td class=\"column-2\">8657203<\/td><td class=\"column-3\">Luisa S\u00e1nchez<\/td><td class=\"column-4\">AROMON<\/td><td class=\"column-5\">ESP<\/td><td class=\"column-6\">15:44<\/td>\n<\/tr>\n<tr class=\"row-47\">\n\t<td class=\"column-1\">18996<\/td><td class=\"column-2\">8466684<\/td><td class=\"column-3\">Nuria Oujo<\/td><td class=\"column-4\">ADC ARNELA<\/td><td class=\"column-5\">ESP<\/td><td class=\"column-6\">15:45<\/td>\n<\/tr>\n<tr class=\"row-48\">\n\t<td class=\"column-1\">16391<\/td><td class=\"column-2\">8013144<\/td><td class=\"column-3\">Gloria Pico<\/td><td class=\"column-4\">Altair<\/td><td class=\"column-5\">ESP<\/td><td class=\"column-6\">15:46<\/td>\n<\/tr>\n<tr class=\"row-49\">\n\t<td class=\"column-1\">17109<\/td><td class=\"column-2\">8516493<\/td><td class=\"column-3\">V\u00edctor Arce<\/td><td class=\"column-4\">Orca<\/td><td class=\"column-5\">ESP<\/td><td class=\"column-6\">15:47<\/td>\n<\/tr>\n<tr class=\"row-50\">\n\t<td class=\"column-1\">19356<\/td><td class=\"column-2\">8291209<\/td><td class=\"column-3\">Marta P\u00e9rez<\/td><td class=\"column-4\">COV<\/td><td class=\"column-5\">ESP<\/td><td class=\"column-6\">15:49<\/td>\n<\/tr>\n<tr class=\"row-51\">\n\t<td class=\"column-1\">16150<\/td><td class=\"column-2\">8260743<\/td><td class=\"column-3\">Ernest Gogler<\/td><td class=\"column-4\">KOS BnO<\/td><td class=\"column-5\">POL<\/td><td class=\"column-6\">15:50<\/td>\n<\/tr>\n<tr class=\"row-52\">\n\t<td class=\"column-1\">15924<\/td><td class=\"column-2\">9149414<\/td><td class=\"column-3\">Miki Vuorinen<\/td><td class=\"column-4\">Koovee<\/td><td class=\"column-5\">FIN<\/td><td class=\"column-6\">15:51<\/td>\n<\/tr>\n<tr class=\"row-53\">\n\t<td class=\"column-1\">19605<\/td><td class=\"column-2\">8508890<\/td><td class=\"column-3\">Pelayo Garc\u00eda<\/td><td class=\"column-4\">AROMON<\/td><td class=\"column-5\">ESP<\/td><td class=\"column-6\">15:52<\/td>\n<\/tr>\n<tr class=\"row-54\">\n\t<td class=\"column-1\">19613<\/td><td class=\"column-2\">2082784<\/td><td class=\"column-3\">Oscar Victorero<\/td><td class=\"column-4\">ADC ARNELA<\/td><td class=\"column-5\">ESP<\/td><td class=\"column-6\">15:53<\/td>\n<\/tr>\n<tr class=\"row-55\">\n\t<td class=\"column-1\">15893<\/td><td class=\"column-2\">8520070<\/td><td class=\"column-3\">Barbara Gonz\u00e1lez<\/td><td class=\"column-4\">Alcon<\/td><td class=\"column-5\">ESP<\/td><td class=\"column-6\">15:54<\/td>\n<\/tr>\n<tr class=\"row-56\">\n\t<td class=\"column-1\">15917<\/td><td class=\"column-2\">9034161<\/td><td class=\"column-3\">Mikko Eskola<\/td><td class=\"column-4\">Koovee<\/td><td class=\"column-5\">FIN<\/td><td class=\"column-6\">15:55<\/td>\n<\/tr>\n<tr class=\"row-57\">\n\t<td class=\"column-1\">18443<\/td><td class=\"column-2\">8668565<\/td><td class=\"column-3\">Sa\u00ednza Barroso<\/td><td class=\"column-4\">AROMON<\/td><td class=\"column-5\">ESP<\/td><td class=\"column-6\">15:56<\/td>\n<\/tr>\n<tr class=\"row-58\">\n\t<td class=\"column-1\">16968<\/td><td class=\"column-2\">7501225<\/td><td class=\"column-3\">Ana Fern\u00e1ndez<\/td><td class=\"column-4\">BUDI\u00d1ORAID<\/td><td class=\"column-5\">ESP<\/td><td class=\"column-6\">15:57<\/td>\n<\/tr>\n<tr class=\"row-59\">\n\t<td class=\"column-1\">18611<\/td><td class=\"column-2\">2082760<\/td><td class=\"column-3\">Alejandro Victorero<\/td><td class=\"column-4\">ADC ARNELA<\/td><td class=\"column-5\">ESP<\/td><td class=\"column-6\">15:58<\/td>\n<\/tr>\n<tr class=\"row-60\">\n\t<td class=\"column-1\">14813<\/td><td class=\"column-2\">8527317<\/td><td class=\"column-3\">Aino Poij\u00e4rvi<\/td><td class=\"column-4\">Koovee<\/td><td class=\"column-5\">FIN<\/td><td class=\"column-6\">15:59<\/td>\n<\/tr>\n<tr class=\"row-61\">\n\t<td class=\"column-1\">16148<\/td><td class=\"column-2\">8650884<\/td><td class=\"column-3\">Aleksandra Mazan<\/td><td class=\"column-4\">KOS BnO<\/td><td class=\"column-5\">POL<\/td><td class=\"column-6\">16:00<\/td>\n<\/tr>\n<tr class=\"row-62\">\n\t<td class=\"column-1\">16967<\/td><td class=\"column-2\">7500592<\/td><td class=\"column-3\">Lucas Garc\u00eda<\/td><td class=\"column-4\">BUDI\u00d1ORAID<\/td><td class=\"column-5\">ESP<\/td><td class=\"column-6\">16:01<\/td>\n<\/tr>\n<tr class=\"row-63\">\n\t<td class=\"column-1\">16096<\/td><td class=\"column-2\">8100023<\/td><td class=\"column-3\">Daniel Pompura<\/td><td class=\"column-4\">Koovee<\/td><td class=\"column-5\">FIN<\/td><td class=\"column-6\">16:02<\/td>\n<\/tr>\n<tr class=\"row-64\">\n\t<td class=\"column-1\">16032<\/td><td class=\"column-2\">8020009<\/td><td class=\"column-3\">Matthew Clark<\/td><td class=\"column-4\">Great Britain<\/td><td class=\"column-5\">GBR<\/td><td class=\"column-6\">16:03<\/td>\n<\/tr>\n<tr class=\"row-65\">\n\t<td class=\"column-1\">17246<\/td><td class=\"column-2\">8523773<\/td><td class=\"column-3\">Alberto  Mart\u00edn<\/td><td class=\"column-4\">Ultra Maximus<\/td><td class=\"column-5\">ESP<\/td><td class=\"column-6\">16:04<\/td>\n<\/tr>\n<tr class=\"row-66\">\n\t<td class=\"column-1\">15921<\/td><td class=\"column-2\">8460303<\/td><td class=\"column-3\">Eevert Kentt\u00e4mies<\/td><td class=\"column-4\">Koovee<\/td><td class=\"column-5\">FIN<\/td><td class=\"column-6\">16:05<\/td>\n<\/tr>\n<tr class=\"row-67\">\n\t<td class=\"column-1\">15890<\/td><td class=\"column-2\">8582023<\/td><td class=\"column-3\">Joseph Barrett<\/td><td class=\"column-4\"><\/td><td class=\"column-5\">USA<\/td><td class=\"column-6\">16:06<\/td>\n<\/tr>\n<tr class=\"row-68\">\n\t<td class=\"column-1\">15830<\/td><td class=\"column-2\">501855<\/td><td class=\"column-3\">Ivar Haugen<\/td><td class=\"column-4\"><\/td><td class=\"column-5\">NOR<\/td><td class=\"column-6\">16:07<\/td>\n<\/tr>\n<tr class=\"row-69\">\n\t<td class=\"column-1\">15925<\/td><td class=\"column-2\">9158677<\/td><td class=\"column-3\">M\u0101rti\u0146\u0161 Reinis Trops<\/td><td class=\"column-4\">Koovee<\/td><td class=\"column-5\">FIN<\/td><td class=\"column-6\">16:08<\/td>\n<\/tr>\n<tr class=\"row-70\">\n\t<td class=\"column-1\">15935<\/td><td class=\"column-2\">8091020<\/td><td class=\"column-3\">Daniel Barber<\/td><td class=\"column-4\"><\/td><td class=\"column-5\">GBR<\/td><td class=\"column-6\">16:09<\/td>\n<\/tr>\n<tr class=\"row-71\">\n\t<td class=\"column-1\">15639<\/td><td class=\"column-2\">8237711<\/td><td class=\"column-3\">Teresa Bell\u00f3n<\/td><td class=\"column-4\">AROMON<\/td><td class=\"column-5\">ESP<\/td><td class=\"column-6\">16:10<\/td>\n<\/tr>\n<tr class=\"row-72\">\n\t<td class=\"column-1\">15911<\/td><td class=\"column-2\">8514427<\/td><td class=\"column-3\">Oona Kaikkonen<\/td><td class=\"column-4\">Koovee<\/td><td class=\"column-5\">FIN<\/td><td class=\"column-6\">16:11<\/td>\n<\/tr>\n<tr class=\"row-73\">\n\t<td class=\"column-1\">16147<\/td><td class=\"column-2\">8100192<\/td><td class=\"column-3\">Bartlomiej Mazan<\/td><td class=\"column-4\">KOS BnO<\/td><td class=\"column-5\">POL<\/td><td class=\"column-6\">16:12<\/td>\n<\/tr>\n<tr class=\"row-74\">\n\t<td class=\"column-1\">15281<\/td><td class=\"column-2\">8003935<\/td><td class=\"column-3\">Wong Io Pan<\/td><td class=\"column-4\">HK-YAOC<\/td><td class=\"column-5\">HKG<\/td><td class=\"column-6\">16:13<\/td>\n<\/tr>\n<tr class=\"row-75\">\n\t<td class=\"column-1\">15751<\/td><td class=\"column-2\">8640388<\/td><td class=\"column-3\">\u00d8ystein Kvaal \u00d8sterb\u00f8<\/td><td class=\"column-4\">B\u00e6kkelaget<\/td><td class=\"column-5\">NOR<\/td><td class=\"column-6\">16:14<\/td>\n<\/tr>\n<tr class=\"row-76\">\n\t<td class=\"column-1\">14800<\/td><td class=\"column-2\">8004745<\/td><td class=\"column-3\">Timo Sild<\/td><td class=\"column-4\">Koovee<\/td><td class=\"column-5\">FIN<\/td><td class=\"column-6\">16:15<\/td>\n<\/tr>\n<\/tbody>\n<\/table>\n\n<\/div>\n<\/div><\/div><div id=\"panel-gb1879-69e05a4099219-0-0-1\" class=\"so-panel widget widget_sow-editor panel-last-child\" data-index=\"1\" ><div\n\t\t\t\n\t\t\tclass=\"so-widget-sow-editor so-widget-sow-editor-base\"\n\t\t\t\n\t\t>\n<div class=\"siteorigin-widget-tinymce textwidget\">\n\t<\/div>\n<\/div><\/div><\/div><\/div><\/div><\/div>","protected":false},"excerpt":{"rendered":"","protected":false},"author":1,"featured_media":0,"parent":0,"menu_order":0,"comment_status":"closed","ping_status":"closed","template":"","meta":{"footnotes":""},"class_list":["post-1879","page","type-page","status-publish","hentry","post"],"_links":{"self":[{"href":"https:\/\/eventos.ori-estarreja.pt\/abom2025\/wp-json\/wp\/v2\/pages\/1879","targetHints":{"allow":["GET"]}}],"collection":[{"href":"https:\/\/eventos.ori-estarreja.pt\/abom2025\/wp-json\/wp\/v2\/pages"}],"about":[{"href":"https:\/\/eventos.ori-estarreja.pt\/abom2025\/wp-json\/wp\/v2\/types\/page"}],"author":[{"embeddable":true,"href":"https:\/\/eventos.ori-estarreja.pt\/abom2025\/wp-json\/wp\/v2\/users\/1"}],"replies":[{"embeddable":true,"href":"https:\/\/eventos.ori-estarreja.pt\/abom2025\/wp-json\/wp\/v2\/comments?post=1879"}],"version-history":[{"count":3,"href":"https:\/\/eventos.ori-estarreja.pt\/abom2025\/wp-json\/wp\/v2\/pages\/1879\/revisions"}],"predecessor-version":[{"id":1901,"href":"https:\/\/eventos.ori-estarreja.pt\/abom2025\/wp-json\/wp\/v2\/pages\/1879\/revisions\/1901"}],"wp:attachment":[{"href":"https:\/\/eventos.ori-estarreja.pt\/abom2025\/wp-json\/wp\/v2\/media?parent=1879"}],"curies":[{"name":"wp","href":"https:\/\/api.w.org\/{rel}","templated":true}]}}