{"id":1242,"date":"2025-01-22T16:19:51","date_gmt":"2025-01-22T15:19:51","guid":{"rendered":"https:\/\/eventos.ori-estarreja.pt\/abom2025\/?page_id=1242"},"modified":"2025-02-20T00:34:21","modified_gmt":"2025-02-20T00:34:21","slug":"informacao-mapa","status":"publish","type":"page","link":"https:\/\/eventos.ori-estarreja.pt\/abom2025\/informacao-mapa\/","title":{"rendered":"Info Mapa de Competi\u00e7\u00e3o"},"content":{"rendered":"<div id=\"pl-gb1242-69e61b9616da4\"  class=\"panel-layout\" ><div id=\"pg-gb1242-69e61b9616da4-0\"  class=\"panel-grid panel-has-style\" ><div class=\"panel-row-style panel-row-style-for-gb1242-69e61b9616da4-0\" ><div id=\"pgc-gb1242-69e61b9616da4-0-0\"  class=\"panel-grid-cell\" ><div id=\"panel-gb1242-69e61b9616da4-0-0-0\" class=\"so-panel widget widget_sow-editor panel-first-child panel-last-child\" data-index=\"0\" ><div\n\t\t\t\n\t\t\tclass=\"so-widget-sow-editor so-widget-sow-editor-base\"\n\t\t\t\n\t\t>\n<div class=\"siteorigin-widget-tinymce textwidget\">\n\t<ul>\n<li><strong>Mapa<\/strong> &#8211; Quinta das Lameiras<\/li>\n<li><strong>Cartografia<\/strong>\n<ul>\n<li>Janne Weckman &amp; Timo Joensuu (setembro 2019 e novembro 2021)<\/li>\n<li>Rafael Miguel (atualiza\u00e7\u00e3o e revis\u00e3o em dezembro 2024)<\/li>\n<\/ul>\n<\/li>\n<li><strong>Equidist\u00e2ncia &#8211; <\/strong>5 metros<\/li>\n<\/ul>\n<\/div>\n<\/div><\/div><\/div><div id=\"pgc-gb1242-69e61b9616da4-0-1\"  class=\"panel-grid-cell\" ><div id=\"panel-gb1242-69e61b9616da4-0-1-0\" class=\"so-panel widget widget_sow-image panel-first-child panel-last-child\" data-index=\"1\" ><div\n\t\t\t\n\t\t\tclass=\"so-widget-sow-image so-widget-sow-image-default-a258e6bfa2d8-1242\"\n\t\t\t\n\t\t>\n<div class=\"sow-image-container\">\n\t\t\t<a href=\"https:\/\/eventos.ori-estarreja.pt\/abom2025\/wp-content\/uploads\/sites\/5\/2024\/09\/Quinta-das-Lameiras_sample.png\"\n\t\t\tdata-lightbox=\"8023022866f54d3a1a50f954753209\" data-lightbox-options=\"{&quot;alwaysShowNavOnTouchDevices&quot;:false,&quot;disabledOnTablet&quot;:false,&quot;disabledOnMobile&quot;:false,&quot;disableScrolling&quot;:false,&quot;overlayColor&quot;:&quot;#000&quot;,&quot;overlayOpacity&quot;:0.8,&quot;fadeDuration&quot;:600,&quot;fitImagesInViewport&quot;:true,&quot;imageFadeDuration&quot;:600,&quot;maxHeight&quot;:&quot;&quot;,&quot;maxWidth&quot;:&quot;&quot;,&quot;positionFromTop&quot;:50,&quot;resizeDuration&quot;:700,&quot;showImageNumberLabel&quot;:true,&quot;disableCaption&quot;:&quot;&quot;,&quot;wrapAround&quot;:true,&quot;albumLabel&quot;:&quot; %1 of %2&quot;}\" \t\t>\n\t\t\t<img \n\tsrc=\"https:\/\/eventos.ori-estarreja.pt\/abom2025\/wp-content\/uploads\/sites\/5\/2024\/09\/Quinta-das-Lameiras_sample.png\" width=\"1312\" height=\"525\" srcset=\"https:\/\/eventos.ori-estarreja.pt\/abom2025\/wp-content\/uploads\/sites\/5\/2024\/09\/Quinta-das-Lameiras_sample.png 1312w, https:\/\/eventos.ori-estarreja.pt\/abom2025\/wp-content\/uploads\/sites\/5\/2024\/09\/Quinta-das-Lameiras_sample-300x120.png 300w, https:\/\/eventos.ori-estarreja.pt\/abom2025\/wp-content\/uploads\/sites\/5\/2024\/09\/Quinta-das-Lameiras_sample-1024x410.png 1024w, https:\/\/eventos.ori-estarreja.pt\/abom2025\/wp-content\/uploads\/sites\/5\/2024\/09\/Quinta-das-Lameiras_sample-768x307.png 768w\" sizes=\"(max-width: 1312px) 100vw, 1312px\" title=\"Quinta das Lameiras_sample\" alt=\"\" \t\tclass=\"so-widget-image\"\/>\n\t\t\t<\/a><\/div>\n\n<\/div><\/div><\/div><\/div><\/div><div id=\"pg-gb1242-69e61b9616da4-1\"  class=\"panel-grid panel-has-style\" ><div class=\"panel-row-style panel-row-style-for-gb1242-69e61b9616da4-1\" ><div id=\"pgc-gb1242-69e61b9616da4-1-0\"  class=\"panel-grid-cell\" ><div id=\"panel-gb1242-69e61b9616da4-1-0-0\" class=\"so-panel widget widget_sow-editor panel-first-child panel-last-child\" data-index=\"2\" ><div\n\t\t\t\n\t\t\tclass=\"so-widget-sow-editor so-widget-sow-editor-base\"\n\t\t\t\n\t\t><h3 class=\"widget-title\">Terreno<\/h3>\n<div class=\"siteorigin-widget-tinymce textwidget\">\n\t<ul>\n<li>A floresta \u00e9 predominantemente composta por pinheiros (Pinus pinaster). Em algumas \u00e1reas, \u00e9 poss\u00edvel encontrar \u00e1rvores de folha caduca, como castanheiros (Castanea sativa) e carvalhos (Quercus).<\/li>\n<li>O terreno apresenta declives moderados a acentuados e grandes \u00e1reas de rocha exposta. S\u00e3o comuns forma\u00e7\u00f5es rochosas, incluindo afloramentos e fal\u00e9sias. Aten\u00e7\u00e3o: as rochas expostas (lages)\u00a0 podem estar escorregadias em fevereiro, especialmente em condi\u00e7\u00f5es h\u00famidas. Recomenda-se que os atletas considerem este fator ao escolher o cal\u00e7ado.<\/li>\n<li>Vegeta\u00e7\u00e3o rasteira e densa \u00e9 frequentemente encontrada, particularmente nos vales mais profundos. A vegeta\u00e7\u00e3o mais escura \u00e9 geralmente intranspon\u00edvel, consistindo principalmente de silvado (Rubus ulmifolius). O tojo (Genista falcata) tamb\u00e9m \u00e9 muito comum na regi\u00e3o.<\/li>\n<li>A facilidade de progress\u00e3o varia amplamente, desde \u00e1reas de corrida f\u00e1cil at\u00e9 zonas de grande dificuldade.<\/li>\n<\/ul>\n<\/div>\n<\/div><\/div><\/div><\/div><\/div><div id=\"pg-gb1242-69e61b9616da4-2\"  class=\"panel-grid panel-has-style\" ><div class=\"panel-row-style panel-row-style-for-gb1242-69e61b9616da4-2\" ><div id=\"pgc-gb1242-69e61b9616da4-2-0\"  class=\"panel-grid-cell\" ><div id=\"panel-gb1242-69e61b9616da4-2-0-0\" class=\"so-panel widget widget_sow-editor panel-first-child\" data-index=\"3\" ><div\n\t\t\t\n\t\t\tclass=\"so-widget-sow-editor so-widget-sow-editor-base\"\n\t\t\t\n\t\t><h3 class=\"widget-title\">Mapa Antigo<\/h3>\n<div class=\"siteorigin-widget-tinymce textwidget\">\n\t<\/div>\n<\/div><\/div><div id=\"panel-gb1242-69e61b9616da4-2-0-1\" class=\"so-panel widget widget_sow-image panel-last-child\" data-index=\"4\" ><div\n\t\t\t\n\t\t\tclass=\"so-widget-sow-image so-widget-sow-image-default-a258e6bfa2d8-1242\"\n\t\t\t\n\t\t>\n<div class=\"sow-image-container\">\n\t\t\t<a href=\"https:\/\/eventos.ori-estarreja.pt\/abom2025\/wp-content\/uploads\/sites\/5\/2024\/11\/Quinta-das-Lameiras-old-map.png\"\n\t\t\ttarget=\"_blank\" rel=\"noopener noreferrer\" \t\t>\n\t\t\t<img \n\tsrc=\"https:\/\/eventos.ori-estarreja.pt\/abom2025\/wp-content\/uploads\/sites\/5\/2024\/11\/Quinta-das-Lameiras-old-map.png\" width=\"3107\" height=\"2550\" srcset=\"https:\/\/eventos.ori-estarreja.pt\/abom2025\/wp-content\/uploads\/sites\/5\/2024\/11\/Quinta-das-Lameiras-old-map.png 3107w, https:\/\/eventos.ori-estarreja.pt\/abom2025\/wp-content\/uploads\/sites\/5\/2024\/11\/Quinta-das-Lameiras-old-map-300x246.png 300w, https:\/\/eventos.ori-estarreja.pt\/abom2025\/wp-content\/uploads\/sites\/5\/2024\/11\/Quinta-das-Lameiras-old-map-1024x840.png 1024w, https:\/\/eventos.ori-estarreja.pt\/abom2025\/wp-content\/uploads\/sites\/5\/2024\/11\/Quinta-das-Lameiras-old-map-768x630.png 768w, https:\/\/eventos.ori-estarreja.pt\/abom2025\/wp-content\/uploads\/sites\/5\/2024\/11\/Quinta-das-Lameiras-old-map-1536x1261.png 1536w, https:\/\/eventos.ori-estarreja.pt\/abom2025\/wp-content\/uploads\/sites\/5\/2024\/11\/Quinta-das-Lameiras-old-map-2048x1681.png 2048w\" sizes=\"(max-width: 3107px) 100vw, 3107px\" title=\"Quinta das Lameiras old map\" alt=\"\" \t\tclass=\"so-widget-image\"\/>\n\t\t\t<\/a><\/div>\n\n<\/div><\/div><\/div><\/div><\/div><\/div>\n\n\n<p><\/p>\n","protected":false},"excerpt":{"rendered":"<p>Mapa &#8211; Quinta das Lameiras Cartografia Janne Weckman &amp; Timo Joensuu (setembro 2019 e novembro 2021) Rafael Miguel (atualiza\u00e7\u00e3o e revis\u00e3o em dezembro 2024) Equidist\u00e2ncia &#8211; 5 metros A floresta \u00e9 predominantemente composta por pinheiros (Pinus pinaster). Em algumas \u00e1reas, \u00e9 poss\u00edvel encontrar \u00e1rvores de folha caduca, como castanheiros (Castanea sativa) e carvalhos (Quercus). O [&hellip;]<\/p>\n","protected":false},"author":1,"featured_media":0,"parent":0,"menu_order":0,"comment_status":"closed","ping_status":"closed","template":"","meta":{"footnotes":""},"class_list":["post-1242","page","type-page","status-publish","hentry","post"],"_links":{"self":[{"href":"https:\/\/eventos.ori-estarreja.pt\/abom2025\/wp-json\/wp\/v2\/pages\/1242","targetHints":{"allow":["GET"]}}],"collection":[{"href":"https:\/\/eventos.ori-estarreja.pt\/abom2025\/wp-json\/wp\/v2\/pages"}],"about":[{"href":"https:\/\/eventos.ori-estarreja.pt\/abom2025\/wp-json\/wp\/v2\/types\/page"}],"author":[{"embeddable":true,"href":"https:\/\/eventos.ori-estarreja.pt\/abom2025\/wp-json\/wp\/v2\/users\/1"}],"replies":[{"embeddable":true,"href":"https:\/\/eventos.ori-estarreja.pt\/abom2025\/wp-json\/wp\/v2\/comments?post=1242"}],"version-history":[{"count":7,"href":"https:\/\/eventos.ori-estarreja.pt\/abom2025\/wp-json\/wp\/v2\/pages\/1242\/revisions"}],"predecessor-version":[{"id":1847,"href":"https:\/\/eventos.ori-estarreja.pt\/abom2025\/wp-json\/wp\/v2\/pages\/1242\/revisions\/1847"}],"wp:attachment":[{"href":"https:\/\/eventos.ori-estarreja.pt\/abom2025\/wp-json\/wp\/v2\/media?parent=1242"}],"curies":[{"name":"wp","href":"https:\/\/api.w.org\/{rel}","templated":true}]}}