{"id":1031,"date":"2024-12-27T17:10:14","date_gmt":"2024-12-27T16:10:14","guid":{"rendered":"https:\/\/eventos.ori-estarreja.pt\/abom2025\/?page_id=1031"},"modified":"2024-12-27T18:00:49","modified_gmt":"2024-12-27T17:00:49","slug":"localizacao","status":"publish","type":"page","link":"https:\/\/eventos.ori-estarreja.pt\/abom2025\/localizacao\/","title":{"rendered":"Localiza\u00e7\u00e3o"},"content":{"rendered":"<div id=\"pl-gb1031-69e19997597b8\"  class=\"panel-layout\" ><div id=\"pg-gb1031-69e19997597b8-0\"  class=\"panel-grid panel-has-style\" ><div class=\"panel-row-style panel-row-style-for-gb1031-69e19997597b8-0\" ><div id=\"pgc-gb1031-69e19997597b8-0-0\"  class=\"panel-grid-cell\" ><div id=\"panel-gb1031-69e19997597b8-0-0-0\" class=\"so-panel widget widget_sow-editor panel-first-child panel-last-child\" data-index=\"0\" ><div\n\t\t\t\n\t\t\tclass=\"so-widget-sow-editor so-widget-sow-editor-base\"\n\t\t\t\n\t\t>\n<div class=\"siteorigin-widget-tinymce textwidget\">\n\t<h2>Local do Evento<\/h2>\n<p>Aguiar da Beira \u00e9 um pequeno concelho no centro de Portugal. Com uma impressionante \u00e1rea florestal, belas paisagens, monumentos hist\u00f3ricos e uma saborosa gastronomia regional, Aguiar da Beira foi introduzido \u00e0 Orienta\u00e7\u00e3o pela primeira vez em 2014. Desde ent\u00e3o, muitas provas foram realizadas na regi\u00e3o, atraindo in\u00fameros praticantes, tanto para competi\u00e7\u00f5es como para campos de treino. O evento mais importante organizado na \u00e1rea foi o <a href=\"https:\/\/jwoc2022.pt\/\" target=\"_blank\" rel=\"noopener\">Campeonato do Mundo de Orienta\u00e7\u00e3o de Juniores 2022<\/a>.<\/p>\n<\/div>\n<\/div><\/div><\/div><\/div><\/div><div id=\"pg-gb1031-69e19997597b8-1\"  class=\"panel-grid panel-has-style\" ><div class=\"panel-row-style panel-row-style-for-gb1031-69e19997597b8-1\" ><div id=\"pgc-gb1031-69e19997597b8-1-0\"  class=\"panel-grid-cell\" ><div id=\"panel-gb1031-69e19997597b8-1-0-0\" class=\"so-panel widget widget_sow-accordion panel-first-child panel-last-child\" data-index=\"1\" ><div\n\t\t\t\n\t\t\tclass=\"so-widget-sow-accordion so-widget-sow-accordion-default-c6d948dcff59-1031\"\n\t\t\t data-max-open-panels=\"0\" data-initial-scroll-panel=\"0\"\n\t\t><div>\n\t<div class=\"sow-accordion\">\n\t\t\t<div class=\"sow-accordion-panel\n\t\t sow-accordion-panel-open\t\t\t\"\n\t\t\t\tdata-anchor-id=\"localizacoes-do-evento\">\n\t\t\t\t\t<div class=\"sow-accordion-panel-header-container\" role=\"heading\" aria-level=\"2\">\n\t\t\t\t\t<div class=\"sow-accordion-panel-header\" tabindex=\"0\" role=\"button\" id=\"accordion-label-localiza%c3%a7%c3%b5es-do-evento\" aria-controls=\"accordion-content-localiza%c3%a7%c3%b5es-do-evento\" aria-expanded=\"true\">\n\t\t\t\t\t\t<div class=\"sow-accordion-title sow-accordion-title-icon-left\">\n\t\t\t\t\t\t\t\t\t\t\t\t\t\tLocaliza\u00e7\u00f5es do Evento\t\t\t\t\t\t\t\t\t\t\t\t\t<\/div>\n\t\t\t\t\t\t<div class=\"sow-accordion-open-close-button\">\n\t\t\t\t\t\t\t<div class=\"sow-accordion-open-button\">\n\t\t\t\t\t\t\t\t<span class=\"sow-icon-fontawesome sow-fas\" data-sow-icon=\"&#x2b;\"\n\t\t \n\t\taria-hidden=\"true\"><\/span>\t\t\t\t\t\t\t<\/div>\n\t\t\t\t\t\t\t<div class=\"sow-accordion-close-button\">\n\t\t\t\t\t\t\t\t<span class=\"sow-icon-fontawesome sow-fas\" data-sow-icon=\"&#xf068;\"\n\t\t \n\t\taria-hidden=\"true\"><\/span>\t\t\t\t\t\t\t<\/div>\n\t\t\t\t\t\t<\/div>\n\t\t\t\t\t<\/div>\n\t\t\t\t<\/div>\n\n\t\t\t<div\n\t\t\t\tclass=\"sow-accordion-panel-content\"\n\t\t\t\trole=\"region\"\n\t\t\t\taria-labelledby=\"accordion-label-localiza%c3%a7%c3%b5es-do-evento\"\n\t\t\t\tid=\"accordion-content-localiza%c3%a7%c3%b5es-do-evento\"\n\t\t\t\t\t\t\t>\n\t\t\t\t<div class=\"sow-accordion-panel-border\">\n\t\t\t\t\t<div id=\"pl-wa1835ea7\"  class=\"panel-layout\" ><div id=\"pg-wa1835ea7-0\"  class=\"panel-grid panel-has-style\" ><div class=\"panel-row-style panel-row-style-for-wa1835ea7-0\" ><div id=\"pgc-wa1835ea7-0-0\"  class=\"panel-grid-cell\" ><div id=\"panel-wa1835ea7-0-0-0\" class=\"so-panel widget widget_sow-editor panel-first-child\" data-index=\"0\" ><div class=\"panel-widget-style panel-widget-style-for-wa1835ea7-0-0-0\" ><div\n\t\t\t\n\t\t\tclass=\"so-widget-sow-editor so-widget-sow-editor-base\"\n\t\t\t\n\t\t>\n<div class=\"siteorigin-widget-tinymce textwidget\">\n\t<h2>Mapa Geral<\/h2>\n<\/div>\n<\/div><\/div><\/div><div id=\"panel-wa1835ea7-0-0-1\" class=\"widget_text so-panel widget widget_custom_html\" data-index=\"1\" ><div class=\"textwidget custom-html-widget\"><so-iframe src=\"https:\/\/www.google.com\/maps\/d\/u\/0\/embed?mid=1-h7T-cKy6DIyv6N2pPmgMIjMaNLL80I&#038;ehbc=2E312F\" width=100% height=\"600\"><\/so-iframe><\/div><\/div><div id=\"panel-wa1835ea7-0-0-2\" class=\"so-panel widget widget_sow-editor panel-last-child\" data-index=\"2\" ><div class=\"panel-widget-style panel-widget-style-for-wa1835ea7-0-0-2\" ><div\n\t\t\t\n\t\t\tclass=\"so-widget-sow-editor so-widget-sow-editor-base\"\n\t\t\t\n\t\t>\n<div class=\"siteorigin-widget-tinymce textwidget\">\n\t<h2>Coordenadas GPS<\/h2>\n\n<table id=\"tablepress-7\" class=\"tablepress tablepress-id-7\">\n<thead>\n<tr class=\"row-1\">\n\t<th class=\"column-1\"><span style=\"color:#FFFFFF\"><strong>Event Local<\/strong><\/span><\/th><th class=\"column-2\"><span style=\"color:#FFFFFF\"><strong><\/strong><\/span><\/th>\n<\/tr>\n<\/thead>\n<tbody class=\"row-hover\">\n<tr class=\"row-2\">\n\t<td class=\"column-1\"><strong>Model Event (Evento Modelo)<\/strong><\/td><td class=\"column-2\"><a href=\"https:\/\/maps.app.goo.gl\/KsSqh44Fgbcj7gUM6\">40.8322, -7.5777<\/a><\/td>\n<\/tr>\n<tr class=\"row-3\">\n\t<td class=\"column-1\"><strong>Arena ABOM 2025<\/strong><\/td><td class=\"column-2\"><a href=\"https:\/\/maps.app.goo.gl\/6FMgckwdKTPkxYke9\">40.7906, -7.5943<\/a><\/td>\n<\/tr>\n<tr class=\"row-4\">\n\t<td class=\"column-1\"><strong> Estacionamento Arena ABOM 2025<\/strong><\/td><td class=\"column-2\"><a href=\"https:\/\/maps.app.goo.gl\/o8GuuDVK3TypHM5C7\">40.7879, -7.5923<\/a><\/td>\n<\/tr>\n<tr class=\"row-5\">\n\t<td class=\"column-1\"><strong>Pavilh\u00e3o Municipal (Solo Duro)<\/strong><\/td><td class=\"column-2\"><a href=\"https:\/\/maps.app.goo.gl\/taxHQiEmpuzGREat8\">40.8208, -7.5389<\/a><\/td>\n<\/tr>\n<\/tbody>\n<\/table>\n\n<\/div>\n<\/div><\/div><\/div><\/div><\/div><\/div><\/div>\t\t\t\t<\/div>\n\t\t\t<\/div>\n\t\t<\/div>\n\t\t<\/div>\n<\/div>\n<\/div><\/div><\/div><\/div><\/div><div id=\"pg-gb1031-69e19997597b8-2\"  class=\"panel-grid panel-has-style\" ><div class=\"panel-row-style panel-row-style-for-gb1031-69e19997597b8-2\" ><div id=\"pgc-gb1031-69e19997597b8-2-0\"  class=\"panel-grid-cell\" ><div id=\"panel-gb1031-69e19997597b8-2-0-0\" class=\"so-panel widget widget_sow-editor panel-first-child panel-last-child\" data-index=\"2\" ><div\n\t\t\t\n\t\t\tclass=\"so-widget-sow-editor so-widget-sow-editor-base\"\n\t\t\t\n\t\t>\n<div class=\"siteorigin-widget-tinymce textwidget\">\n\t<h2>Viajar<\/h2>\n<p>A forma mais f\u00e1cil de chegar a Aguiar da Beira \u00e9 de carro. O aeroporto mais pr\u00f3ximo \u00e9 o do Porto, mas Lisboa e Madrid tamb\u00e9m podem ser boas op\u00e7\u00f5es.<\/p>\n<p>N\u00e3o h\u00e1 servi\u00e7o de comboios em Aguiar da Beira ou nas proximidades.<\/p>\n<p>Se n\u00e3o tiver carro, a <strong>Rede Expressos<\/strong> oferece um bom servi\u00e7o de autocarros.<\/p>\n<p>Existem duas op\u00e7\u00f5es para viajar para Aguiar da Beira utilizando transportes p\u00fablicos:<\/p>\n<ul>\n<li>Viajar de comboio desde o aeroporto (Porto ou Lisboa) at\u00e9 Aveiro. Depois, apanhar o autocarro para Aguiar da Beira.<\/li>\n<li>Apanhar um autocarro diretamente do Porto ou de Lisboa, fazendo toda a viagem de autocarro.<\/li>\n<\/ul>\n<p>Pode encontrar mais informa\u00e7\u00f5es sobre transportes p\u00fablicos aqui::<\/p>\n<p>Comboio: <a href=\"https:\/\/www.cp.pt\/passageiros\/en\" target=\"_blank\" rel=\"noopener\">Comboios de Portugal<\/a><br \/>\nAutocarros: <a href=\"https:\/\/rede-expressos.pt\/en\" target=\"_blank\" rel=\"noopener\">Rede Expressos<\/a><\/p>\n<\/div>\n<\/div><\/div><\/div><\/div><\/div><div id=\"pg-gb1031-69e19997597b8-3\"  class=\"panel-grid panel-has-style\" ><div class=\"panel-row-style panel-row-style-for-gb1031-69e19997597b8-3\" ><div id=\"pgc-gb1031-69e19997597b8-3-0\"  class=\"panel-grid-cell panel-grid-cell-empty\" ><\/div><div id=\"pgc-gb1031-69e19997597b8-3-1\"  class=\"panel-grid-cell panel-grid-cell-mobile-last\" ><div id=\"panel-gb1031-69e19997597b8-3-1-0\" class=\"so-panel widget widget_sow-editor panel-first-child panel-last-child\" data-index=\"3\" ><div\n\t\t\t\n\t\t\tclass=\"so-widget-sow-editor so-widget-sow-editor-base\"\n\t\t\t\n\t\t>\n<div class=\"siteorigin-widget-tinymce textwidget\">\n\t\n<table id=\"tablepress-8\" class=\"tablepress tablepress-id-8\">\n<thead>\n<tr class=\"row-1\">\n\t<th class=\"column-1\"><span style=\"color:#FFFFFF\"><strong>Dist\u00e2ncias de carro at\u00e9 Aguiar da Beira<\/strong><\/span><\/th><th class=\"column-2\"><span style=\"color:#FFFFFF\"><strong><\/strong><\/span><\/th>\n<\/tr>\n<\/thead>\n<tbody class=\"row-hover\">\n<tr class=\"row-2\">\n\t<td class=\"column-1\"><strong>Aeroporto do Porto<\/strong><\/td><td class=\"column-2\">180 km<\/td>\n<\/tr>\n<tr class=\"row-3\">\n\t<td class=\"column-1\"><strong>Aeroporto de Lisboa<\/strong><\/td><td class=\"column-2\">330 km<\/td>\n<\/tr>\n<tr class=\"row-4\">\n\t<td class=\"column-1\"><strong>Aeroporto de Madrid<\/strong><\/td><td class=\"column-2\">435 km<\/td>\n<\/tr>\n<tr class=\"row-5\">\n\t<td class=\"column-1\"><strong>Viseu (cidade mais pr\u00f3xima)<\/strong><\/td><td class=\"column-2\">42 km<\/td>\n<\/tr>\n<tr class=\"row-6\">\n\t<td class=\"column-1\"><\/td><td class=\"column-2\"><\/td>\n<\/tr>\n<\/tbody>\n<\/table>\n\n<\/div>\n<\/div><\/div><\/div><div id=\"pgc-gb1031-69e19997597b8-3-2\"  class=\"panel-grid-cell panel-grid-cell-empty\" ><\/div><\/div><\/div><div id=\"pg-gb1031-69e19997597b8-4\"  class=\"panel-grid panel-has-style\" ><div class=\"panel-row-style panel-row-style-for-gb1031-69e19997597b8-4\" ><div id=\"pgc-gb1031-69e19997597b8-4-0\"  class=\"panel-grid-cell\" ><div id=\"panel-gb1031-69e19997597b8-4-0-0\" class=\"so-panel widget widget_sow-editor panel-first-child panel-last-child\" data-index=\"4\" ><div\n\t\t\t\n\t\t\tclass=\"so-widget-sow-editor so-widget-sow-editor-base\"\n\t\t\t\n\t\t>\n<div class=\"siteorigin-widget-tinymce textwidget\">\n\t<h2>Op\u00e7\u00e3o de Transfer Personalizado<\/h2>\n<p>A organiza\u00e7\u00e3o n\u00e3o oferecer\u00e1 servi\u00e7o de transfer de e para os aeroportos. No entanto, existe uma empresa de viagens em Aguiar da Beira que pode providenciar este servi\u00e7o.<\/p>\n<p>Se estiver interessado, contacte diretamente a Viagens Victor Correia por e-mail (em portugu\u00eas, ingl\u00eas ou franc\u00eas) para: <a href=\"mailto:viagensvictorcorreia@gmail.com\" target=\"_blank\" rel=\"noopener noreferrer\">viagensvictorcorreia@gmail.com<\/a>.<\/p>\n<\/div>\n<\/div><\/div><\/div><div id=\"pgc-gb1031-69e19997597b8-4-1\"  class=\"panel-grid-cell\" ><div id=\"panel-gb1031-69e19997597b8-4-1-0\" class=\"so-panel widget widget_sow-image panel-first-child panel-last-child\" data-index=\"5\" ><div\n\t\t\t\n\t\t\tclass=\"so-widget-sow-image so-widget-sow-image-default-a258e6bfa2d8-1031\"\n\t\t\t\n\t\t>\n<div class=\"sow-image-container\">\n\t\t<img \n\tsrc=\"https:\/\/eventos.ori-estarreja.pt\/abom2025\/wp-content\/uploads\/sites\/5\/2024\/06\/ViagensVC_Logo_Slider.png\" width=\"400\" height=\"200\" srcset=\"https:\/\/eventos.ori-estarreja.pt\/abom2025\/wp-content\/uploads\/sites\/5\/2024\/06\/ViagensVC_Logo_Slider.png 400w, https:\/\/eventos.ori-estarreja.pt\/abom2025\/wp-content\/uploads\/sites\/5\/2024\/06\/ViagensVC_Logo_Slider-300x150.png 300w\" sizes=\"(max-width: 400px) 100vw, 400px\" alt=\"\" \t\tclass=\"so-widget-image\"\/>\n\t<\/div>\n\n<\/div><\/div><\/div><\/div><\/div><\/div>\n\n\n<p><\/p>\n","protected":false},"excerpt":{"rendered":"<p>Local do Evento Aguiar da Beira \u00e9 um pequeno concelho no centro de Portugal. Com uma impressionante \u00e1rea florestal, belas paisagens, monumentos hist\u00f3ricos e uma saborosa gastronomia regional, Aguiar da Beira foi introduzido \u00e0 Orienta\u00e7\u00e3o pela primeira vez em 2014. Desde ent\u00e3o, muitas provas foram realizadas na regi\u00e3o, atraindo in\u00fameros praticantes, tanto para competi\u00e7\u00f5es como [&hellip;]<\/p>\n","protected":false},"author":1,"featured_media":0,"parent":0,"menu_order":0,"comment_status":"closed","ping_status":"closed","template":"","meta":{"footnotes":""},"class_list":["post-1031","page","type-page","status-publish","hentry","post"],"_links":{"self":[{"href":"https:\/\/eventos.ori-estarreja.pt\/abom2025\/wp-json\/wp\/v2\/pages\/1031","targetHints":{"allow":["GET"]}}],"collection":[{"href":"https:\/\/eventos.ori-estarreja.pt\/abom2025\/wp-json\/wp\/v2\/pages"}],"about":[{"href":"https:\/\/eventos.ori-estarreja.pt\/abom2025\/wp-json\/wp\/v2\/types\/page"}],"author":[{"embeddable":true,"href":"https:\/\/eventos.ori-estarreja.pt\/abom2025\/wp-json\/wp\/v2\/users\/1"}],"replies":[{"embeddable":true,"href":"https:\/\/eventos.ori-estarreja.pt\/abom2025\/wp-json\/wp\/v2\/comments?post=1031"}],"version-history":[{"count":10,"href":"https:\/\/eventos.ori-estarreja.pt\/abom2025\/wp-json\/wp\/v2\/pages\/1031\/revisions"}],"predecessor-version":[{"id":1045,"href":"https:\/\/eventos.ori-estarreja.pt\/abom2025\/wp-json\/wp\/v2\/pages\/1031\/revisions\/1045"}],"wp:attachment":[{"href":"https:\/\/eventos.ori-estarreja.pt\/abom2025\/wp-json\/wp\/v2\/media?parent=1031"}],"curies":[{"name":"wp","href":"https:\/\/api.w.org\/{rel}","templated":true}]}}